{"id":15771118,"date":"2026-05-05T15:00:29","date_gmt":"2026-05-05T15:00:29","guid":{"rendered":"https:\/\/adf-systemes.fr\/?post_type=product&#038;p=15771118"},"modified":"2026-05-05T15:07:39","modified_gmt":"2026-05-05T15:07:39","slug":"nexus-led-110-waterproof-light-and-siren-combo-copie-copie","status":"publish","type":"product","link":"https:\/\/adf-systemes.fr\/en\/produit\/nexus-led-110-waterproof-light-and-siren-combo-copie-copie\/","title":{"rendered":"NEXUS LED 110 waterproof light and siren combo (Copie) (Copie)"},"content":{"rendered":"<p>The new NEXUS 110 LED <a href=\"https:\/\/adf-systemes.fr\/en\/audible-and-visual-warning\/industrial-sound-and-light-signalling\/\">sound and light combination <\/a>features more powerful 2nd generation LEDs and a maximum sound power of 116 dB.<br \/>\nIt can be installed in noisy areas where the visual signal complements the audible signal. It is designed for your type of alarm: <\/p>\n<ul>\n<li>Process fault<\/li>\n<li>Gas and\/or fire detection<\/li>\n<\/ul>\n<p>Specifically for industrial and tertiary environments, both indoors and out.<\/p>\n<h3 id=''  id=\"boomdevs_1\"><\/h3>\n<h3 id='documents-to-download'  id=\"boomdevs_2\"><strong>Documents to download  <\/strong><\/h3>\n<ul>\n<li><a href=\"https:\/\/documentation.adf-systemes.fr\/sonore_et_optique\/combi_nexus_2\/nexus_led_110\/ADF_FT_Combi_nexus_II_LED_110_V1.pdf\" target=\"_blank\" rel=\"noopener noreferrer\"><strong><b>French data sheet<\/b><\/strong><\/a><\/li>\n<li><strong><a href=\"https:\/\/documentation.adf-systemes.fr\/sonore_et_optique\/combi_nexus_2\/nexus_led_110\/FT_Anglais_NEXUS_110_LED_VDC.pdf\">English data sheet Vcc version<\/a><\/strong><b><\/b><\/li>\n<li><strong><a href=\"https:\/\/documentation.adf-systemes.fr\/sonore_et_optique\/combi_nexus_2\/nexus_led_110\/FT_Anglais_NEXUS_110_LED_VAC.pdf\">Vca version data sheet<\/a><\/strong><\/li>\n<li><strong><a href=\"https:\/\/documentation.adf-systemes.fr\/sonore_et_optique\/combi_nexus_2\/nexus_led_110\/manuel_installation_nexus_II_LED_110_VCC.pdf\">Installation instructions Vcc version<\/a><\/strong><\/li>\n<li><strong><a href=\"https:\/\/documentation.adf-systemes.fr\/sonore_et_optique\/combi_nexus_2\/nexus_led_110\/manuel_installation_nexus_II_LED_110_VCA.pdf\">Installation instructions Vac version<\/a><\/strong><\/li>\n<li><strong><a href=\"https:\/\/documentation.adf-systemes.fr\/sonore_et_optique\/combi_nexus\/logiciel_nexus_voice.zip\">Voice programming software<\/a><\/strong><\/li>\n<li><strong><a href=\"https:\/\/documentation.adf-systemes.fr\/sonore_et_optique\/combi_nexus_2\/nexus_led_110\/CE%20-Nexus%20110%20LED%20II%20Vca%20-%20PNCA1000.pdf\">Vca version CE certificate<\/a><\/strong><\/li>\n<li><strong><a href=\"https:\/\/documentation.adf-systemes.fr\/sonore_et_optique\/combi_nexus_2\/nexus_led_110\/CE%20-Nexus%20110%20LED%20II%20Vcc%20-%20PNCA2000.pdf\">CE certificate Vcc version<\/a><\/strong><\/li>\n<\/ul>\n","protected":false},"excerpt":{"rendered":"<p>116 dB(A) @1m (variable)<br \/>\n2nd generation LED fixed, single flash or double flash modes<br \/>\n3 controllable sounds (Vcc) &#8211; <strong><a href=\"https:\/\/www.klaxonsignals.com\/sound-library\">List of available sounds<\/a><\/strong><br \/>\nIP66 PROTECTION<\/p>\n","protected":false},"featured_media":15771116,"comment_status":"closed","ping_status":"closed","template":"","meta":{"_acf_changed":false,"_et_pb_use_builder":"off","_et_pb_old_content":"Les combin\u00e9s sonores et lumineux industriels NEXUS X\u00e9non ou LED disposent d\u2019un feu flash de 5 Joules ou \u00e9quivalent LED et d\u2019une puissance sonore de 105 \u00e0 120 dB max (variable selon le son s\u00e9lectionn\u00e9). Ils permettent une installation en zone bruyante o\u00f9 le signal visuel compl\u00e8te le signal sonore.\r\nIls sont con\u00e7us pour vos alarmes de type :\r\n<ul>\r\n \t<li>D\u00e9faut process<\/li>\r\n \t<li>D\u00e9tection gaz<\/li>\r\n<\/ul>\r\nSp\u00e9cifiques pour les environnements industriels et tertiaires.\r\n<h3><\/h3>\r\n<h3><strong>Fiche technique en fran\u00e7ais<\/strong><\/h3>\r\n<ul>\r\n \t<li><a href=\"https:\/\/adfpdf.s3.eu-west-1.amazonaws.com\/5+-+SIGNALISATION+OPTIQUE+ET+SONORE\/2+-+INDUSTRIELLE\/2+-+Combin%C3%A9+sir%C3%A8ne+et+feu+%C3%A9tanche+NEXUS\/ADF_FT+Combin%C3%A9+sonore+et+lumineux+NEXUS+V3.pdf\" target=\"_blank\" rel=\"noopener noreferrer\"><strong><b>Fiche technique en fran\u00e7ais<\/b><\/strong><\/a><\/li>\r\n \t<li><strong><a href=\"https:\/\/adfpdf.s3-eu-west-1.amazonaws.com\/5+-+SIGNALISATION+OPTIQUE+ET+SONORE\/2+-+INDUSTRIELLE\/2+-+Combin%C3%A9+sir%C3%A8ne+et+feu+%C3%A9tanche+NEXUS\/Fiche+technique+en+anglais+105.pdf\">Fiche technique en anglais 105<\/a><\/strong><\/li>\r\n \t<li><strong><a href=\"https:\/\/adfpdf.s3-eu-west-1.amazonaws.com\/5+-+SIGNALISATION+OPTIQUE+ET+SONORE\/2+-+INDUSTRIELLE\/2+-+Combin%C3%A9+sir%C3%A8ne+et+feu+%C3%A9tanche+NEXUS\/Fiche+technique+en+anglais+110.pdf\">Fiche technique en anglais 110<\/a><\/strong><\/li>\r\n \t<li><strong><a href=\"https:\/\/adfpdf.s3-eu-west-1.amazonaws.com\/5+-+SIGNALISATION+OPTIQUE+ET+SONORE\/2+-+INDUSTRIELLE\/2+-+Combin%C3%A9+sir%C3%A8ne+et+feu+%C3%A9tanche+NEXUS\/Fiche+technique+en+anglais+120.pdf\">Fiche technique en anglais 120<\/a><\/strong><\/li>\r\n \t<li><strong><b><a href=\"https:\/\/adfpdf.s3-eu-west-1.amazonaws.com\/5+-+SIGNALISATION+OPTIQUE+ET+SONORE\/2+-+INDUSTRIELLE\/2+-+Combin%C3%A9+sir%C3%A8ne+et+feu+%C3%A9tanche+NEXUS\/Instructions+d'installation+105+Vca.pdf\" target=\"_blank\" rel=\"noopener noreferrer\">Instructions d'installation 105 Vca<\/a><\/b><\/strong><\/li>\r\n \t<li><strong><a href=\"https:\/\/adfpdf.s3-eu-west-1.amazonaws.com\/5+-+SIGNALISATION+OPTIQUE+ET+SONORE\/2+-+INDUSTRIELLE\/2+-+Combin%C3%A9+sir%C3%A8ne+et+feu+%C3%A9tanche+NEXUS\/Instructions+d'installation+105+Vcc.pdf\">Instructions d'installation 105 Vcc<\/a><\/strong><\/li>\r\n \t<li><strong><a href=\"https:\/\/adfpdf.s3-eu-west-1.amazonaws.com\/5+-+SIGNALISATION+OPTIQUE+ET+SONORE\/2+-+INDUSTRIELLE\/2+-+Combin%C3%A9+sir%C3%A8ne+et+feu+%C3%A9tanche+NEXUS\/Instructions+d'installation+105+Vca.pdf\">Instructions d'installation 110 Vca<\/a><\/strong><\/li>\r\n \t<li><strong><a href=\"https:\/\/adfpdf.s3-eu-west-1.amazonaws.com\/5+-+SIGNALISATION+OPTIQUE+ET+SONORE\/2+-+INDUSTRIELLE\/2+-+Combin%C3%A9+sir%C3%A8ne+et+feu+%C3%A9tanche+NEXUS\/Instructions+d'installation+105+Vcc.pdf\">Instructions d'installation 110 Vcc<\/a><\/strong><\/li>\r\n \t<li><a href=\"https:\/\/adfpdf.s3-eu-west-1.amazonaws.com\/5+-+SIGNALISATION+OPTIQUE+ET+SONORE\/2+-+INDUSTRIELLE\/2+-+Combin%C3%A9+sir%C3%A8ne+et+feu+%C3%A9tanche+NEXUS\/Instructions+d'installation+120+Vca.pdf\" target=\"_blank\" rel=\"noopener noreferrer\"><strong><b>Instructions d'installation 120 Vac<\/b><\/strong><\/a><\/li>\r\n \t<li><strong><a href=\"https:\/\/adfpdf.s3-eu-west-1.amazonaws.com\/5+-+SIGNALISATION+OPTIQUE+ET+SONORE\/2+-+INDUSTRIELLE\/2+-+Combin%C3%A9+sir%C3%A8ne+et+feu+%C3%A9tanche+NEXUS\/Instructions+d'installation+120+Vcc.pdf\">Instructions d'installation 120 Vcc<\/a><\/strong><\/li>\r\n<\/ul>","_et_gb_content_width":""},"product_brand":[],"product_cat":[733,734,750,735],"product_tag":[],"class_list":{"0":"post-15771118","1":"product","2":"type-product","3":"status-publish","4":"has-post-thumbnail","6":"product_cat-horn-optics","7":"product_cat-industrial-sound-and-optics-combiner","8":"product_cat-klaxon-signals","9":"product_cat-sound-and-optics-not-atex-certified","11":"first","12":"instock","13":"shipping-taxable","14":"product-type-simple"},"acf":[],"yoast_head":"<!-- This site is optimized with the Yoast SEO plugin v27.5 - https:\/\/yoast.com\/product\/yoast-seo-wordpress\/ -->\n<title>NEXUS LED 110 waterproof light and siren combo (Copie) (Copie) -<\/title>\n<meta name=\"description\" content=\"The new NEXUS 110 LED waterproof light and sound combo features more powerful 2nd generation LEDs and a maximum sound power of 116 dB.\" \/>\n<meta name=\"robots\" content=\"index, follow, max-snippet:-1, max-image-preview:large, max-video-preview:-1\" \/>\n<link rel=\"canonical\" href=\"https:\/\/adf-systemes.fr\/en\/produit\/nexus-led-110-waterproof-light-and-siren-combo-copie-copie\/\" \/>\n<meta property=\"og:locale\" content=\"en_US\" \/>\n<meta property=\"og:type\" content=\"article\" \/>\n<meta property=\"og:title\" content=\"NEXUS LED 110 waterproof light and siren combo (Copie) (Copie) -\" \/>\n<meta property=\"og:description\" content=\"The new NEXUS 110 LED waterproof light and sound combo features more powerful 2nd generation LEDs and a maximum sound power of 116 dB.\" \/>\n<meta property=\"og:url\" content=\"https:\/\/adf-systemes.fr\/en\/produit\/nexus-led-110-waterproof-light-and-siren-combo-copie-copie\/\" \/>\n<meta property=\"og:site_name\" content=\"ADF Syst\u00e8mes\" \/>\n<meta property=\"article:modified_time\" content=\"2026-05-05T15:07:39+00:00\" \/>\n<meta property=\"og:image\" content=\"https:\/\/adf-systemes.fr\/wp-content\/uploads\/2026\/05\/nexus-pulse-105-110.webp\" \/>\n\t<meta property=\"og:image:width\" content=\"518\" \/>\n\t<meta property=\"og:image:height\" content=\"420\" \/>\n\t<meta property=\"og:image:type\" content=\"image\/webp\" \/>\n<meta name=\"twitter:card\" content=\"summary_large_image\" \/>\n<script type=\"application\/ld+json\" class=\"yoast-schema-graph\">{\"@context\":\"https:\\\/\\\/schema.org\",\"@graph\":[{\"@type\":\"WebPage\",\"@id\":\"https:\\\/\\\/adf-systemes.fr\\\/en\\\/produit\\\/nexus-led-110-waterproof-light-and-siren-combo-copie-copie\\\/\",\"url\":\"https:\\\/\\\/adf-systemes.fr\\\/en\\\/produit\\\/nexus-led-110-waterproof-light-and-siren-combo-copie-copie\\\/\",\"name\":\"NEXUS LED 110 waterproof light and siren combo (Copie) (Copie) -\",\"isPartOf\":{\"@id\":\"https:\\\/\\\/adf-systemes.fr\\\/en\\\/#website\"},\"primaryImageOfPage\":{\"@id\":\"https:\\\/\\\/adf-systemes.fr\\\/en\\\/produit\\\/nexus-led-110-waterproof-light-and-siren-combo-copie-copie\\\/#primaryimage\"},\"image\":{\"@id\":\"https:\\\/\\\/adf-systemes.fr\\\/en\\\/produit\\\/nexus-led-110-waterproof-light-and-siren-combo-copie-copie\\\/#primaryimage\"},\"thumbnailUrl\":\"https:\\\/\\\/adf-systemes.fr\\\/wp-content\\\/uploads\\\/2026\\\/05\\\/nexus-pulse-105-110.webp\",\"datePublished\":\"2026-05-05T15:00:29+00:00\",\"dateModified\":\"2026-05-05T15:07:39+00:00\",\"description\":\"The new NEXUS 110 LED waterproof light and sound combo features more powerful 2nd generation LEDs and a maximum sound power of 116 dB.\",\"breadcrumb\":{\"@id\":\"https:\\\/\\\/adf-systemes.fr\\\/en\\\/produit\\\/nexus-led-110-waterproof-light-and-siren-combo-copie-copie\\\/#breadcrumb\"},\"inLanguage\":\"en-US\",\"potentialAction\":[{\"@type\":\"ReadAction\",\"target\":[\"https:\\\/\\\/adf-systemes.fr\\\/en\\\/produit\\\/nexus-led-110-waterproof-light-and-siren-combo-copie-copie\\\/\"]}]},{\"@type\":\"ImageObject\",\"inLanguage\":\"en-US\",\"@id\":\"https:\\\/\\\/adf-systemes.fr\\\/en\\\/produit\\\/nexus-led-110-waterproof-light-and-siren-combo-copie-copie\\\/#primaryimage\",\"url\":\"https:\\\/\\\/adf-systemes.fr\\\/wp-content\\\/uploads\\\/2026\\\/05\\\/nexus-pulse-105-110.webp\",\"contentUrl\":\"https:\\\/\\\/adf-systemes.fr\\\/wp-content\\\/uploads\\\/2026\\\/05\\\/nexus-pulse-105-110.webp\",\"width\":518,\"height\":420,\"caption\":\"nexus pulse 105 & 110\"},{\"@type\":\"BreadcrumbList\",\"@id\":\"https:\\\/\\\/adf-systemes.fr\\\/en\\\/produit\\\/nexus-led-110-waterproof-light-and-siren-combo-copie-copie\\\/#breadcrumb\",\"itemListElement\":[{\"@type\":\"ListItem\",\"position\":1,\"name\":\"Accueil\",\"item\":\"https:\\\/\\\/adf-systemes.fr\\\/en\\\/\"},{\"@type\":\"ListItem\",\"position\":2,\"name\":\"Shop\",\"item\":\"https:\\\/\\\/adf-systemes.fr\\\/en\\\/shop\\\/\"},{\"@type\":\"ListItem\",\"position\":3,\"name\":\"NEXUS LED 110 waterproof light and siren combo (Copie) (Copie)\"}]},{\"@type\":\"WebSite\",\"@id\":\"https:\\\/\\\/adf-systemes.fr\\\/en\\\/#website\",\"url\":\"https:\\\/\\\/adf-systemes.fr\\\/en\\\/\",\"name\":\"ADF Syst\u00e8mes\",\"description\":\"Le sp\u00e9cialiste des solutions de pr\u00e9vention des risques industriels et ATEX\",\"potentialAction\":[{\"@type\":\"SearchAction\",\"target\":{\"@type\":\"EntryPoint\",\"urlTemplate\":\"https:\\\/\\\/adf-systemes.fr\\\/en\\\/?s={search_term_string}\"},\"query-input\":{\"@type\":\"PropertyValueSpecification\",\"valueRequired\":true,\"valueName\":\"search_term_string\"}}],\"inLanguage\":\"en-US\"}]}<\/script>\n<!-- \/ Yoast SEO plugin. -->","yoast_head_json":{"title":"NEXUS LED 110 waterproof light and siren combo (Copie) (Copie) -","description":"The new NEXUS 110 LED waterproof light and sound combo features more powerful 2nd generation LEDs and a maximum sound power of 116 dB.","robots":{"index":"index","follow":"follow","max-snippet":"max-snippet:-1","max-image-preview":"max-image-preview:large","max-video-preview":"max-video-preview:-1"},"canonical":"https:\/\/adf-systemes.fr\/en\/produit\/nexus-led-110-waterproof-light-and-siren-combo-copie-copie\/","og_locale":"en_US","og_type":"article","og_title":"NEXUS LED 110 waterproof light and siren combo (Copie) (Copie) -","og_description":"The new NEXUS 110 LED waterproof light and sound combo features more powerful 2nd generation LEDs and a maximum sound power of 116 dB.","og_url":"https:\/\/adf-systemes.fr\/en\/produit\/nexus-led-110-waterproof-light-and-siren-combo-copie-copie\/","og_site_name":"ADF Syst\u00e8mes","article_modified_time":"2026-05-05T15:07:39+00:00","og_image":[{"width":518,"height":420,"url":"https:\/\/adf-systemes.fr\/wp-content\/uploads\/2026\/05\/nexus-pulse-105-110.webp","type":"image\/webp"}],"twitter_card":"summary_large_image","schema":{"@context":"https:\/\/schema.org","@graph":[{"@type":"WebPage","@id":"https:\/\/adf-systemes.fr\/en\/produit\/nexus-led-110-waterproof-light-and-siren-combo-copie-copie\/","url":"https:\/\/adf-systemes.fr\/en\/produit\/nexus-led-110-waterproof-light-and-siren-combo-copie-copie\/","name":"NEXUS LED 110 waterproof light and siren combo (Copie) (Copie) -","isPartOf":{"@id":"https:\/\/adf-systemes.fr\/en\/#website"},"primaryImageOfPage":{"@id":"https:\/\/adf-systemes.fr\/en\/produit\/nexus-led-110-waterproof-light-and-siren-combo-copie-copie\/#primaryimage"},"image":{"@id":"https:\/\/adf-systemes.fr\/en\/produit\/nexus-led-110-waterproof-light-and-siren-combo-copie-copie\/#primaryimage"},"thumbnailUrl":"https:\/\/adf-systemes.fr\/wp-content\/uploads\/2026\/05\/nexus-pulse-105-110.webp","datePublished":"2026-05-05T15:00:29+00:00","dateModified":"2026-05-05T15:07:39+00:00","description":"The new NEXUS 110 LED waterproof light and sound combo features more powerful 2nd generation LEDs and a maximum sound power of 116 dB.","breadcrumb":{"@id":"https:\/\/adf-systemes.fr\/en\/produit\/nexus-led-110-waterproof-light-and-siren-combo-copie-copie\/#breadcrumb"},"inLanguage":"en-US","potentialAction":[{"@type":"ReadAction","target":["https:\/\/adf-systemes.fr\/en\/produit\/nexus-led-110-waterproof-light-and-siren-combo-copie-copie\/"]}]},{"@type":"ImageObject","inLanguage":"en-US","@id":"https:\/\/adf-systemes.fr\/en\/produit\/nexus-led-110-waterproof-light-and-siren-combo-copie-copie\/#primaryimage","url":"https:\/\/adf-systemes.fr\/wp-content\/uploads\/2026\/05\/nexus-pulse-105-110.webp","contentUrl":"https:\/\/adf-systemes.fr\/wp-content\/uploads\/2026\/05\/nexus-pulse-105-110.webp","width":518,"height":420,"caption":"nexus pulse 105 & 110"},{"@type":"BreadcrumbList","@id":"https:\/\/adf-systemes.fr\/en\/produit\/nexus-led-110-waterproof-light-and-siren-combo-copie-copie\/#breadcrumb","itemListElement":[{"@type":"ListItem","position":1,"name":"Accueil","item":"https:\/\/adf-systemes.fr\/en\/"},{"@type":"ListItem","position":2,"name":"Shop","item":"https:\/\/adf-systemes.fr\/en\/shop\/"},{"@type":"ListItem","position":3,"name":"NEXUS LED 110 waterproof light and siren combo (Copie) (Copie)"}]},{"@type":"WebSite","@id":"https:\/\/adf-systemes.fr\/en\/#website","url":"https:\/\/adf-systemes.fr\/en\/","name":"ADF Syst\u00e8mes","description":"Le sp\u00e9cialiste des solutions de pr\u00e9vention des risques industriels et ATEX","potentialAction":[{"@type":"SearchAction","target":{"@type":"EntryPoint","urlTemplate":"https:\/\/adf-systemes.fr\/en\/?s={search_term_string}"},"query-input":{"@type":"PropertyValueSpecification","valueRequired":true,"valueName":"search_term_string"}}],"inLanguage":"en-US"}]}},"_links":{"self":[{"href":"https:\/\/adf-systemes.fr\/en\/wp-json\/wp\/v2\/product\/15771118","targetHints":{"allow":["GET"]}}],"collection":[{"href":"https:\/\/adf-systemes.fr\/en\/wp-json\/wp\/v2\/product"}],"about":[{"href":"https:\/\/adf-systemes.fr\/en\/wp-json\/wp\/v2\/types\/product"}],"replies":[{"embeddable":true,"href":"https:\/\/adf-systemes.fr\/en\/wp-json\/wp\/v2\/comments?post=15771118"}],"wp:featuredmedia":[{"embeddable":true,"href":"https:\/\/adf-systemes.fr\/en\/wp-json\/wp\/v2\/media\/15771116"}],"wp:attachment":[{"href":"https:\/\/adf-systemes.fr\/en\/wp-json\/wp\/v2\/media?parent=15771118"}],"wp:term":[{"taxonomy":"product_brand","embeddable":true,"href":"https:\/\/adf-systemes.fr\/en\/wp-json\/wp\/v2\/product_brand?post=15771118"},{"taxonomy":"product_cat","embeddable":true,"href":"https:\/\/adf-systemes.fr\/en\/wp-json\/wp\/v2\/product_cat?post=15771118"},{"taxonomy":"product_tag","embeddable":true,"href":"https:\/\/adf-systemes.fr\/en\/wp-json\/wp\/v2\/product_tag?post=15771118"}],"curies":[{"name":"wp","href":"https:\/\/api.w.org\/{rel}","templated":true}]}}