{"id":15770975,"date":"2026-04-21T09:32:57","date_gmt":"2026-04-21T09:32:57","guid":{"rendered":"https:\/\/adf-systemes.fr\/?post_type=product&#038;p=15770975"},"modified":"2026-04-21T09:47:19","modified_gmt":"2026-04-21T09:47:19","slug":"firecat-fire-smoke-detectors-copie-copie","status":"publish","type":"product","link":"https:\/\/adf-systemes.fr\/en\/produit\/firecat-fire-smoke-detectors-copie-copie\/","title":{"rendered":"FIRECAT fire &amp; smoke detectors (Copie) (Copie)"},"content":{"rendered":"<p>[et_pb_section fb_built=&#8221;1&#8243; _builder_version=&#8221;4.16&#8243; custom_padding=&#8221;0px||||false|false&#8221; global_colors_info=&#8221;{}&#8221;][et_pb_row _builder_version=&#8221;4.16&#8243; background_size=&#8221;initial&#8221; background_position=&#8221;top_left&#8221; background_repeat=&#8221;repeat&#8221; width=&#8221;100%&#8221; custom_padding=&#8221;0px||0px||false|false&#8221; global_colors_info=&#8221;{}&#8221;][et_pb_column type=&#8221;4_4&#8243; _builder_version=&#8221;4.16&#8243; custom_padding=&#8221;|||&#8221; global_colors_info=&#8221;{}&#8221; custom_padding__hover=&#8221;|||&#8221;][et_pb_wc_breadcrumb _builder_version=&#8221;4.16&#8243; global_colors_info=&#8221;{}&#8221;][\/et_pb_wc_breadcrumb][et_pb_wc_cart_notice _builder_version=&#8221;4.16&#8243; global_colors_info=&#8221;{}&#8221;][\/et_pb_wc_cart_notice][\/et_pb_column][\/et_pb_row][et_pb_row column_structure=&#8221;1_2,1_2&#8243; _builder_version=&#8221;4.16&#8243; background_size=&#8221;initial&#8221; background_position=&#8221;top_left&#8221; background_repeat=&#8221;repeat&#8221; width=&#8221;100%&#8221; custom_padding=&#8221;0px||||false|false&#8221; global_colors_info=&#8221;{}&#8221;][et_pb_column type=&#8221;1_2&#8243; _builder_version=&#8221;4.16&#8243; custom_padding=&#8221;|||&#8221; global_colors_info=&#8221;{}&#8221; custom_padding__hover=&#8221;|||&#8221;][et_pb_wc_images _builder_version=&#8221;4.16&#8243; global_colors_info=&#8221;{}&#8221;][\/et_pb_wc_images][\/et_pb_column][et_pb_column type=&#8221;1_2&#8243; _builder_version=&#8221;4.16&#8243; custom_padding=&#8221;|||&#8221; global_colors_info=&#8221;{}&#8221; custom_padding__hover=&#8221;|||&#8221;][et_pb_wc_title _builder_version=&#8221;4.16&#8243; global_colors_info=&#8221;{}&#8221;][\/et_pb_wc_title][et_pb_wc_rating _builder_version=&#8221;4.16&#8243; global_colors_info=&#8221;{}&#8221;][\/et_pb_wc_rating][et_pb_wc_price _builder_version=&#8221;4.16&#8243; global_colors_info=&#8221;{}&#8221;][\/et_pb_wc_price][et_pb_wc_description _builder_version=&#8221;4.16&#8243; global_colors_info=&#8221;{}&#8221;][\/et_pb_wc_description][et_pb_button button_url=&#8221;http:\/\/cdelestang-adf-systemes-fr.majoliedemo.com\/6459-demandez-un-devis-gratuit?neo_campaign=diagnostic-gratuit&amp;neo_medium=click_popup&amp;uuid=35ac564b-0391-4214-b864-85852ae6315a&#8221; button_text=&#8221;Demander un devis&#8221; _builder_version=&#8221;4.16&#8243; custom_button=&#8221;on&#8221; button_bg_color=&#8221;#d7392e&#8221; button_border_width=&#8221;2px&#8221; button_border_color=&#8221;#d7392e&#8221; button_border_radius=&#8221;0px&#8221; background_layout=&#8221;dark&#8221; box_shadow_style=&#8221;preset1&#8243; locked=&#8221;off&#8221; global_colors_info=&#8221;{}&#8221;][\/et_pb_button][et_pb_wc_add_to_cart _builder_version=&#8221;4.16&#8243; global_colors_info=&#8221;{}&#8221;][\/et_pb_wc_add_to_cart][et_pb_wc_meta _builder_version=&#8221;4.16&#8243; global_colors_info=&#8221;{}&#8221;][\/et_pb_wc_meta][\/et_pb_column][\/et_pb_row][et_pb_row _builder_version=&#8221;4.16&#8243; background_size=&#8221;initial&#8221; background_position=&#8221;top_left&#8221; background_repeat=&#8221;repeat&#8221; width=&#8221;100%&#8221; global_colors_info=&#8221;{}&#8221;][et_pb_column type=&#8221;4_4&#8243; _builder_version=&#8221;4.16&#8243; custom_padding=&#8221;|||&#8221; global_colors_info=&#8221;{}&#8221; custom_padding__hover=&#8221;|||&#8221;][et_pb_wc_tabs active_tab_background_color=&#8221;#d7392e&#8221; active_tab_text_color=&#8221;#ffffff&#8221; _builder_version=&#8221;4.16&#8243; tab_font=&#8221;|700|||||||&#8221; tab_font_size=&#8221;16px&#8221; global_colors_info=&#8221;{}&#8221;]\t\t\t\t\t[\/et_pb_wc_tabs][et_pb_wc_upsells admin_label=&#8221;Vente incitative de produits Woo&#8221; _builder_version=&#8221;4.16&#8243; global_colors_info=&#8221;{}&#8221;][\/et_pb_wc_upsells][et_pb_wc_related_products _builder_version=&#8221;4.16&#8243; border_width_all_image=&#8221;1px&#8221; global_colors_info=&#8221;{}&#8221;][\/et_pb_wc_related_products][\/et_pb_column][\/et_pb_row][et_pb_row _builder_version=&#8221;4.16&#8243; width=&#8221;100%&#8221; locked=&#8221;off&#8221; global_colors_info=&#8221;{}&#8221;][et_pb_column type=&#8221;4_4&#8243; _builder_version=&#8221;4.16&#8243; global_colors_info=&#8221;{}&#8221;][et_pb_text _builder_version=&#8221;4.16&#8243; header_2_font=&#8221;|600|||||||&#8221; header_2_text_color=&#8221;#d7392e&#8221; global_colors_info=&#8221;{}&#8221;]<\/p>\n<h2 id='b\u00e9n\u00e9ficiez-d-un-accompagnement-sur-mesure-dans-le-choix-de-vos-solutions'  id=\"boomdevs_1\">B\u00c9N\u00c9FICIEZ D\u2019UN ACCOMPAGNEMENT SUR MESURE DANS LE CHOIX DE VOS SOLUTIONS<\/h2>\n<p>[\/et_pb_text][\/et_pb_column][\/et_pb_row][et_pb_row column_structure=&#8221;1_3,1_3,1_3&#8243; _builder_version=&#8221;4.16&#8243; width=&#8221;100%&#8221; max_width=&#8221;1126px&#8221; use_custom_width=&#8221;on&#8221; width_unit=&#8221;off&#8221; locked=&#8221;off&#8221; global_colors_info=&#8221;{}&#8221;][et_pb_column type=&#8221;1_3&#8243; _builder_version=&#8221;4.16&#8243; custom_padding=&#8221;10px|10px|10px|10px|true|false&#8221; custom_css_main_element=&#8221;height:337px&#8221; border_width_all=&#8221;1px&#8221; box_shadow_style=&#8221;preset4&#8243; global_colors_info=&#8221;{}&#8221; custom_padding__hover=&#8221;|||&#8221;][et_pb_image src=&#8221;https:\/\/adf-systemes.fr\/wp-content\/uploads\/2020\/03\/client-1.png&#8221; _builder_version=&#8221;4.16&#8243; width=&#8221;36px&#8221; global_colors_info=&#8221;{}&#8221;][\/et_pb_image][et_pb_text _builder_version=&#8221;4.16&#8243; text_font=&#8221;||||||||&#8221; text_font_size=&#8221;15px&#8221; header_font=&#8221;||||||||&#8221; header_2_font=&#8221;||||||||&#8221; header_2_text_align=&#8221;left&#8221; header_3_font=&#8221;||||||||&#8221; header_3_text_align=&#8221;left&#8221; header_4_text_color=&#8221;#d7392e&#8221; header_font_size_tablet=&#8221;&#8221; header_font_size_phone=&#8221;&#8221; header_font_size_last_edited=&#8221;on|phone&#8221; header_2_font_size_tablet=&#8221;&#8221; header_2_font_size_phone=&#8221;&#8221; header_2_font_size_last_edited=&#8221;on|phone&#8221; header_3_font_size_tablet=&#8221;&#8221; header_3_font_size_phone=&#8221;&#8221; header_3_font_size_last_edited=&#8221;on|desktop&#8221; text_text_align=&#8221;left&#8221; global_colors_info=&#8221;{}&#8221;]<\/p>\n<h4 id='accompagnement-et-suivi-client-pouss\u00e9'  id=\"boomdevs_2\">Accompagnement et suivi client pouss\u00e9<\/h4>\n<p>Nous mettons un point d&#8217;honneur \u00e0 vous guider dans le choix des produits et solutions les plus adapt\u00e9es selon vos probl\u00e9matiques de s\u00e9curit\u00e9 industrielle et de gestion des risques.<\/p>\n<p>&nbsp;<\/p>\n<p>[\/et_pb_text][\/et_pb_column][et_pb_column type=&#8221;1_3&#8243; _builder_version=&#8221;4.16&#8243; custom_padding=&#8221;10px|10px|10px|10px|true|false&#8221; custom_css_main_element=&#8221;height:337px&#8221; border_width_all=&#8221;1px&#8221; box_shadow_style=&#8221;preset4&#8243; global_colors_info=&#8221;{}&#8221;][et_pb_image src=&#8221;https:\/\/adf-systemes.fr\/wp-content\/uploads\/2020\/03\/experience.png&#8221; _builder_version=&#8221;4.16&#8243; width=&#8221;36px&#8221; global_colors_info=&#8221;{}&#8221;][\/et_pb_image][et_pb_text _builder_version=&#8221;4.16&#8243; text_font=&#8221;||||||||&#8221; text_font_size=&#8221;15px&#8221; header_font=&#8221;||||||||&#8221; header_2_font=&#8221;||||||||&#8221; header_2_text_align=&#8221;left&#8221; header_3_font=&#8221;||||||||&#8221; header_3_text_align=&#8221;left&#8221; header_4_text_color=&#8221;#d7392e&#8221; header_font_size_tablet=&#8221;&#8221; header_font_size_phone=&#8221;&#8221; header_font_size_last_edited=&#8221;on|phone&#8221; header_2_font_size_tablet=&#8221;&#8221; header_2_font_size_phone=&#8221;&#8221; header_2_font_size_last_edited=&#8221;on|phone&#8221; header_3_font_size_tablet=&#8221;&#8221; header_3_font_size_phone=&#8221;&#8221; header_3_font_size_last_edited=&#8221;on|desktop&#8221; text_text_align=&#8221;left&#8221; global_colors_info=&#8221;{}&#8221;]<\/p>\n<h4 id='nos-solutions-techniques'  id=\"boomdevs_3\">Nos solutions techniques<\/h4>\n<p>Depuis 1995, nous nous engageons \u00e0 vous proposer une gamme de produits et de solutions du meilleur rapport qualit\u00e9 \/ pris afin de s\u00e9curiser les projets industriels les plus vari\u00e9s.<\/p>\n<p>[\/et_pb_text][\/et_pb_column][et_pb_column type=&#8221;1_3&#8243; _builder_version=&#8221;4.16&#8243; custom_padding=&#8221;10px|10px|10px|10px|true|false&#8221; custom_css_main_element=&#8221;height:337px&#8221; border_width_all=&#8221;1px&#8221; box_shadow_style=&#8221;preset4&#8243; global_colors_info=&#8221;{}&#8221; custom_padding__hover=&#8221;|||&#8221;][et_pb_image src=&#8221;https:\/\/adf-systemes.fr\/wp-content\/uploads\/2020\/03\/medal.png&#8221; _builder_version=&#8221;4.16&#8243; width=&#8221;36px&#8221; global_colors_info=&#8221;{}&#8221;][\/et_pb_image][et_pb_text _builder_version=&#8221;4.16&#8243; text_font=&#8221;||||||||&#8221; text_font_size=&#8221;15px&#8221; header_font=&#8221;||||||||&#8221; header_2_font=&#8221;||||||||&#8221; header_2_text_align=&#8221;left&#8221; header_3_font=&#8221;||||||||&#8221; header_3_text_align=&#8221;left&#8221; header_4_text_color=&#8221;#d7392e&#8221; header_font_size_tablet=&#8221;&#8221; header_font_size_phone=&#8221;&#8221; header_font_size_last_edited=&#8221;on|phone&#8221; header_2_font_size_tablet=&#8221;&#8221; header_2_font_size_phone=&#8221;&#8221; header_2_font_size_last_edited=&#8221;on|phone&#8221; header_3_font_size_tablet=&#8221;&#8221; header_3_font_size_phone=&#8221;&#8221; header_3_font_size_last_edited=&#8221;on|desktop&#8221; text_text_align=&#8221;left&#8221; global_colors_info=&#8221;{}&#8221;]<\/p>\n<h4 id='des-produits-certifi\u00e9s'  id=\"boomdevs_4\">Des produits certifi\u00e9s<\/h4>\n<p><strong>ATEX, UL, cCSAus, FM, IECEx, CUTR, EAC, CQST, Inmetro, SIL, NF, EN54, ISO 9001&#8230;<\/strong><\/p>\n<p>[\/et_pb_text][\/et_pb_column][\/et_pb_row][\/et_pb_section]<\/p>\n","protected":false},"excerpt":{"rendered":"<p>One fire detector for almost every situation<br \/>\nFour separate programmable detection technologies<br \/>\nCompatible with all 12v alarm systems<br \/>\nAdvanced optical and thermal detection technology<br \/>\nDetects slow-burning and smouldering fires<br \/>\nDetects rapid temperature increases<\/p>\n","protected":false},"featured_media":15770980,"comment_status":"closed","ping_status":"closed","template":"","meta":{"_acf_changed":false,"_et_pb_use_builder":"on","_et_pb_old_content":"Notre d\u00e9tecteur de pr\u00e9sence AR-024 ATEX est\r\nbas\u00e9 sur la technologie infrarouge passive. Il permet de d\u00e9tecter les sources de chaleur en mouvement et de piloter l\u2019\u00e9clairage.\r\nR\u00e9glable selon la lumi\u00e8re ambiante, avec une port\u00e9e maximale de 44m, il est sp\u00e9cialement con\u00e7u pour r\u00e9sister aux environnements les plus difficiles.\r\n\r\n<strong>Documents \u00e0 t\u00e9l\u00e9charger :<\/strong>\r\n<ul>\r\n \t<li><a href=\"https:\/\/documentation.adf-systemes.fr\/controle_d_acces\/ar_024\/ADF_FT_Detecteur_de_Presence_AR-024_V2.pdf\" target=\"_blank\" rel=\"noopener\"><strong><b>Fiche technique en fran\u00e7ais<\/b><\/strong><\/a><b><\/b><\/li>\r\n \t<li><a href=\"https:\/\/documentation.adf-systemes.fr\/controle_d_acces\/ar_024\/Manuel_installation_AR-024(11-2024).pdf\" target=\"_blank\" rel=\"noopener\"><strong><b>Instructions d\u2019installation\u00a0<\/b><\/strong><\/a><\/li>\r\n<\/ul>","_et_gb_content_width":""},"product_brand":[],"product_cat":[864,755],"product_tag":[756],"class_list":{"0":"post-15770975","1":"product","2":"type-product","3":"status-publish","4":"has-post-thumbnail","6":"product_cat-atex-access-control","7":"product_cat-atex-certified-access-control","8":"product_tag-safe-area","10":"first","11":"instock","12":"shipping-taxable","13":"product-type-simple"},"acf":[],"yoast_head":"<!-- This site is optimized with the Yoast SEO plugin v27.4 - https:\/\/yoast.com\/product\/yoast-seo-wordpress\/ -->\n<title>FIRECAT fire &amp; smoke detectors (Copie) (Copie) - ADF Syst\u00e8mes<\/title>\n<meta name=\"description\" content=\"The FIRECAT fire and smoke detector has 4 smoke detection modes and detects rapid temperature increases.\" \/>\n<meta name=\"robots\" content=\"index, follow, max-snippet:-1, max-image-preview:large, max-video-preview:-1\" \/>\n<link rel=\"canonical\" href=\"https:\/\/adf-systemes.fr\/en\/produit\/firecat-fire-smoke-detectors-copie-copie\/\" \/>\n<meta property=\"og:locale\" content=\"en_US\" \/>\n<meta property=\"og:type\" content=\"article\" \/>\n<meta property=\"og:title\" content=\"FIRECAT fire &amp; smoke detectors (Copie) (Copie) - ADF Syst\u00e8mes\" \/>\n<meta property=\"og:description\" content=\"The FIRECAT fire and smoke detector has 4 smoke detection modes and detects rapid temperature increases.\" \/>\n<meta property=\"og:url\" content=\"https:\/\/adf-systemes.fr\/en\/produit\/firecat-fire-smoke-detectors-copie-copie\/\" \/>\n<meta property=\"og:site_name\" content=\"ADF Syst\u00e8mes\" \/>\n<meta property=\"article:modified_time\" content=\"2026-04-21T09:47:19+00:00\" \/>\n<meta property=\"og:image\" content=\"https:\/\/adf-systemes.fr\/wp-content\/uploads\/2026\/04\/ar-024-pres.webp\" \/>\n\t<meta property=\"og:image:width\" content=\"600\" \/>\n\t<meta property=\"og:image:height\" content=\"450\" \/>\n\t<meta property=\"og:image:type\" content=\"image\/webp\" \/>\n<meta name=\"twitter:card\" content=\"summary_large_image\" \/>\n<meta name=\"twitter:label1\" content=\"Est. reading time\" \/>\n\t<meta name=\"twitter:data1\" content=\"5 minutes\" \/>\n<script type=\"application\/ld+json\" class=\"yoast-schema-graph\">{\"@context\":\"https:\\\/\\\/schema.org\",\"@graph\":[{\"@type\":\"WebPage\",\"@id\":\"https:\\\/\\\/adf-systemes.fr\\\/en\\\/produit\\\/firecat-fire-smoke-detectors-copie-copie\\\/\",\"url\":\"https:\\\/\\\/adf-systemes.fr\\\/en\\\/produit\\\/firecat-fire-smoke-detectors-copie-copie\\\/\",\"name\":\"FIRECAT fire &amp; smoke detectors (Copie) (Copie) - ADF Syst\u00e8mes\",\"isPartOf\":{\"@id\":\"https:\\\/\\\/adf-systemes.fr\\\/en\\\/#website\"},\"primaryImageOfPage\":{\"@id\":\"https:\\\/\\\/adf-systemes.fr\\\/en\\\/produit\\\/firecat-fire-smoke-detectors-copie-copie\\\/#primaryimage\"},\"image\":{\"@id\":\"https:\\\/\\\/adf-systemes.fr\\\/en\\\/produit\\\/firecat-fire-smoke-detectors-copie-copie\\\/#primaryimage\"},\"thumbnailUrl\":\"https:\\\/\\\/adf-systemes.fr\\\/wp-content\\\/uploads\\\/2026\\\/04\\\/ar-024-pres.webp\",\"datePublished\":\"2026-04-21T09:32:57+00:00\",\"dateModified\":\"2026-04-21T09:47:19+00:00\",\"description\":\"The FIRECAT fire and smoke detector has 4 smoke detection modes and detects rapid temperature increases.\",\"breadcrumb\":{\"@id\":\"https:\\\/\\\/adf-systemes.fr\\\/en\\\/produit\\\/firecat-fire-smoke-detectors-copie-copie\\\/#breadcrumb\"},\"inLanguage\":\"en-US\",\"potentialAction\":[{\"@type\":\"ReadAction\",\"target\":[\"https:\\\/\\\/adf-systemes.fr\\\/en\\\/produit\\\/firecat-fire-smoke-detectors-copie-copie\\\/\"]}]},{\"@type\":\"ImageObject\",\"inLanguage\":\"en-US\",\"@id\":\"https:\\\/\\\/adf-systemes.fr\\\/en\\\/produit\\\/firecat-fire-smoke-detectors-copie-copie\\\/#primaryimage\",\"url\":\"https:\\\/\\\/adf-systemes.fr\\\/wp-content\\\/uploads\\\/2026\\\/04\\\/ar-024-pres.webp\",\"contentUrl\":\"https:\\\/\\\/adf-systemes.fr\\\/wp-content\\\/uploads\\\/2026\\\/04\\\/ar-024-pres.webp\",\"width\":600,\"height\":450,\"caption\":\"AR-024 pres\"},{\"@type\":\"BreadcrumbList\",\"@id\":\"https:\\\/\\\/adf-systemes.fr\\\/en\\\/produit\\\/firecat-fire-smoke-detectors-copie-copie\\\/#breadcrumb\",\"itemListElement\":[{\"@type\":\"ListItem\",\"position\":1,\"name\":\"Accueil\",\"item\":\"https:\\\/\\\/adf-systemes.fr\\\/en\\\/\"},{\"@type\":\"ListItem\",\"position\":2,\"name\":\"Shop\",\"item\":\"https:\\\/\\\/adf-systemes.fr\\\/en\\\/shop\\\/\"},{\"@type\":\"ListItem\",\"position\":3,\"name\":\"FIRECAT fire &amp; smoke detectors (Copie) (Copie)\"}]},{\"@type\":\"WebSite\",\"@id\":\"https:\\\/\\\/adf-systemes.fr\\\/en\\\/#website\",\"url\":\"https:\\\/\\\/adf-systemes.fr\\\/en\\\/\",\"name\":\"ADF Syst\u00e8mes\",\"description\":\"Le sp\u00e9cialiste des solutions de pr\u00e9vention des risques industriels et ATEX\",\"potentialAction\":[{\"@type\":\"SearchAction\",\"target\":{\"@type\":\"EntryPoint\",\"urlTemplate\":\"https:\\\/\\\/adf-systemes.fr\\\/en\\\/?s={search_term_string}\"},\"query-input\":{\"@type\":\"PropertyValueSpecification\",\"valueRequired\":true,\"valueName\":\"search_term_string\"}}],\"inLanguage\":\"en-US\"}]}<\/script>\n<!-- \/ Yoast SEO plugin. -->","yoast_head_json":{"title":"FIRECAT fire &amp; smoke detectors (Copie) (Copie) - ADF Syst\u00e8mes","description":"The FIRECAT fire and smoke detector has 4 smoke detection modes and detects rapid temperature increases.","robots":{"index":"index","follow":"follow","max-snippet":"max-snippet:-1","max-image-preview":"max-image-preview:large","max-video-preview":"max-video-preview:-1"},"canonical":"https:\/\/adf-systemes.fr\/en\/produit\/firecat-fire-smoke-detectors-copie-copie\/","og_locale":"en_US","og_type":"article","og_title":"FIRECAT fire &amp; smoke detectors (Copie) (Copie) - ADF Syst\u00e8mes","og_description":"The FIRECAT fire and smoke detector has 4 smoke detection modes and detects rapid temperature increases.","og_url":"https:\/\/adf-systemes.fr\/en\/produit\/firecat-fire-smoke-detectors-copie-copie\/","og_site_name":"ADF Syst\u00e8mes","article_modified_time":"2026-04-21T09:47:19+00:00","og_image":[{"width":600,"height":450,"url":"https:\/\/adf-systemes.fr\/wp-content\/uploads\/2026\/04\/ar-024-pres.webp","type":"image\/webp"}],"twitter_card":"summary_large_image","twitter_misc":{"Est. reading time":"5 minutes"},"schema":{"@context":"https:\/\/schema.org","@graph":[{"@type":"WebPage","@id":"https:\/\/adf-systemes.fr\/en\/produit\/firecat-fire-smoke-detectors-copie-copie\/","url":"https:\/\/adf-systemes.fr\/en\/produit\/firecat-fire-smoke-detectors-copie-copie\/","name":"FIRECAT fire &amp; smoke detectors (Copie) (Copie) - ADF Syst\u00e8mes","isPartOf":{"@id":"https:\/\/adf-systemes.fr\/en\/#website"},"primaryImageOfPage":{"@id":"https:\/\/adf-systemes.fr\/en\/produit\/firecat-fire-smoke-detectors-copie-copie\/#primaryimage"},"image":{"@id":"https:\/\/adf-systemes.fr\/en\/produit\/firecat-fire-smoke-detectors-copie-copie\/#primaryimage"},"thumbnailUrl":"https:\/\/adf-systemes.fr\/wp-content\/uploads\/2026\/04\/ar-024-pres.webp","datePublished":"2026-04-21T09:32:57+00:00","dateModified":"2026-04-21T09:47:19+00:00","description":"The FIRECAT fire and smoke detector has 4 smoke detection modes and detects rapid temperature increases.","breadcrumb":{"@id":"https:\/\/adf-systemes.fr\/en\/produit\/firecat-fire-smoke-detectors-copie-copie\/#breadcrumb"},"inLanguage":"en-US","potentialAction":[{"@type":"ReadAction","target":["https:\/\/adf-systemes.fr\/en\/produit\/firecat-fire-smoke-detectors-copie-copie\/"]}]},{"@type":"ImageObject","inLanguage":"en-US","@id":"https:\/\/adf-systemes.fr\/en\/produit\/firecat-fire-smoke-detectors-copie-copie\/#primaryimage","url":"https:\/\/adf-systemes.fr\/wp-content\/uploads\/2026\/04\/ar-024-pres.webp","contentUrl":"https:\/\/adf-systemes.fr\/wp-content\/uploads\/2026\/04\/ar-024-pres.webp","width":600,"height":450,"caption":"AR-024 pres"},{"@type":"BreadcrumbList","@id":"https:\/\/adf-systemes.fr\/en\/produit\/firecat-fire-smoke-detectors-copie-copie\/#breadcrumb","itemListElement":[{"@type":"ListItem","position":1,"name":"Accueil","item":"https:\/\/adf-systemes.fr\/en\/"},{"@type":"ListItem","position":2,"name":"Shop","item":"https:\/\/adf-systemes.fr\/en\/shop\/"},{"@type":"ListItem","position":3,"name":"FIRECAT fire &amp; smoke detectors (Copie) (Copie)"}]},{"@type":"WebSite","@id":"https:\/\/adf-systemes.fr\/en\/#website","url":"https:\/\/adf-systemes.fr\/en\/","name":"ADF Syst\u00e8mes","description":"Le sp\u00e9cialiste des solutions de pr\u00e9vention des risques industriels et ATEX","potentialAction":[{"@type":"SearchAction","target":{"@type":"EntryPoint","urlTemplate":"https:\/\/adf-systemes.fr\/en\/?s={search_term_string}"},"query-input":{"@type":"PropertyValueSpecification","valueRequired":true,"valueName":"search_term_string"}}],"inLanguage":"en-US"}]}},"_links":{"self":[{"href":"https:\/\/adf-systemes.fr\/en\/wp-json\/wp\/v2\/product\/15770975","targetHints":{"allow":["GET"]}}],"collection":[{"href":"https:\/\/adf-systemes.fr\/en\/wp-json\/wp\/v2\/product"}],"about":[{"href":"https:\/\/adf-systemes.fr\/en\/wp-json\/wp\/v2\/types\/product"}],"replies":[{"embeddable":true,"href":"https:\/\/adf-systemes.fr\/en\/wp-json\/wp\/v2\/comments?post=15770975"}],"wp:featuredmedia":[{"embeddable":true,"href":"https:\/\/adf-systemes.fr\/en\/wp-json\/wp\/v2\/media\/15770980"}],"wp:attachment":[{"href":"https:\/\/adf-systemes.fr\/en\/wp-json\/wp\/v2\/media?parent=15770975"}],"wp:term":[{"taxonomy":"product_brand","embeddable":true,"href":"https:\/\/adf-systemes.fr\/en\/wp-json\/wp\/v2\/product_brand?post=15770975"},{"taxonomy":"product_cat","embeddable":true,"href":"https:\/\/adf-systemes.fr\/en\/wp-json\/wp\/v2\/product_cat?post=15770975"},{"taxonomy":"product_tag","embeddable":true,"href":"https:\/\/adf-systemes.fr\/en\/wp-json\/wp\/v2\/product_tag?post=15770975"}],"curies":[{"name":"wp","href":"https:\/\/api.w.org\/{rel}","templated":true}]}}