{"id":15769040,"date":"2021-11-26T10:05:20","date_gmt":"2021-11-26T10:05:20","guid":{"rendered":"https:\/\/adf-systemes.fr\/produit\/x10-mini-industrial-light-and-sound-handset\/"},"modified":"2026-01-23T08:39:55","modified_gmt":"2026-01-23T08:39:55","slug":"x10-mini-industrial-light-and-sound-handset","status":"publish","type":"product","link":"https:\/\/adf-systemes.fr\/en\/produit\/x10-mini-industrial-light-and-sound-handset\/","title":{"rendered":"X10 Mini industrial light and sound handset"},"content":{"rendered":"<p>The X10 Mini <a href=\"https:\/\/adf-systemes.fr\/en\/audible-and-visual-warning\/industrial-sound-and-light-signalling\/\">audible and illuminated signal<\/a> features industrial quality and is highly waterproof. It is specifically designed for installation on industrial sites and outdoors. The X10 Mini handset will broadcast your :  <\/p>\n<ul>\n<li>Gas alarm<\/li>\n<li>Fire alarm<\/li>\n<li>Evacuation<\/li>\n<\/ul>\n<p>Specific for industrial environments <strong>Documents to download :<\/strong><\/p>\n<ul>\n<li><a href=\"https:\/\/documentation.adf-systemes.fr\/sonore_et_optique\/combi_x10\/mini\/ADF_ft_combine_x10_mini_vcc_V4.pdf\" target=\"_blank\" rel=\"noopener\"><strong><b>French data sheet<\/b><\/strong><\/a><\/li>\n<li><strong><a href=\"https:\/\/documentation.adf-systemes.fr\/sonore_et_optique\/combi_x10\/mini\/datasheet_x10_mini_sounder_beacon.pdf\" target=\"_blank\" rel=\"noopener\">Data sheet<\/a><\/strong><\/li>\n<li><a href=\"https:\/\/documentation.adf-systemes.fr\/sonore_et_optique\/combi_x10\/mini\/guide_installation_rapide_combine_x10.pdf\" target=\"_blank\" rel=\"noopener\"><strong><b>Quick installation guide  <\/b><\/strong><\/a><\/li>\n<li><strong><a href=\"http:\/\/contact.adf-systemes.fr\/13256-telecharger-l-instructions-d-installation-combine-sirene-et-feu-a-eclats-atex-yl6s?neo_campaign=telecharger-l-instructions-d-installation-combine-sirene-et-feu-a-eclats-atex-yl6s-copie&amp;neo_medium=click_popup&amp;uuid=f402357f-1129-4cbe-93de-4889a91a64b6\" target=\"_blank\" rel=\"noopener\">Installation instructions<\/a><\/strong><\/li>\n<\/ul>\n","protected":false},"excerpt":{"rendered":"<p>Sound power 103 dB(A) @1m (variable depending on sound selected)<br \/>\n6 x LEDs equivalent to 5 Joules<br \/>\nExternal activation of 4 different sounds<br \/>\nIP66, IP69K and IK08<\/p>\n","protected":false},"featured_media":5463,"comment_status":"closed","ping_status":"closed","template":"","meta":{"_acf_changed":false,"_et_pb_use_builder":"off","_et_pb_old_content":"The X10 Mini audible and illuminated handset is of industrial quality and highly waterproof. It is specifically designed for installation on industrial sites and outdoors.\nThe X10 Mini handset will broadcast your typical signals: \n<ul>\n \t<li>Gas alarm<\/li>\n \t<li>Fire alarm<\/li>\n \t<li>Evacuation<\/li>\n<\/ul>\nSpecific for industrial environments\n\n<strong>Documents to download :<\/strong>\n<ul>\n \t<li><a href=\"https:\/\/adfpdf.s3.eu-west-1.amazonaws.com\/5+-+SIGNALISATION+OPTIQUE+ET+SONORE\/2+-+INDUSTRIELLE\/5+-+Combin%C3%A9+sonore+et+lumineux+X10\/ADF_Fiche+technique+Combin%C3%A9+X10+Mini+V2.pdf\" target=\"_blank\" rel=\"noopener\"><strong><b>French data sheet<\/b><\/strong><\/a><\/li>\n \t<li><a href=\"https:\/\/adfpdf.s3.eu-west-1.amazonaws.com\/4+-+SIGNALISATION+SONORE\/1+-+SIRENES+ELECTRONIQUES\/10+-+Sir%C3%A8ne+%C3%A9tanche+X10\/Guide+d''installation+rapide+sirene+X10+(Vcc).pdf\" target=\"_blank\" rel=\"noopener\"><strong><b>Vcc version quick installation guide<\/b><\/strong><\/a><\/li>\n \t<li><strong><a href=\"https:\/\/adfpdf.s3.eu-west-1.amazonaws.com\/4+-+SIGNALISATION+SONORE\/1+-+SIRENES+ELECTRONIQUES\/10+-+Sir%C3%A8ne+%C3%A9tanche+X10\/Guide+d''installation+rapide+sirene+X10+(Vca).pdf\" target=\"_blank\" rel=\"noopener\">Vca version quick installation guide<\/a><\/strong><\/li>\n \t<li><strong><a href=\"https:\/\/adfpdf.s3.eu-west-1.amazonaws.com\/4+-+SIGNALISATION+SONORE\/1+-+SIRENES+ELECTRONIQUES\/10+-+Sir%C3%A8ne+%C3%A9tanche+X10\/Instruction+d'installation+sir%C3%A8ne+X10+Mini%2C+Midi+%26+Maxi.pdf\" target=\"_blank\" rel=\"noopener\">Installation instructions<\/a><\/strong><\/li>\n \t<li><strong><a href=\"https:\/\/adfpdf.s3.eu-west-1.amazonaws.com\/4+-+SIGNALISATION+SONORE\/1+-+SIRENES+ELECTRONIQUES\/10+-+Sir%C3%A8ne+%C3%A9tanche+X10\/Declaration+de+conformit%C3%A9+sirene+X10+Version+Vcc.pdf\" target=\"_blank\" rel=\"noopener\">Declaration of conformity (Vcc version)<\/a><\/strong><\/li>\n \t<li><strong><a href=\"https:\/\/s3-eu-west-1.amazonaws.com\/adfpdf\/4+-+SIGNALISATION+SONORE\/1+-+SIRENES+ELECTRONIQUES\/5+-+Sir%C3%A8ne+%C3%A9tanche+NEXUS\/Instructions+d%27installation+110+Vcc.pdf\" target=\"_blank\" rel=\"noopener\">Declaration of conformity (Version <\/a><a href=\"https:\/\/adfpdf.s3.eu-west-1.amazonaws.com\/4+-+SIGNALISATION+SONORE\/1+-+SIRENES+ELECTRONIQUES\/10+-+Sir%C3%A8ne+%C3%A9tanche+X10\/Declaration+de+conformit%C3%A9+sirene+X10+Version+Vca.pdf\" target=\"_blank\" rel=\"noopener\">Vac)<\/a><\/strong><\/li>\n<\/ul>","_et_gb_content_width":""},"product_brand":[],"product_cat":[681,733,734,735],"product_tag":[],"class_list":{"0":"post-15769040","1":"product","2":"type-product","3":"status-publish","4":"has-post-thumbnail","6":"product_cat-fulleon","7":"product_cat-horn-optics","8":"product_cat-industrial-sound-and-optics-combiner","9":"product_cat-sound-and-optics-not-atex-certified","11":"first","12":"instock","13":"shipping-taxable","14":"product-type-simple"},"acf":[],"yoast_head":"<!-- This site is optimized with the Yoast SEO plugin v27.3 - https:\/\/yoast.com\/product\/yoast-seo-wordpress\/ -->\n<title>X10 Mini industrial light and sound handset -<\/title>\n<meta name=\"description\" content=\"The X10 Mini sound and light handset is specifically designed for installation on industrial sites and outdoors.\" \/>\n<meta name=\"robots\" content=\"index, follow, max-snippet:-1, max-image-preview:large, max-video-preview:-1\" \/>\n<link rel=\"canonical\" href=\"https:\/\/adf-systemes.fr\/en\/produit\/x10-mini-industrial-light-and-sound-handset\/\" \/>\n<meta property=\"og:locale\" content=\"en_US\" \/>\n<meta property=\"og:type\" content=\"article\" \/>\n<meta property=\"og:title\" content=\"X10 Mini industrial light and sound handset -\" \/>\n<meta property=\"og:description\" content=\"The X10 Mini sound and light handset is specifically designed for installation on industrial sites and outdoors.\" \/>\n<meta property=\"og:url\" content=\"https:\/\/adf-systemes.fr\/en\/produit\/x10-mini-industrial-light-and-sound-handset\/\" \/>\n<meta property=\"og:site_name\" content=\"ADF Syst\u00e8mes\" \/>\n<meta property=\"article:modified_time\" content=\"2026-01-23T08:39:55+00:00\" \/>\n<meta property=\"og:image\" content=\"https:\/\/adf-systemes.fr\/wp-content\/uploads\/2021\/11\/X10-mini-combine.jpg\" \/>\n\t<meta property=\"og:image:width\" content=\"568\" \/>\n\t<meta property=\"og:image:height\" content=\"468\" \/>\n\t<meta property=\"og:image:type\" content=\"image\/jpeg\" \/>\n<meta name=\"twitter:card\" content=\"summary_large_image\" \/>\n<script type=\"application\/ld+json\" class=\"yoast-schema-graph\">{\"@context\":\"https:\\\/\\\/schema.org\",\"@graph\":[{\"@type\":\"WebPage\",\"@id\":\"https:\\\/\\\/adf-systemes.fr\\\/en\\\/produit\\\/x10-mini-industrial-light-and-sound-handset\\\/\",\"url\":\"https:\\\/\\\/adf-systemes.fr\\\/en\\\/produit\\\/x10-mini-industrial-light-and-sound-handset\\\/\",\"name\":\"X10 Mini industrial light and sound handset -\",\"isPartOf\":{\"@id\":\"https:\\\/\\\/adf-systemes.fr\\\/en\\\/#website\"},\"primaryImageOfPage\":{\"@id\":\"https:\\\/\\\/adf-systemes.fr\\\/en\\\/produit\\\/x10-mini-industrial-light-and-sound-handset\\\/#primaryimage\"},\"image\":{\"@id\":\"https:\\\/\\\/adf-systemes.fr\\\/en\\\/produit\\\/x10-mini-industrial-light-and-sound-handset\\\/#primaryimage\"},\"thumbnailUrl\":\"https:\\\/\\\/adf-systemes.fr\\\/wp-content\\\/uploads\\\/2021\\\/11\\\/X10-mini-combine.jpg\",\"datePublished\":\"2021-11-26T10:05:20+00:00\",\"dateModified\":\"2026-01-23T08:39:55+00:00\",\"description\":\"The X10 Mini sound and light handset is specifically designed for installation on industrial sites and outdoors.\",\"breadcrumb\":{\"@id\":\"https:\\\/\\\/adf-systemes.fr\\\/en\\\/produit\\\/x10-mini-industrial-light-and-sound-handset\\\/#breadcrumb\"},\"inLanguage\":\"en-US\",\"potentialAction\":[{\"@type\":\"ReadAction\",\"target\":[\"https:\\\/\\\/adf-systemes.fr\\\/en\\\/produit\\\/x10-mini-industrial-light-and-sound-handset\\\/\"]}]},{\"@type\":\"ImageObject\",\"inLanguage\":\"en-US\",\"@id\":\"https:\\\/\\\/adf-systemes.fr\\\/en\\\/produit\\\/x10-mini-industrial-light-and-sound-handset\\\/#primaryimage\",\"url\":\"https:\\\/\\\/adf-systemes.fr\\\/wp-content\\\/uploads\\\/2021\\\/11\\\/X10-mini-combine.jpg\",\"contentUrl\":\"https:\\\/\\\/adf-systemes.fr\\\/wp-content\\\/uploads\\\/2021\\\/11\\\/X10-mini-combine.jpg\",\"width\":568,\"height\":468},{\"@type\":\"BreadcrumbList\",\"@id\":\"https:\\\/\\\/adf-systemes.fr\\\/en\\\/produit\\\/x10-mini-industrial-light-and-sound-handset\\\/#breadcrumb\",\"itemListElement\":[{\"@type\":\"ListItem\",\"position\":1,\"name\":\"Accueil\",\"item\":\"https:\\\/\\\/adf-systemes.fr\\\/en\\\/\"},{\"@type\":\"ListItem\",\"position\":2,\"name\":\"Shop\",\"item\":\"https:\\\/\\\/adf-systemes.fr\\\/en\\\/shop\\\/\"},{\"@type\":\"ListItem\",\"position\":3,\"name\":\"X10 Mini industrial light and sound handset\"}]},{\"@type\":\"WebSite\",\"@id\":\"https:\\\/\\\/adf-systemes.fr\\\/en\\\/#website\",\"url\":\"https:\\\/\\\/adf-systemes.fr\\\/en\\\/\",\"name\":\"ADF Syst\u00e8mes\",\"description\":\"Le sp\u00e9cialiste des solutions de pr\u00e9vention des risques industriels et ATEX\",\"potentialAction\":[{\"@type\":\"SearchAction\",\"target\":{\"@type\":\"EntryPoint\",\"urlTemplate\":\"https:\\\/\\\/adf-systemes.fr\\\/en\\\/?s={search_term_string}\"},\"query-input\":{\"@type\":\"PropertyValueSpecification\",\"valueRequired\":true,\"valueName\":\"search_term_string\"}}],\"inLanguage\":\"en-US\"}]}<\/script>\n<!-- \/ Yoast SEO plugin. -->","yoast_head_json":{"title":"X10 Mini industrial light and sound handset -","description":"The X10 Mini sound and light handset is specifically designed for installation on industrial sites and outdoors.","robots":{"index":"index","follow":"follow","max-snippet":"max-snippet:-1","max-image-preview":"max-image-preview:large","max-video-preview":"max-video-preview:-1"},"canonical":"https:\/\/adf-systemes.fr\/en\/produit\/x10-mini-industrial-light-and-sound-handset\/","og_locale":"en_US","og_type":"article","og_title":"X10 Mini industrial light and sound handset -","og_description":"The X10 Mini sound and light handset is specifically designed for installation on industrial sites and outdoors.","og_url":"https:\/\/adf-systemes.fr\/en\/produit\/x10-mini-industrial-light-and-sound-handset\/","og_site_name":"ADF Syst\u00e8mes","article_modified_time":"2026-01-23T08:39:55+00:00","og_image":[{"width":568,"height":468,"url":"https:\/\/adf-systemes.fr\/wp-content\/uploads\/2021\/11\/X10-mini-combine.jpg","type":"image\/jpeg"}],"twitter_card":"summary_large_image","schema":{"@context":"https:\/\/schema.org","@graph":[{"@type":"WebPage","@id":"https:\/\/adf-systemes.fr\/en\/produit\/x10-mini-industrial-light-and-sound-handset\/","url":"https:\/\/adf-systemes.fr\/en\/produit\/x10-mini-industrial-light-and-sound-handset\/","name":"X10 Mini industrial light and sound handset -","isPartOf":{"@id":"https:\/\/adf-systemes.fr\/en\/#website"},"primaryImageOfPage":{"@id":"https:\/\/adf-systemes.fr\/en\/produit\/x10-mini-industrial-light-and-sound-handset\/#primaryimage"},"image":{"@id":"https:\/\/adf-systemes.fr\/en\/produit\/x10-mini-industrial-light-and-sound-handset\/#primaryimage"},"thumbnailUrl":"https:\/\/adf-systemes.fr\/wp-content\/uploads\/2021\/11\/X10-mini-combine.jpg","datePublished":"2021-11-26T10:05:20+00:00","dateModified":"2026-01-23T08:39:55+00:00","description":"The X10 Mini sound and light handset is specifically designed for installation on industrial sites and outdoors.","breadcrumb":{"@id":"https:\/\/adf-systemes.fr\/en\/produit\/x10-mini-industrial-light-and-sound-handset\/#breadcrumb"},"inLanguage":"en-US","potentialAction":[{"@type":"ReadAction","target":["https:\/\/adf-systemes.fr\/en\/produit\/x10-mini-industrial-light-and-sound-handset\/"]}]},{"@type":"ImageObject","inLanguage":"en-US","@id":"https:\/\/adf-systemes.fr\/en\/produit\/x10-mini-industrial-light-and-sound-handset\/#primaryimage","url":"https:\/\/adf-systemes.fr\/wp-content\/uploads\/2021\/11\/X10-mini-combine.jpg","contentUrl":"https:\/\/adf-systemes.fr\/wp-content\/uploads\/2021\/11\/X10-mini-combine.jpg","width":568,"height":468},{"@type":"BreadcrumbList","@id":"https:\/\/adf-systemes.fr\/en\/produit\/x10-mini-industrial-light-and-sound-handset\/#breadcrumb","itemListElement":[{"@type":"ListItem","position":1,"name":"Accueil","item":"https:\/\/adf-systemes.fr\/en\/"},{"@type":"ListItem","position":2,"name":"Shop","item":"https:\/\/adf-systemes.fr\/en\/shop\/"},{"@type":"ListItem","position":3,"name":"X10 Mini industrial light and sound handset"}]},{"@type":"WebSite","@id":"https:\/\/adf-systemes.fr\/en\/#website","url":"https:\/\/adf-systemes.fr\/en\/","name":"ADF Syst\u00e8mes","description":"Le sp\u00e9cialiste des solutions de pr\u00e9vention des risques industriels et ATEX","potentialAction":[{"@type":"SearchAction","target":{"@type":"EntryPoint","urlTemplate":"https:\/\/adf-systemes.fr\/en\/?s={search_term_string}"},"query-input":{"@type":"PropertyValueSpecification","valueRequired":true,"valueName":"search_term_string"}}],"inLanguage":"en-US"}]}},"_links":{"self":[{"href":"https:\/\/adf-systemes.fr\/en\/wp-json\/wp\/v2\/product\/15769040","targetHints":{"allow":["GET"]}}],"collection":[{"href":"https:\/\/adf-systemes.fr\/en\/wp-json\/wp\/v2\/product"}],"about":[{"href":"https:\/\/adf-systemes.fr\/en\/wp-json\/wp\/v2\/types\/product"}],"replies":[{"embeddable":true,"href":"https:\/\/adf-systemes.fr\/en\/wp-json\/wp\/v2\/comments?post=15769040"}],"wp:featuredmedia":[{"embeddable":true,"href":"https:\/\/adf-systemes.fr\/en\/wp-json\/wp\/v2\/media\/5463"}],"wp:attachment":[{"href":"https:\/\/adf-systemes.fr\/en\/wp-json\/wp\/v2\/media?parent=15769040"}],"wp:term":[{"taxonomy":"product_brand","embeddable":true,"href":"https:\/\/adf-systemes.fr\/en\/wp-json\/wp\/v2\/product_brand?post=15769040"},{"taxonomy":"product_cat","embeddable":true,"href":"https:\/\/adf-systemes.fr\/en\/wp-json\/wp\/v2\/product_cat?post=15769040"},{"taxonomy":"product_tag","embeddable":true,"href":"https:\/\/adf-systemes.fr\/en\/wp-json\/wp\/v2\/product_tag?post=15769040"}],"curies":[{"name":"wp","href":"https:\/\/api.w.org\/{rel}","templated":true}]}}