{"id":15768902,"date":"2020-03-26T10:59:20","date_gmt":"2020-03-26T10:59:20","guid":{"rendered":"https:\/\/adf-systemes.fr\/produit\/nexus-waterproof-light-and-siren-combo\/"},"modified":"2026-01-22T11:29:42","modified_gmt":"2026-01-22T11:29:42","slug":"nexus-waterproof-light-and-siren-combo","status":"publish","type":"product","link":"https:\/\/adf-systemes.fr\/en\/produit\/nexus-waterproof-light-and-siren-combo\/","title":{"rendered":"NEXUS waterproof light and siren combo"},"content":{"rendered":"<p>NEXUS Xenon or LED <a href=\"https:\/\/adf-systemes.fr\/en\/audible-and-visual-warning\/industrial-sound-and-light-signalling\/\">industrial sound and light signals<\/a> feature a 5 Joule flashing light or LED equivalent, and sound power from 105 to 120 dB max (variable according to the sound selected). They are ideal for installation in noisy areas, where the visual signal complements the audible signal. They are designed for your :  <\/p>\n<ul>\n<li>Process fault<\/li>\n<li>Gas detection<\/li>\n<\/ul>\n<p>Specifically for industrial and tertiary environments.<\/p>\n<p>Last stock: see &#8220;Product code&#8221; tab<\/p>\n<h3 id='french-data-sheet'  id=\"boomdevs_1\"><strong>French data sheet<\/strong><\/h3>\n<ul>\n<li><a href=\"https:\/\/documentation.adf-systemes.fr\/sonore_et_optique\/combi_nexus\/ADF_ft_combi_NEXUS_V3.pdf\" target=\"_blank\" rel=\"noopener noreferrer\"><strong><b>French data sheet<\/b><\/strong><\/a><\/li>\n<li><strong><a href=\"https:\/\/documentation.adf-systemes.fr\/sonore_et_optique\/combi_nexus\/datasheet_nexus_105_110_120_dc_ac.pdf\">English data sheet 105 &#8211; 110 &#8211; 120<\/a><\/strong><\/li>\n<li><strong><a href=\"https:\/\/documentation.adf-systemes.fr\/sonore_et_optique\/combi_nexus\/logiciel_nexus_voice.zip\">Voice programming software<\/a><\/strong><\/li>\n<li><strong><b><a href=\"http:\/\/contact.adf-systemes.fr\/13281-telecharger-l-instructions-d-installation-combine-sirene-et-feu-etanche-nexus?neo_campaign=telecharger-l-instructions-d-installation-combine-sirene-et-feu-etanche-nexus&amp;neo_medium=click_popup&amp;uuid=d753462f-6038-4fb1-a942-873b1bc0e2fb\" target=\"_blank\" rel=\"noopener noreferrer\">Installation instructions 105 Vac<\/a><\/b><\/strong><\/li>\n<li><strong><a href=\"http:\/\/contact.adf-systemes.fr\/13282-telecharger-l-instructions-d-installation-combine-sirene-et-feu-etanche-nexus-105-vca?neo_campaign=telecharger-l-instructions-d-installation-combine-sirene-et-feu-etanche-nexus-105-vca-copie&amp;neo_medium=click_popup&amp;uuid=2a229d96-c226-45ff-8932-c5061c06c452\">Installation instructions 105 Vdc<\/a><\/strong><\/li>\n<li><strong><a href=\"http:\/\/contact.adf-systemes.fr\/13283-telecharger-l-instructions-d-installation-combine-sirene-et-feu-etanche-nexus-105-vcc?neo_campaign=telecharger-l-instructions-d-installation-combine-sirene-et-feu-etanche-nexus-105-vcc-copie&amp;neo_medium=click_popup&amp;uuid=440f3916-778c-4a01-a078-7a758635b108\">Installation instructions 110 Vac<\/a><\/strong><\/li>\n<li><strong><a href=\"http:\/\/contact.adf-systemes.fr\/13284-telecharger-l-instructions-d-installation-combine-sirene-et-feu-etanche-nexus-110-vca?neo_campaign=telecharger-l-instructions-d-installation-combine-sirene-et-feu-etanche-nexus-110-vca-copie&amp;neo_medium=click_popup&amp;uuid=326d8b60-064f-4f03-af10-e2dd8e6910f1\">Installation instructions 110 Vdc<\/a><\/strong><\/li>\n<li><a href=\"http:\/\/contact.adf-systemes.fr\/13285-telecharger-l-instructions-d-installation-combine-sirene-et-feu-etanche-nexus-110-vcc?neo_campaign=telecharger-l-instructions-d-installation-combine-sirene-et-feu-etanche-nexus-110-vcc-copie&amp;neo_medium=click_popup&amp;uuid=60d2410f-24e1-4fc0-8ca0-41bff500f532\" target=\"_blank\" rel=\"noopener noreferrer\"><strong><b>Installation instructions 120 Vac<\/b><\/strong><\/a><\/li>\n<li><strong><a href=\"http:\/\/contact.adf-systemes.fr\/13286-telecharger-l-instructions-d-installation-combine-sirene-et-feu-etanche-nexus-120-vac?neo_campaign=telecharger-l-instructions-d-installation-combine-sirene-et-feu-etanche-nexus-120-vac-copie&amp;neo_medium=click_popup&amp;uuid=45db505e-2493-437c-91ca-0e53fcf6619d\">Installation instructions 120 Vdc<\/a><\/strong><\/li>\n<\/ul>\n","protected":false},"excerpt":{"rendered":"<p>105, 110 or 120 dB(A) @1m (variable)<br \/>\nLED or Xenon 5 Joules<br \/>\n3 controllable sounds (Vcc)<br \/>\nIP66<\/p>\n","protected":false},"featured_media":15767973,"comment_status":"closed","ping_status":"closed","template":"","meta":{"_acf_changed":false,"_et_pb_use_builder":"off","_et_pb_old_content":"NEXUS Xenon or LED industrial sound and light combinations feature a 5 Joule flashing light or LED equivalent and a sound power of 105 to 120 dB max (variable according to the sound selected). They are ideal for installation in noisy areas, where the visual signal complements the audible signal.\nThey are designed for your : \n<ul>\n \t<li>Process fault<\/li>\n \t<li>Gas detection<\/li>\n<\/ul>\nSpecifically for industrial and tertiary environments.\n<h3><\/h3>\n<h3><strong>French data sheet<\/strong><\/h3>\n<ul>\n \t<li><a href=\"https:\/\/adfpdf.s3.eu-west-1.amazonaws.com\/5+-+SIGNALISATION+OPTIQUE+ET+SONORE\/2+-+INDUSTRIELLE\/2+-+Combin%C3%A9+sir%C3%A8ne+et+feu+%C3%A9tanche+NEXUS\/ADF_FT+Combin%C3%A9+sonore+et+lumineux+NEXUS+V3.pdf\" target=\"_blank\" rel=\"noopener noreferrer\"><strong><b>French data sheet<\/b><\/strong><\/a><\/li>\n \t<li><strong><a href=\"https:\/\/adfpdf.s3-eu-west-1.amazonaws.com\/5+-+SIGNALISATION+OPTIQUE+ET+SONORE\/2+-+INDUSTRIELLE\/2+-+Combin%C3%A9+sir%C3%A8ne+et+feu+%C3%A9tanche+NEXUS\/Fiche+technique+en+anglais+105.pdf\">Data sheet 105<\/a><\/strong><\/li>\n \t<li><strong><a href=\"https:\/\/adfpdf.s3-eu-west-1.amazonaws.com\/5+-+SIGNALISATION+OPTIQUE+ET+SONORE\/2+-+INDUSTRIELLE\/2+-+Combin%C3%A9+sir%C3%A8ne+et+feu+%C3%A9tanche+NEXUS\/Fiche+technique+en+anglais+110.pdf\">Data sheet 110<\/a><\/strong><\/li>\n \t<li><strong><a href=\"https:\/\/adfpdf.s3-eu-west-1.amazonaws.com\/5+-+SIGNALISATION+OPTIQUE+ET+SONORE\/2+-+INDUSTRIELLE\/2+-+Combin%C3%A9+sir%C3%A8ne+et+feu+%C3%A9tanche+NEXUS\/Fiche+technique+en+anglais+120.pdf\">Data sheet in English 120<\/a><\/strong><\/li>\n \t<li><strong><b><a href=\"https:\/\/adfpdf.s3-eu-west-1.amazonaws.com\/5+-+SIGNALISATION+OPTIQUE+ET+SONORE\/2+-+INDUSTRIELLE\/2+-+Combin%C3%A9+sir%C3%A8ne+et+feu+%C3%A9tanche+NEXUS\/Instructions+d'installation+105+Vca.pdf\" target=\"_blank\" rel=\"noopener noreferrer\">Installation instructions 105 Vac<\/a><\/b><\/strong><\/li>\n \t<li><strong><a href=\"https:\/\/adfpdf.s3-eu-west-1.amazonaws.com\/5+-+SIGNALISATION+OPTIQUE+ET+SONORE\/2+-+INDUSTRIELLE\/2+-+Combin%C3%A9+sir%C3%A8ne+et+feu+%C3%A9tanche+NEXUS\/Instructions+d'installation+105+Vcc.pdf\">Installation instructions 105 Vdc<\/a><\/strong><\/li>\n \t<li><strong><a href=\"https:\/\/adfpdf.s3-eu-west-1.amazonaws.com\/5+-+SIGNALISATION+OPTIQUE+ET+SONORE\/2+-+INDUSTRIELLE\/2+-+Combin%C3%A9+sir%C3%A8ne+et+feu+%C3%A9tanche+NEXUS\/Instructions+d'installation+105+Vca.pdf\">Installation instructions 110 Vac<\/a><\/strong><\/li>\n \t<li><strong><a href=\"https:\/\/adfpdf.s3-eu-west-1.amazonaws.com\/5+-+SIGNALISATION+OPTIQUE+ET+SONORE\/2+-+INDUSTRIELLE\/2+-+Combin%C3%A9+sir%C3%A8ne+et+feu+%C3%A9tanche+NEXUS\/Instructions+d'installation+105+Vcc.pdf\">Installation instructions 110 Vdc<\/a><\/strong><\/li>\n \t<li><a href=\"https:\/\/adfpdf.s3-eu-west-1.amazonaws.com\/5+-+SIGNALISATION+OPTIQUE+ET+SONORE\/2+-+INDUSTRIELLE\/2+-+Combin%C3%A9+sir%C3%A8ne+et+feu+%C3%A9tanche+NEXUS\/Instructions+d'installation+120+Vca.pdf\" target=\"_blank\" rel=\"noopener noreferrer\"><strong><b>Installation instructions 120 Vac<\/b><\/strong><\/a><\/li>\n \t<li><strong><a href=\"https:\/\/adfpdf.s3-eu-west-1.amazonaws.com\/5+-+SIGNALISATION+OPTIQUE+ET+SONORE\/2+-+INDUSTRIELLE\/2+-+Combin%C3%A9+sir%C3%A8ne+et+feu+%C3%A9tanche+NEXUS\/Instructions+d'installation+120+Vcc.pdf\">Installation instructions 120 Vdc<\/a><\/strong><\/li>\n<\/ul>","_et_gb_content_width":""},"product_brand":[],"product_cat":[759,733,734,750,735],"product_tag":[],"class_list":{"0":"post-15768902","1":"product","2":"type-product","3":"status-publish","4":"has-post-thumbnail","6":"product_cat-destocking","7":"product_cat-horn-optics","8":"product_cat-industrial-sound-and-optics-combiner","9":"product_cat-klaxon-signals","10":"product_cat-sound-and-optics-not-atex-certified","12":"first","13":"instock","14":"sale","15":"shipping-taxable","16":"purchasable","17":"product-type-simple"},"acf":[],"yoast_head":"<!-- This site is optimized with the Yoast SEO plugin v27.3 - https:\/\/yoast.com\/product\/yoast-seo-wordpress\/ -->\n<title>NEXUS waterproof light and siren combo -<\/title>\n<meta name=\"description\" content=\"The NEXUS Xenon or LED sound and light handset features a 5 Joule flash light or LED equivalent. Sound power from 105 to 120 dB max.\" \/>\n<meta name=\"robots\" content=\"index, follow, max-snippet:-1, max-image-preview:large, max-video-preview:-1\" \/>\n<link rel=\"canonical\" href=\"https:\/\/adf-systemes.fr\/en\/produit\/nexus-waterproof-light-and-siren-combo\/\" \/>\n<meta property=\"og:locale\" content=\"en_US\" \/>\n<meta property=\"og:type\" content=\"article\" \/>\n<meta property=\"og:title\" content=\"NEXUS waterproof light and siren combo -\" \/>\n<meta property=\"og:description\" content=\"The NEXUS Xenon or LED sound and light handset features a 5 Joule flash light or LED equivalent. Sound power from 105 to 120 dB max.\" \/>\n<meta property=\"og:url\" content=\"https:\/\/adf-systemes.fr\/en\/produit\/nexus-waterproof-light-and-siren-combo\/\" \/>\n<meta property=\"og:site_name\" content=\"ADF Syst\u00e8mes\" \/>\n<meta property=\"article:modified_time\" content=\"2026-01-22T11:29:42+00:00\" \/>\n<meta property=\"og:image\" content=\"https:\/\/adf-systemes.fr\/wp-content\/uploads\/2020\/03\/combine_nexus_bandeau_led_2g_bold.webp\" \/>\n\t<meta property=\"og:image:width\" content=\"300\" \/>\n\t<meta property=\"og:image:height\" content=\"227\" \/>\n\t<meta property=\"og:image:type\" content=\"image\/webp\" \/>\n<meta name=\"twitter:card\" content=\"summary_large_image\" \/>\n<script type=\"application\/ld+json\" class=\"yoast-schema-graph\">{\"@context\":\"https:\\\/\\\/schema.org\",\"@graph\":[{\"@type\":\"WebPage\",\"@id\":\"https:\\\/\\\/adf-systemes.fr\\\/en\\\/produit\\\/nexus-waterproof-light-and-siren-combo\\\/\",\"url\":\"https:\\\/\\\/adf-systemes.fr\\\/en\\\/produit\\\/nexus-waterproof-light-and-siren-combo\\\/\",\"name\":\"NEXUS waterproof light and siren combo -\",\"isPartOf\":{\"@id\":\"https:\\\/\\\/adf-systemes.fr\\\/en\\\/#website\"},\"primaryImageOfPage\":{\"@id\":\"https:\\\/\\\/adf-systemes.fr\\\/en\\\/produit\\\/nexus-waterproof-light-and-siren-combo\\\/#primaryimage\"},\"image\":{\"@id\":\"https:\\\/\\\/adf-systemes.fr\\\/en\\\/produit\\\/nexus-waterproof-light-and-siren-combo\\\/#primaryimage\"},\"thumbnailUrl\":\"https:\\\/\\\/adf-systemes.fr\\\/wp-content\\\/uploads\\\/2020\\\/03\\\/combine_nexus_bandeau_led_2g_bold.webp\",\"datePublished\":\"2020-03-26T10:59:20+00:00\",\"dateModified\":\"2026-01-22T11:29:42+00:00\",\"description\":\"The NEXUS Xenon or LED sound and light handset features a 5 Joule flash light or LED equivalent. Sound power from 105 to 120 dB max.\",\"breadcrumb\":{\"@id\":\"https:\\\/\\\/adf-systemes.fr\\\/en\\\/produit\\\/nexus-waterproof-light-and-siren-combo\\\/#breadcrumb\"},\"inLanguage\":\"en-US\",\"potentialAction\":[{\"@type\":\"ReadAction\",\"target\":[\"https:\\\/\\\/adf-systemes.fr\\\/en\\\/produit\\\/nexus-waterproof-light-and-siren-combo\\\/\"]}]},{\"@type\":\"ImageObject\",\"inLanguage\":\"en-US\",\"@id\":\"https:\\\/\\\/adf-systemes.fr\\\/en\\\/produit\\\/nexus-waterproof-light-and-siren-combo\\\/#primaryimage\",\"url\":\"https:\\\/\\\/adf-systemes.fr\\\/wp-content\\\/uploads\\\/2020\\\/03\\\/combine_nexus_bandeau_led_2g_bold.webp\",\"contentUrl\":\"https:\\\/\\\/adf-systemes.fr\\\/wp-content\\\/uploads\\\/2020\\\/03\\\/combine_nexus_bandeau_led_2g_bold.webp\",\"width\":300,\"height\":227,\"caption\":\"combine_nexus_bandau_led_2g_bold\"},{\"@type\":\"BreadcrumbList\",\"@id\":\"https:\\\/\\\/adf-systemes.fr\\\/en\\\/produit\\\/nexus-waterproof-light-and-siren-combo\\\/#breadcrumb\",\"itemListElement\":[{\"@type\":\"ListItem\",\"position\":1,\"name\":\"Accueil\",\"item\":\"https:\\\/\\\/adf-systemes.fr\\\/en\\\/\"},{\"@type\":\"ListItem\",\"position\":2,\"name\":\"Shop\",\"item\":\"https:\\\/\\\/adf-systemes.fr\\\/en\\\/shop\\\/\"},{\"@type\":\"ListItem\",\"position\":3,\"name\":\"NEXUS waterproof light and siren combo\"}]},{\"@type\":\"WebSite\",\"@id\":\"https:\\\/\\\/adf-systemes.fr\\\/en\\\/#website\",\"url\":\"https:\\\/\\\/adf-systemes.fr\\\/en\\\/\",\"name\":\"ADF Syst\u00e8mes\",\"description\":\"Le sp\u00e9cialiste des solutions de pr\u00e9vention des risques industriels et ATEX\",\"potentialAction\":[{\"@type\":\"SearchAction\",\"target\":{\"@type\":\"EntryPoint\",\"urlTemplate\":\"https:\\\/\\\/adf-systemes.fr\\\/en\\\/?s={search_term_string}\"},\"query-input\":{\"@type\":\"PropertyValueSpecification\",\"valueRequired\":true,\"valueName\":\"search_term_string\"}}],\"inLanguage\":\"en-US\"}]}<\/script>\n<!-- \/ Yoast SEO plugin. -->","yoast_head_json":{"title":"NEXUS waterproof light and siren combo -","description":"The NEXUS Xenon or LED sound and light handset features a 5 Joule flash light or LED equivalent. Sound power from 105 to 120 dB max.","robots":{"index":"index","follow":"follow","max-snippet":"max-snippet:-1","max-image-preview":"max-image-preview:large","max-video-preview":"max-video-preview:-1"},"canonical":"https:\/\/adf-systemes.fr\/en\/produit\/nexus-waterproof-light-and-siren-combo\/","og_locale":"en_US","og_type":"article","og_title":"NEXUS waterproof light and siren combo -","og_description":"The NEXUS Xenon or LED sound and light handset features a 5 Joule flash light or LED equivalent. Sound power from 105 to 120 dB max.","og_url":"https:\/\/adf-systemes.fr\/en\/produit\/nexus-waterproof-light-and-siren-combo\/","og_site_name":"ADF Syst\u00e8mes","article_modified_time":"2026-01-22T11:29:42+00:00","og_image":[{"width":300,"height":227,"url":"https:\/\/adf-systemes.fr\/wp-content\/uploads\/2020\/03\/combine_nexus_bandeau_led_2g_bold.webp","type":"image\/webp"}],"twitter_card":"summary_large_image","schema":{"@context":"https:\/\/schema.org","@graph":[{"@type":"WebPage","@id":"https:\/\/adf-systemes.fr\/en\/produit\/nexus-waterproof-light-and-siren-combo\/","url":"https:\/\/adf-systemes.fr\/en\/produit\/nexus-waterproof-light-and-siren-combo\/","name":"NEXUS waterproof light and siren combo -","isPartOf":{"@id":"https:\/\/adf-systemes.fr\/en\/#website"},"primaryImageOfPage":{"@id":"https:\/\/adf-systemes.fr\/en\/produit\/nexus-waterproof-light-and-siren-combo\/#primaryimage"},"image":{"@id":"https:\/\/adf-systemes.fr\/en\/produit\/nexus-waterproof-light-and-siren-combo\/#primaryimage"},"thumbnailUrl":"https:\/\/adf-systemes.fr\/wp-content\/uploads\/2020\/03\/combine_nexus_bandeau_led_2g_bold.webp","datePublished":"2020-03-26T10:59:20+00:00","dateModified":"2026-01-22T11:29:42+00:00","description":"The NEXUS Xenon or LED sound and light handset features a 5 Joule flash light or LED equivalent. Sound power from 105 to 120 dB max.","breadcrumb":{"@id":"https:\/\/adf-systemes.fr\/en\/produit\/nexus-waterproof-light-and-siren-combo\/#breadcrumb"},"inLanguage":"en-US","potentialAction":[{"@type":"ReadAction","target":["https:\/\/adf-systemes.fr\/en\/produit\/nexus-waterproof-light-and-siren-combo\/"]}]},{"@type":"ImageObject","inLanguage":"en-US","@id":"https:\/\/adf-systemes.fr\/en\/produit\/nexus-waterproof-light-and-siren-combo\/#primaryimage","url":"https:\/\/adf-systemes.fr\/wp-content\/uploads\/2020\/03\/combine_nexus_bandeau_led_2g_bold.webp","contentUrl":"https:\/\/adf-systemes.fr\/wp-content\/uploads\/2020\/03\/combine_nexus_bandeau_led_2g_bold.webp","width":300,"height":227,"caption":"combine_nexus_bandau_led_2g_bold"},{"@type":"BreadcrumbList","@id":"https:\/\/adf-systemes.fr\/en\/produit\/nexus-waterproof-light-and-siren-combo\/#breadcrumb","itemListElement":[{"@type":"ListItem","position":1,"name":"Accueil","item":"https:\/\/adf-systemes.fr\/en\/"},{"@type":"ListItem","position":2,"name":"Shop","item":"https:\/\/adf-systemes.fr\/en\/shop\/"},{"@type":"ListItem","position":3,"name":"NEXUS waterproof light and siren combo"}]},{"@type":"WebSite","@id":"https:\/\/adf-systemes.fr\/en\/#website","url":"https:\/\/adf-systemes.fr\/en\/","name":"ADF Syst\u00e8mes","description":"Le sp\u00e9cialiste des solutions de pr\u00e9vention des risques industriels et ATEX","potentialAction":[{"@type":"SearchAction","target":{"@type":"EntryPoint","urlTemplate":"https:\/\/adf-systemes.fr\/en\/?s={search_term_string}"},"query-input":{"@type":"PropertyValueSpecification","valueRequired":true,"valueName":"search_term_string"}}],"inLanguage":"en-US"}]}},"_links":{"self":[{"href":"https:\/\/adf-systemes.fr\/en\/wp-json\/wp\/v2\/product\/15768902","targetHints":{"allow":["GET"]}}],"collection":[{"href":"https:\/\/adf-systemes.fr\/en\/wp-json\/wp\/v2\/product"}],"about":[{"href":"https:\/\/adf-systemes.fr\/en\/wp-json\/wp\/v2\/types\/product"}],"replies":[{"embeddable":true,"href":"https:\/\/adf-systemes.fr\/en\/wp-json\/wp\/v2\/comments?post=15768902"}],"wp:featuredmedia":[{"embeddable":true,"href":"https:\/\/adf-systemes.fr\/en\/wp-json\/wp\/v2\/media\/15767973"}],"wp:attachment":[{"href":"https:\/\/adf-systemes.fr\/en\/wp-json\/wp\/v2\/media?parent=15768902"}],"wp:term":[{"taxonomy":"product_brand","embeddable":true,"href":"https:\/\/adf-systemes.fr\/en\/wp-json\/wp\/v2\/product_brand?post=15768902"},{"taxonomy":"product_cat","embeddable":true,"href":"https:\/\/adf-systemes.fr\/en\/wp-json\/wp\/v2\/product_cat?post=15768902"},{"taxonomy":"product_tag","embeddable":true,"href":"https:\/\/adf-systemes.fr\/en\/wp-json\/wp\/v2\/product_tag?post=15768902"}],"curies":[{"name":"wp","href":"https:\/\/api.w.org\/{rel}","templated":true}]}}