{"id":15768901,"date":"2020-03-26T10:59:20","date_gmt":"2020-03-26T10:59:20","guid":{"rendered":"https:\/\/adf-systemes.fr\/produit\/atex-cu1-siren-and-flashing-light-combination\/"},"modified":"2026-01-22T11:29:46","modified_gmt":"2026-01-22T11:29:46","slug":"atex-cu1-siren-and-flashing-light-combination","status":"publish","type":"product","link":"https:\/\/adf-systemes.fr\/en\/produit\/atex-cu1-siren-and-flashing-light-combination\/","title":{"rendered":"ATEX CU1 siren and flashing light combination"},"content":{"rendered":"<p>The CU1 ATEX explosion-proof<a href=\"https:\/\/adf-systemes.fr\/en\/audible-and-visual-warning\/atex-audible-and-visual-alarm\/\">light and sound alarm<\/a> features a 5 or 10 Joule xenon flash light and a sound signal up to 116 dB max (variable according to the sound selected). It can be installed in noisy areas, where the visual signal complements the audible signal. It is designed for use with :  <\/p>\n<ul>\n<li>Process fault<\/li>\n<li>Gas detection<\/li>\n<li>Fire detection<\/li>\n<\/ul>\n<p>Specific for applications in the oil, gas, chemical and pharmaceutical industries.  <strong>Documents to download :<\/strong><\/p>\n<ul>\n<li><a href=\"https:\/\/documentation.adf-systemes.fr\/sonore_et_optique\/cu1\/ADF_ft_cu1.pdf\" target=\"_blank\" rel=\"noopener\"><strong><b>French data sheet<\/b><\/strong><\/a><\/li>\n<li><a href=\"https:\/\/documentation.adf-systemes.fr\/sonore_et_optique\/cu1\/datasheet_cu1_combination_units.pdf\" target=\"_blank\" rel=\"noopener\"><strong><b>Data sheet<\/b><\/strong><\/a><\/li>\n<li><a href=\"https:\/\/documentation.adf-systemes.fr\/sonore_et_optique\/cu1\/ATEX_Baseefa04ATEX0273_X_5_CU1.pdf\" target=\"_blank\" rel=\"noopener\"><strong><b>ATEX certificate Baseefa04ATEX0273X<\/b><\/strong><\/a><\/li>\n<li><a href=\"https:\/\/documentation.adf-systemes.fr\/sonore_et_optique\/cu1\/IECEx_BAS_11_0149X_005_cu1_combination_unit.pdf\" target=\"_blank\" rel=\"noopener\"><strong><b>IECEx certificate BAS11.0149X<\/b><\/strong><\/a><\/li>\n<li><a href=\"https:\/\/documentation.adf-systemes.fr\/sonore_et_optique\/cu1\/declaration_of_conformity_cu1_combination_unit.pdf\" target=\"_blank\" rel=\"noopener\"><strong><b>Declaration of conformity<\/b><\/strong><\/a><\/li>\n<li><a href=\"http:\/\/contact.adf-systemes.fr\/13289-telecharger-l-instructions-d-installation-combine-sirene-et-feu-etanche-nexus-120-vcc?neo_campaign=telecharger-l-instructions-d-installation-combine-sirene-et-feu-etanche-nexus-120-vcc-copie&amp;neo_medium=click_popup&amp;uuid=5f6013ce-e065-42b2-b544-be139845d833\" target=\"_blank\" rel=\"noopener\"><strong><b>Installation instructions<\/b><\/strong><\/a><\/li>\n<\/ul>\n","protected":false},"excerpt":{"rendered":"<p>ATEX zones 1, 2<br \/>\n116 dB(A) @1m (variable)<br \/>\n5 or 10 Joules<br \/>\n2 controllable sounds (Vcc)<br \/>\nIP66 &amp; IP67<\/p>\n","protected":false},"featured_media":3730,"comment_status":"closed","ping_status":"closed","template":"","meta":{"_acf_changed":false,"_et_pb_use_builder":"off","_et_pb_old_content":"The ATEX CU1 explosion-proof light and sound combination features a 5 or 10 Joule xenon flash light and an audible signal up to 116 dB max (variable according to the sound selected). It can be installed in noisy areas, where the visual signal complements the audible signal. It is designed for use with :  \n<ul>\n \t<li>Process fault<\/li>\n \t<li>Gas detection<\/li>\n \t<li>Fire detection<\/li>\n<\/ul>\nSpecific for applications in the oil, gas, chemical and pharmaceutical industries.\n\n<strong>Documents to download :<\/strong>\n<ul>\n \t<li><a href=\"https:\/\/adfpdf.s3.eu-west-1.amazonaws.com\/5+-+SIGNALISATION+OPTIQUE+ET+SONORE\/1-+ATEX\/1+-+Combin%C3%A9+sir%C3%A8ne+et+feu+%C3%A0+%C3%A9clats+ATEX+CU1\/ADF_Fiche+technique+CU1.pdf\" target=\"_blank\" rel=\"noopener\"><strong><b>French data sheet<\/b><\/strong><\/a><\/li>\n \t<li><a href=\"https:\/\/adfpdf.s3-eu-west-1.amazonaws.com\/5+-+SIGNALISATION+OPTIQUE+ET+SONORE\/1-+ATEX\/1+-+Combin%C3%A9+sir%C3%A8ne+et+feu+%C3%A0+%C3%A9clats+ATEX+CU1\/fiche+technique+UK+CU1.pdf\" target=\"_blank\" rel=\"noopener\"><strong><b>Data sheet<\/b><\/strong><\/a><\/li>\n \t<li><a href=\"https:\/\/s3-eu-west-1.amazonaws.com\/adfpdf\/5+-+SIGNALISATION+OPTIQUE+ET+SONORE\/1-+ATEX\/1+-+Combin%C3%A9+sir%C3%A8ne+et+feu+%C3%A0+%C3%A9clats+ATEX+CU1\/Certificat+ATEX+Baseefa04ATEX0273X.pdf\" target=\"_blank\" rel=\"noopener\"><strong><b>ATEX certificate Baseefa04ATEX0273X<\/b><\/strong><\/a><\/li>\n \t<li><a href=\"https:\/\/s3-eu-west-1.amazonaws.com\/adfpdf\/5+-+SIGNALISATION+OPTIQUE+ET+SONORE\/1-+ATEX\/1+-+Combin%C3%A9+sir%C3%A8ne+et+feu+%C3%A0+%C3%A9clats+ATEX+CU1\/Certificat+IECEx+BAS11.0149X.pdf\" target=\"_blank\" rel=\"noopener\"><strong><b>IECEx certificate BAS11.0149X<\/b><\/strong><\/a><\/li>\n \t<li><a href=\"https:\/\/s3-eu-west-1.amazonaws.com\/adfpdf\/5+-+SIGNALISATION+OPTIQUE+ET+SONORE\/1-+ATEX\/1+-+Combin%C3%A9+sir%C3%A8ne+et+feu+%C3%A0+%C3%A9clats+ATEX+CU1\/Instructions+d%27installation.pdf\" target=\"_blank\" rel=\"noopener\"><strong><b>Installation instructions<\/b><\/strong><\/a><\/li>\n<\/ul>","_et_gb_content_width":""},"product_brand":[],"product_cat":[773,774,733,692],"product_tag":[],"class_list":{"0":"post-15768901","1":"product","2":"type-product","3":"status-publish","4":"has-post-thumbnail","6":"product_cat-atex-optical-and-acoustic-handset","7":"product_cat-atex-certified-optical-and-acoustic","8":"product_cat-horn-optics","9":"product_cat-medc","11":"first","12":"instock","13":"shipping-taxable","14":"product-type-simple"},"acf":[],"yoast_head":"<!-- This site is optimized with the Yoast SEO plugin v27.3 - https:\/\/yoast.com\/product\/yoast-seo-wordpress\/ -->\n<title>ATEX CU1 siren and flashing light combination -<\/title>\n<meta name=\"description\" content=\"The ATEX CU1 explosion-proof light and sound handset features a xenon flashing light of 5 or 10 Joules and an audible signal of up to 116 dB max.\" \/>\n<meta name=\"robots\" content=\"index, follow, max-snippet:-1, max-image-preview:large, max-video-preview:-1\" \/>\n<link rel=\"canonical\" href=\"https:\/\/adf-systemes.fr\/en\/produit\/atex-cu1-siren-and-flashing-light-combination\/\" \/>\n<meta property=\"og:locale\" content=\"en_US\" \/>\n<meta property=\"og:type\" content=\"article\" \/>\n<meta property=\"og:title\" content=\"ATEX CU1 siren and flashing light combination -\" \/>\n<meta property=\"og:description\" content=\"The ATEX CU1 explosion-proof light and sound handset features a xenon flashing light of 5 or 10 Joules and an audible signal of up to 116 dB max.\" \/>\n<meta property=\"og:url\" content=\"https:\/\/adf-systemes.fr\/en\/produit\/atex-cu1-siren-and-flashing-light-combination\/\" \/>\n<meta property=\"og:site_name\" content=\"ADF Syst\u00e8mes\" \/>\n<meta property=\"article:modified_time\" content=\"2026-01-22T11:29:46+00:00\" \/>\n<meta property=\"og:image\" content=\"https:\/\/adf-systemes.fr\/wp-content\/uploads\/2020\/03\/89_Combin\u00e9-sir\u00e8ne-et-feu-\u00e0-\u00e9clats-ATEX-CU1.png\" \/>\n\t<meta property=\"og:image:width\" content=\"369\" \/>\n\t<meta property=\"og:image:height\" content=\"279\" \/>\n\t<meta property=\"og:image:type\" content=\"image\/png\" \/>\n<meta name=\"twitter:card\" content=\"summary_large_image\" \/>\n<script type=\"application\/ld+json\" class=\"yoast-schema-graph\">{\"@context\":\"https:\\\/\\\/schema.org\",\"@graph\":[{\"@type\":\"WebPage\",\"@id\":\"https:\\\/\\\/adf-systemes.fr\\\/en\\\/produit\\\/atex-cu1-siren-and-flashing-light-combination\\\/\",\"url\":\"https:\\\/\\\/adf-systemes.fr\\\/en\\\/produit\\\/atex-cu1-siren-and-flashing-light-combination\\\/\",\"name\":\"ATEX CU1 siren and flashing light combination -\",\"isPartOf\":{\"@id\":\"https:\\\/\\\/adf-systemes.fr\\\/en\\\/#website\"},\"primaryImageOfPage\":{\"@id\":\"https:\\\/\\\/adf-systemes.fr\\\/en\\\/produit\\\/atex-cu1-siren-and-flashing-light-combination\\\/#primaryimage\"},\"image\":{\"@id\":\"https:\\\/\\\/adf-systemes.fr\\\/en\\\/produit\\\/atex-cu1-siren-and-flashing-light-combination\\\/#primaryimage\"},\"thumbnailUrl\":\"https:\\\/\\\/adf-systemes.fr\\\/wp-content\\\/uploads\\\/2020\\\/03\\\/89_Combin\u00e9-sir\u00e8ne-et-feu-\u00e0-\u00e9clats-ATEX-CU1.png\",\"datePublished\":\"2020-03-26T10:59:20+00:00\",\"dateModified\":\"2026-01-22T11:29:46+00:00\",\"description\":\"The ATEX CU1 explosion-proof light and sound handset features a xenon flashing light of 5 or 10 Joules and an audible signal of up to 116 dB max.\",\"breadcrumb\":{\"@id\":\"https:\\\/\\\/adf-systemes.fr\\\/en\\\/produit\\\/atex-cu1-siren-and-flashing-light-combination\\\/#breadcrumb\"},\"inLanguage\":\"en-US\",\"potentialAction\":[{\"@type\":\"ReadAction\",\"target\":[\"https:\\\/\\\/adf-systemes.fr\\\/en\\\/produit\\\/atex-cu1-siren-and-flashing-light-combination\\\/\"]}]},{\"@type\":\"ImageObject\",\"inLanguage\":\"en-US\",\"@id\":\"https:\\\/\\\/adf-systemes.fr\\\/en\\\/produit\\\/atex-cu1-siren-and-flashing-light-combination\\\/#primaryimage\",\"url\":\"https:\\\/\\\/adf-systemes.fr\\\/wp-content\\\/uploads\\\/2020\\\/03\\\/89_Combin\u00e9-sir\u00e8ne-et-feu-\u00e0-\u00e9clats-ATEX-CU1.png\",\"contentUrl\":\"https:\\\/\\\/adf-systemes.fr\\\/wp-content\\\/uploads\\\/2020\\\/03\\\/89_Combin\u00e9-sir\u00e8ne-et-feu-\u00e0-\u00e9clats-ATEX-CU1.png\",\"width\":369,\"height\":279},{\"@type\":\"BreadcrumbList\",\"@id\":\"https:\\\/\\\/adf-systemes.fr\\\/en\\\/produit\\\/atex-cu1-siren-and-flashing-light-combination\\\/#breadcrumb\",\"itemListElement\":[{\"@type\":\"ListItem\",\"position\":1,\"name\":\"Accueil\",\"item\":\"https:\\\/\\\/adf-systemes.fr\\\/en\\\/\"},{\"@type\":\"ListItem\",\"position\":2,\"name\":\"Shop\",\"item\":\"https:\\\/\\\/adf-systemes.fr\\\/en\\\/shop\\\/\"},{\"@type\":\"ListItem\",\"position\":3,\"name\":\"ATEX CU1 siren and flashing light combination\"}]},{\"@type\":\"WebSite\",\"@id\":\"https:\\\/\\\/adf-systemes.fr\\\/en\\\/#website\",\"url\":\"https:\\\/\\\/adf-systemes.fr\\\/en\\\/\",\"name\":\"ADF Syst\u00e8mes\",\"description\":\"Le sp\u00e9cialiste des solutions de pr\u00e9vention des risques industriels et ATEX\",\"potentialAction\":[{\"@type\":\"SearchAction\",\"target\":{\"@type\":\"EntryPoint\",\"urlTemplate\":\"https:\\\/\\\/adf-systemes.fr\\\/en\\\/?s={search_term_string}\"},\"query-input\":{\"@type\":\"PropertyValueSpecification\",\"valueRequired\":true,\"valueName\":\"search_term_string\"}}],\"inLanguage\":\"en-US\"}]}<\/script>\n<!-- \/ Yoast SEO plugin. -->","yoast_head_json":{"title":"ATEX CU1 siren and flashing light combination -","description":"The ATEX CU1 explosion-proof light and sound handset features a xenon flashing light of 5 or 10 Joules and an audible signal of up to 116 dB max.","robots":{"index":"index","follow":"follow","max-snippet":"max-snippet:-1","max-image-preview":"max-image-preview:large","max-video-preview":"max-video-preview:-1"},"canonical":"https:\/\/adf-systemes.fr\/en\/produit\/atex-cu1-siren-and-flashing-light-combination\/","og_locale":"en_US","og_type":"article","og_title":"ATEX CU1 siren and flashing light combination -","og_description":"The ATEX CU1 explosion-proof light and sound handset features a xenon flashing light of 5 or 10 Joules and an audible signal of up to 116 dB max.","og_url":"https:\/\/adf-systemes.fr\/en\/produit\/atex-cu1-siren-and-flashing-light-combination\/","og_site_name":"ADF Syst\u00e8mes","article_modified_time":"2026-01-22T11:29:46+00:00","og_image":[{"width":369,"height":279,"url":"https:\/\/adf-systemes.fr\/wp-content\/uploads\/2020\/03\/89_Combin\u00e9-sir\u00e8ne-et-feu-\u00e0-\u00e9clats-ATEX-CU1.png","type":"image\/png"}],"twitter_card":"summary_large_image","schema":{"@context":"https:\/\/schema.org","@graph":[{"@type":"WebPage","@id":"https:\/\/adf-systemes.fr\/en\/produit\/atex-cu1-siren-and-flashing-light-combination\/","url":"https:\/\/adf-systemes.fr\/en\/produit\/atex-cu1-siren-and-flashing-light-combination\/","name":"ATEX CU1 siren and flashing light combination -","isPartOf":{"@id":"https:\/\/adf-systemes.fr\/en\/#website"},"primaryImageOfPage":{"@id":"https:\/\/adf-systemes.fr\/en\/produit\/atex-cu1-siren-and-flashing-light-combination\/#primaryimage"},"image":{"@id":"https:\/\/adf-systemes.fr\/en\/produit\/atex-cu1-siren-and-flashing-light-combination\/#primaryimage"},"thumbnailUrl":"https:\/\/adf-systemes.fr\/wp-content\/uploads\/2020\/03\/89_Combin\u00e9-sir\u00e8ne-et-feu-\u00e0-\u00e9clats-ATEX-CU1.png","datePublished":"2020-03-26T10:59:20+00:00","dateModified":"2026-01-22T11:29:46+00:00","description":"The ATEX CU1 explosion-proof light and sound handset features a xenon flashing light of 5 or 10 Joules and an audible signal of up to 116 dB max.","breadcrumb":{"@id":"https:\/\/adf-systemes.fr\/en\/produit\/atex-cu1-siren-and-flashing-light-combination\/#breadcrumb"},"inLanguage":"en-US","potentialAction":[{"@type":"ReadAction","target":["https:\/\/adf-systemes.fr\/en\/produit\/atex-cu1-siren-and-flashing-light-combination\/"]}]},{"@type":"ImageObject","inLanguage":"en-US","@id":"https:\/\/adf-systemes.fr\/en\/produit\/atex-cu1-siren-and-flashing-light-combination\/#primaryimage","url":"https:\/\/adf-systemes.fr\/wp-content\/uploads\/2020\/03\/89_Combin\u00e9-sir\u00e8ne-et-feu-\u00e0-\u00e9clats-ATEX-CU1.png","contentUrl":"https:\/\/adf-systemes.fr\/wp-content\/uploads\/2020\/03\/89_Combin\u00e9-sir\u00e8ne-et-feu-\u00e0-\u00e9clats-ATEX-CU1.png","width":369,"height":279},{"@type":"BreadcrumbList","@id":"https:\/\/adf-systemes.fr\/en\/produit\/atex-cu1-siren-and-flashing-light-combination\/#breadcrumb","itemListElement":[{"@type":"ListItem","position":1,"name":"Accueil","item":"https:\/\/adf-systemes.fr\/en\/"},{"@type":"ListItem","position":2,"name":"Shop","item":"https:\/\/adf-systemes.fr\/en\/shop\/"},{"@type":"ListItem","position":3,"name":"ATEX CU1 siren and flashing light combination"}]},{"@type":"WebSite","@id":"https:\/\/adf-systemes.fr\/en\/#website","url":"https:\/\/adf-systemes.fr\/en\/","name":"ADF Syst\u00e8mes","description":"Le sp\u00e9cialiste des solutions de pr\u00e9vention des risques industriels et ATEX","potentialAction":[{"@type":"SearchAction","target":{"@type":"EntryPoint","urlTemplate":"https:\/\/adf-systemes.fr\/en\/?s={search_term_string}"},"query-input":{"@type":"PropertyValueSpecification","valueRequired":true,"valueName":"search_term_string"}}],"inLanguage":"en-US"}]}},"_links":{"self":[{"href":"https:\/\/adf-systemes.fr\/en\/wp-json\/wp\/v2\/product\/15768901","targetHints":{"allow":["GET"]}}],"collection":[{"href":"https:\/\/adf-systemes.fr\/en\/wp-json\/wp\/v2\/product"}],"about":[{"href":"https:\/\/adf-systemes.fr\/en\/wp-json\/wp\/v2\/types\/product"}],"replies":[{"embeddable":true,"href":"https:\/\/adf-systemes.fr\/en\/wp-json\/wp\/v2\/comments?post=15768901"}],"wp:featuredmedia":[{"embeddable":true,"href":"https:\/\/adf-systemes.fr\/en\/wp-json\/wp\/v2\/media\/3730"}],"wp:attachment":[{"href":"https:\/\/adf-systemes.fr\/en\/wp-json\/wp\/v2\/media?parent=15768901"}],"wp:term":[{"taxonomy":"product_brand","embeddable":true,"href":"https:\/\/adf-systemes.fr\/en\/wp-json\/wp\/v2\/product_brand?post=15768901"},{"taxonomy":"product_cat","embeddable":true,"href":"https:\/\/adf-systemes.fr\/en\/wp-json\/wp\/v2\/product_cat?post=15768901"},{"taxonomy":"product_tag","embeddable":true,"href":"https:\/\/adf-systemes.fr\/en\/wp-json\/wp\/v2\/product_tag?post=15768901"}],"curies":[{"name":"wp","href":"https:\/\/api.w.org\/{rel}","templated":true}]}}