{"id":15768326,"date":"2024-03-05T15:03:02","date_gmt":"2024-03-05T15:03:02","guid":{"rendered":"https:\/\/adf-systemes.fr\/produit\/glamox-led-fx60-and-fx61-atex-floodlight\/"},"modified":"2026-01-15T14:48:03","modified_gmt":"2026-01-15T14:48:03","slug":"glamox-led-fx60-and-fx61-atex-floodlight","status":"publish","type":"product","link":"https:\/\/adf-systemes.fr\/en\/produit\/glamox-led-fx60-and-fx61-atex-floodlight\/","title":{"rendered":"GLAMOX LED FX60 and FX61 ATEX floodlight"},"content":{"rendered":"<p>[et_pb_section fb_built=&#8221;1&#8243; _builder_version=&#8221;4.16&#8243; custom_padding=&#8221;0px||||false|false&#8221; global_colors_info=&#8221;{}&#8221;][et_pb_row _builder_version=&#8221;4.16&#8243; background_size=&#8221;initial&#8221; background_position=&#8221;top_left&#8221; background_repeat=&#8221;repeat&#8221; width=&#8221;100%&#8221; custom_padding=&#8221;0px||0px||false|false&#8221; global_colors_info=&#8221;{}&#8221;][et_pb_column type=&#8221;4_4&#8243; _builder_version=&#8221;4.16&#8243; custom_padding=&#8221;|||&#8221; global_colors_info=&#8221;{}&#8221; custom_padding__hover=&#8221;|||&#8221;][et_pb_wc_breadcrumb _builder_version=&#8221;4.16&#8243; global_colors_info=&#8221;{}&#8221;][\/et_pb_wc_breadcrumb][et_pb_wc_cart_notice _builder_version=&#8221;4.16&#8243; global_colors_info=&#8221;{}&#8221;][\/et_pb_wc_cart_notice][\/et_pb_column][\/et_pb_row][et_pb_row column_structure=&#8221;1_2,1_2&#8243; _builder_version=&#8221;4.16&#8243; background_size=&#8221;initial&#8221; background_position=&#8221;top_left&#8221; background_repeat=&#8221;repeat&#8221; width=&#8221;100%&#8221; custom_padding=&#8221;0px||||false|false&#8221; global_colors_info=&#8221;{}&#8221;][et_pb_column type=&#8221;1_2&#8243; _builder_version=&#8221;4.16&#8243; custom_padding=&#8221;|||&#8221; global_colors_info=&#8221;{}&#8221; custom_padding__hover=&#8221;|||&#8221;][et_pb_wc_images _builder_version=&#8221;4.16&#8243; global_colors_info=&#8221;{}&#8221;][\/et_pb_wc_images][\/et_pb_column][et_pb_column type=&#8221;1_2&#8243; _builder_version=&#8221;4.16&#8243; custom_padding=&#8221;|||&#8221; global_colors_info=&#8221;{}&#8221; custom_padding__hover=&#8221;|||&#8221;][et_pb_wc_title _builder_version=&#8221;4.16&#8243; global_colors_info=&#8221;{}&#8221;][\/et_pb_wc_title][et_pb_wc_rating _builder_version=&#8221;4.16&#8243; global_colors_info=&#8221;{}&#8221;][\/et_pb_wc_rating][et_pb_wc_price _builder_version=&#8221;4.16&#8243; global_colors_info=&#8221;{}&#8221;][\/et_pb_wc_price][et_pb_wc_description _builder_version=&#8221;4.16&#8243; global_colors_info=&#8221;{}&#8221;][\/et_pb_wc_description][et_pb_button button_url=&#8221;http:\/\/cdelestang-adf-systemes-fr.majoliedemo.com\/6459-demandez-un-devis-gratuit?neo_campaign=diagnostic-gratuit&amp;neo_medium=click_popup&amp;uuid=35ac564b-0391-4214-b864-85852ae6315a&#8221; button_text=&#8221;Request a quote&#8221; _builder_version=&#8221;4.16&#8243; custom_button=&#8221;on&#8221; button_bg_color=&#8221;#d7392e&#8221; button_border_width=&#8221;2px&#8221; button_border_color=&#8221;#d7392e&#8221; button_border_radius=&#8221;0px&#8221; background_layout=&#8221;dark&#8221; box_shadow_style=&#8221;preset1&#8243; locked=&#8221;off&#8221; global_colors_info=&#8221;{}&#8221;][\/et_pb_button][et_pb_wc_add_to_cart _builder_version=&#8221;4.16&#8243; global_colors_info=&#8221;{}&#8221;][\/et_pb_wc_add_to_cart][et_pb_wc_meta _builder_version=&#8221;4.16&#8243; global_colors_info=&#8221;{}&#8221;][\/et_pb_wc_meta][\/et_pb_column][\/et_pb_row][et_pb_row _builder_version=&#8221;4.16&#8243; background_size=&#8221;initial&#8221; background_position=&#8221;top_left&#8221; background_repeat=&#8221;repeat&#8221; width=&#8221;100%&#8221; global_colors_info=&#8221;{}&#8221;][et_pb_column type=&#8221;4_4&#8243; _builder_version=&#8221;4.16&#8243; custom_padding=&#8221;|||&#8221; global_colors_info=&#8221;{}&#8221; custom_padding__hover=&#8221;|||&#8221;][et_pb_wc_tabs active_tab_background_color=&#8221;#d7392e&#8221; active_tab_text_color=&#8221;#ffffff&#8221; _builder_version=&#8221;4.16&#8243; tab_font=&#8221;|700|||||||&#8221; tab_font_size=&#8221;16px&#8221; global_colors_info=&#8221;{}&#8221;] [\/et_pb_wc_tabs][et_pb_wc_upsells _builder_version=&#8221;4.16&#8243; global_colors_info=&#8221;{}&#8221;][\/et_pb_wc_upsells][et_pb_wc_related_products _builder_version=&#8221;4.16&#8243; border_width_all_image=&#8221;1px&#8221; global_colors_info=&#8221;{}&#8221;][\/et_pb_wc_related_products][\/et_pb_column][\/et_pb_row][et_pb_row _builder_version=&#8221;4.16&#8243; width=&#8221;100%&#8221; locked=&#8221;off&#8221; global_colors_info=&#8221;{}&#8221;][et_pb_column type=&#8221;4_4&#8243; _builder_version=&#8221;4.16&#8243; global_colors_info=&#8221;{}&#8221;][et_pb_text _builder_version=&#8221;4.16&#8243; header_2_font=&#8221;|600|||||||&#8221; header_2_text_color=&#8221;#d7392e&#8221; global_colors_info=&#8221;{}&#8221;]<\/p>\n<h2 id='tailored-support-in-your-choice-of-solutions'  id=\"boomdevs_1\">TAILORED SUPPORT IN YOUR CHOICE OF SOLUTIONS<\/h2>\n<p>[\/et_pb_text][\/et_pb_column][\/et_pb_row][et_pb_row column_structure=&#8221;1_3,1_3,1_3&#8243; _builder_version=&#8221;4.16&#8243; width=&#8221;100%&#8221; max_width=&#8221;1126px&#8221; use_custom_width=&#8221;on&#8221; width_unit=&#8221;off&#8221; locked=&#8221;off&#8221; global_colors_info=&#8221;{}&#8221;][et_pb_column type=&#8221;1_3&#8243; _builder_version=&#8221;4.16&#8243; custom_padding=&#8221;10px|10px|10px|10px|true|false&#8221; custom_css_main_element=&#8221;height:337px&#8221; border_width_all=&#8221;1px&#8221; box_shadow_style=&#8221;preset4&#8243; global_colors_info=&#8221;{}&#8221; custom_padding__hover=&#8221;|||&#8221;][et_pb_image src=&#8221;https:\/\/adf-systemes.fr\/wp-content\/uploads\/2020\/03\/client-1.png&#8221; _builder_version=&#8221;4.16&#8243; width=&#8221;36px&#8221; global_colors_info=&#8221;{}&#8221;][\/et_pb_image][et_pb_text _builder_version=&#8221;4.20.0&#8243; text_font=&#8221;||||||||&#8221; text_font_size=&#8221;15px&#8221; header_font=&#8221;||||||||&#8221; header_2_font=&#8221;||||||||&#8221; header_2_text_align=&#8221;left&#8221; header_3_font=&#8221;||||||||&#8221; header_3_text_align=&#8221;left&#8221; header_4_text_color=&#8221;#d7392e&#8221; header_font_size_tablet=&#8221;&#8221; header_font_size_phone=&#8221;&#8221; header_font_size_last_edited=&#8221;on|phone&#8221; header_2_font_size_tablet=&#8221;&#8221; header_2_font_size_phone=&#8221;&#8221; header_2_font_size_last_edited=&#8221;on|phone&#8221; header_3_font_size_tablet=&#8221;&#8221; header_3_font_size_phone=&#8221;&#8221; header_3_font_size_last_edited=&#8221;on|desktop&#8221; text_text_align=&#8221;left&#8221; global_colors_info=&#8221;{}&#8221;]<\/p>\n<h3 id='extensive-customer-support-and-follow-up'  id=\"boomdevs_2\">Extensive customer support and follow-up<\/h3>\n<p>We make it a point of honor to help you choose the products and solutions best suited to your industrial safety and risk management needs.[\/et_pb_text][\/et_pb_column][et_pb_column type=&#8221;1_3&#8243; _builder_version=&#8221;4.16&#8243; custom_padding=&#8221;10px|10px|10px|10px|true|false&#8221; custom_css_main_element=&#8221;height:337px&#8221; border_width_all=&#8221;1px&#8221; box_shadow_style=&#8221;preset4&#8243; global_colors_info=&#8221;{}&#8221;][et_pb_image src=&#8221;https:\/\/adf-systemes.fr\/wp-content\/uploads\/2020\/03\/experience.png&#8221; _builder_version=&#8221;4.16&#8243; width=&#8221;36px&#8221; global_colors_info=&#8221;{}&#8221;][\/et_pb_image][et_pb_text _builder_version=&#8221;4.20.0&#8243; text_font=&#8221;||||||||&#8221; text_font_size=&#8221;15px&#8221; header_font=&#8221;||||||||&#8221; header_2_font=&#8221;||||||||&#8221; header_2_text_align=&#8221;left&#8221; header_3_font=&#8221;||||||||&#8221; header_3_text_align=&#8221;left&#8221; header_4_text_color=&#8221;#d7392e&#8221; header_font_size_tablet=&#8221;&#8221; header_font_size_phone=&#8221;&#8221; header_font_size_last_edited=&#8221;on|phone&#8221; header_2_font_size_tablet=&#8221;&#8221; header_2_font_size_phone=&#8221;&#8221; header_2_font_size_last_edited=&#8221;on|phone&#8221; header_3_font_size_tablet=&#8221;&#8221; header_3_font_size_phone=&#8221;&#8221; header_3_font_size_last_edited=&#8221;on|desktop&#8221; text_text_align=&#8221;left&#8221; global_colors_info=&#8221;{}&#8221;]<\/p>\n<h3 id='our-technical-solutions'  id=\"boomdevs_3\">Our technical solutions<\/h3>\n<p>Since 1995, we have been committed to offering you a range of products and solutions with the best quality\/price ratio to secure the most varied industrial projects.[\/et_pb_text][\/et_pb_column][et_pb_column type=&#8221;1_3&#8243; _builder_version=&#8221;4.16&#8243; custom_padding=&#8221;10px|10px|10px|10px|true|false&#8221; custom_css_main_element=&#8221;height:337px&#8221; border_width_all=&#8221;1px&#8221; box_shadow_style=&#8221;preset4&#8243; global_colors_info=&#8221;{}&#8221; custom_padding__hover=&#8221;|||&#8221;][et_pb_image src=&#8221;https:\/\/adf-systemes.fr\/wp-content\/uploads\/2020\/03\/medal.png&#8221; _builder_version=&#8221;4.16&#8243; width=&#8221;36px&#8221; global_colors_info=&#8221;{}&#8221;][\/et_pb_image][et_pb_text _builder_version=&#8221;4.20.0&#8243; text_font=&#8221;||||||||&#8221; text_font_size=&#8221;15px&#8221; header_font=&#8221;||||||||&#8221; header_2_font=&#8221;||||||||&#8221; header_2_text_align=&#8221;left&#8221; header_3_font=&#8221;||||||||&#8221; header_3_text_align=&#8221;left&#8221; header_4_text_color=&#8221;#d7392e&#8221; header_font_size_tablet=&#8221;&#8221; header_font_size_phone=&#8221;&#8221; header_font_size_last_edited=&#8221;on|phone&#8221; header_2_font_size_tablet=&#8221;&#8221; header_2_font_size_phone=&#8221;&#8221; header_2_font_size_last_edited=&#8221;on|phone&#8221; header_3_font_size_tablet=&#8221;&#8221; header_3_font_size_phone=&#8221;&#8221; header_3_font_size_last_edited=&#8221;on|desktop&#8221; text_text_align=&#8221;left&#8221; global_colors_info=&#8221;{}&#8221;]<\/p>\n<h3 id='certified-products'  id=\"boomdevs_4\">Certified products<\/h3>\n<p><strong>ATEX, UL, cCSAus, FM, IECEx, CUTR, EAC, CQST, Inmetro, SIL, NF, EN54, ISO 9001&#8230;<\/strong>[\/et_pb_text][\/et_pb_column][\/et_pb_row][\/et_pb_section]<\/p>\n","protected":false},"excerpt":{"rendered":"<p>ATEX zones 1 and 2<br \/>\nLED 40W \/ 4500 lumens per module.<br \/>\nColor white temperature 5000 K<br \/>\nLife expectancy 100,000 hours<br \/>\nDesigned specifically for the marine environment (anti-corrosion)<br \/>\nIP66 &amp; IP67<\/p>\n","protected":false},"featured_media":7108,"comment_status":"closed","ping_status":"closed","template":"","meta":{"_acf_changed":false,"_et_pb_use_builder":"on","_et_pb_old_content":"The FX60 and FX61 ATEX floodlights are available from 1 to 6 LED modules of 40W each.\nIdeal for your lighting with 3 light beam shapes to choose from:\n\uf0a7 Narrow beam\n\uf0a7 Medium beam\n\uf0a7 Wide beam\n\nSpecifically for<a href=\"https:\/\/adf-systemes.fr\/eclairage\/\">outdoor lighting<\/a> on chemical and oil sites\n\n<strong>ADVANTAGES<\/strong>\n\uf0a7 High luminous power of 4500 Lumen per module\n\uf0a7 360\u00b0 signage\n\uf0a7 Lifetime of 100,000 hours\n\uf0a7 Design specifically for the marine environment (anti-corrosion)\n\uf0a7 White color, temperature 5000 K\n\n<strong>Documents to download :<\/strong>\n<ul>\n \t<li><a href=\"https:\/\/documentation.adf-systemes.fr\/eclairage\/projecteur_atex\/fx60_fx61\/ADF_FT_projecteur_atex_FX60_FX61.pdf\" target=\"_blank\" rel=\"noopener\"><strong><b>French data sheet<\/b><\/strong><\/a><\/li>\n \t<li><a href=\"https:\/\/documentation.adf-systemes.fr\/eclairage\/projecteur_atex\/fx60_fx61\/manuel_installation_FX60_User_Manual_7179750301_EN.pdf\" target=\"_blank\" rel=\"noopener\"><strong><b>FX60 installation manual<\/b><\/strong><\/a><\/li>\n \t<li><a href=\"https:\/\/documentation.adf-systemes.fr\/eclairage\/projecteur_atex\/fx60_fx61\/manuel_installation_FX61_User%20Manual_7179750302_EN.pdf\" target=\"_blank\" rel=\"noopener\"><strong><b>FX61 installation manual<\/b><\/strong><\/a><\/li>\n<\/ul>","_et_gb_content_width":""},"product_brand":[],"product_cat":[758],"product_tag":[],"class_list":{"0":"post-15768326","1":"product","2":"type-product","3":"status-publish","4":"has-post-thumbnail","6":"product_cat-lighting","8":"first","9":"instock","10":"shipping-taxable","11":"product-type-simple"},"acf":[],"yoast_head":"<!-- This site is optimized with the Yoast SEO plugin v27.3 - https:\/\/yoast.com\/product\/yoast-seo-wordpress\/ -->\n<title>GLAMOX LED FX60 and FX61 ATEX floodlight -<\/title>\n<meta name=\"description\" content=\"FX60 and FX61 ATEX floodlights are available with 1 to 6 LED modules of 40W each. Ideal for your lighting needs, with a choice of 3 beam shapes.\" \/>\n<meta name=\"robots\" content=\"index, follow, max-snippet:-1, max-image-preview:large, max-video-preview:-1\" \/>\n<link rel=\"canonical\" href=\"https:\/\/adf-systemes.fr\/en\/produit\/glamox-led-fx60-and-fx61-atex-floodlight\/\" \/>\n<meta property=\"og:locale\" content=\"en_US\" \/>\n<meta property=\"og:type\" content=\"article\" \/>\n<meta property=\"og:title\" content=\"GLAMOX LED FX60 and FX61 ATEX floodlight -\" \/>\n<meta property=\"og:description\" content=\"FX60 and FX61 ATEX floodlights are available with 1 to 6 LED modules of 40W each. Ideal for your lighting needs, with a choice of 3 beam shapes.\" \/>\n<meta property=\"og:url\" content=\"https:\/\/adf-systemes.fr\/en\/produit\/glamox-led-fx60-and-fx61-atex-floodlight\/\" \/>\n<meta property=\"og:site_name\" content=\"ADF Syst\u00e8mes\" \/>\n<meta property=\"article:modified_time\" content=\"2026-01-15T14:48:03+00:00\" \/>\n<meta property=\"og:image\" content=\"https:\/\/adf-systemes.fr\/wp-content\/uploads\/2024\/03\/glamox-marine-led-floodlight-ex-fx60-fx60401000_1.webp\" \/>\n\t<meta property=\"og:image:width\" content=\"1000\" \/>\n\t<meta property=\"og:image:height\" content=\"1000\" \/>\n\t<meta property=\"og:image:type\" content=\"image\/webp\" \/>\n<meta name=\"twitter:card\" content=\"summary_large_image\" \/>\n<meta name=\"twitter:label1\" content=\"Est. reading time\" \/>\n\t<meta name=\"twitter:data1\" content=\"5 minutes\" \/>\n<script type=\"application\/ld+json\" class=\"yoast-schema-graph\">{\"@context\":\"https:\\\/\\\/schema.org\",\"@graph\":[{\"@type\":\"WebPage\",\"@id\":\"https:\\\/\\\/adf-systemes.fr\\\/en\\\/produit\\\/glamox-led-fx60-and-fx61-atex-floodlight\\\/\",\"url\":\"https:\\\/\\\/adf-systemes.fr\\\/en\\\/produit\\\/glamox-led-fx60-and-fx61-atex-floodlight\\\/\",\"name\":\"GLAMOX LED FX60 and FX61 ATEX floodlight -\",\"isPartOf\":{\"@id\":\"https:\\\/\\\/adf-systemes.fr\\\/en\\\/#website\"},\"primaryImageOfPage\":{\"@id\":\"https:\\\/\\\/adf-systemes.fr\\\/en\\\/produit\\\/glamox-led-fx60-and-fx61-atex-floodlight\\\/#primaryimage\"},\"image\":{\"@id\":\"https:\\\/\\\/adf-systemes.fr\\\/en\\\/produit\\\/glamox-led-fx60-and-fx61-atex-floodlight\\\/#primaryimage\"},\"thumbnailUrl\":\"https:\\\/\\\/adf-systemes.fr\\\/wp-content\\\/uploads\\\/2024\\\/03\\\/glamox-marine-led-floodlight-ex-fx60-fx60401000_1.webp\",\"datePublished\":\"2024-03-05T15:03:02+00:00\",\"dateModified\":\"2026-01-15T14:48:03+00:00\",\"description\":\"FX60 and FX61 ATEX floodlights are available with 1 to 6 LED modules of 40W each. Ideal for your lighting needs, with a choice of 3 beam shapes.\",\"breadcrumb\":{\"@id\":\"https:\\\/\\\/adf-systemes.fr\\\/en\\\/produit\\\/glamox-led-fx60-and-fx61-atex-floodlight\\\/#breadcrumb\"},\"inLanguage\":\"en-US\",\"potentialAction\":[{\"@type\":\"ReadAction\",\"target\":[\"https:\\\/\\\/adf-systemes.fr\\\/en\\\/produit\\\/glamox-led-fx60-and-fx61-atex-floodlight\\\/\"]}]},{\"@type\":\"ImageObject\",\"inLanguage\":\"en-US\",\"@id\":\"https:\\\/\\\/adf-systemes.fr\\\/en\\\/produit\\\/glamox-led-fx60-and-fx61-atex-floodlight\\\/#primaryimage\",\"url\":\"https:\\\/\\\/adf-systemes.fr\\\/wp-content\\\/uploads\\\/2024\\\/03\\\/glamox-marine-led-floodlight-ex-fx60-fx60401000_1.webp\",\"contentUrl\":\"https:\\\/\\\/adf-systemes.fr\\\/wp-content\\\/uploads\\\/2024\\\/03\\\/glamox-marine-led-floodlight-ex-fx60-fx60401000_1.webp\",\"width\":1000,\"height\":1000,\"caption\":\"glamox-marine-led-floodlight-ex-fx60-FX60401000_1\"},{\"@type\":\"BreadcrumbList\",\"@id\":\"https:\\\/\\\/adf-systemes.fr\\\/en\\\/produit\\\/glamox-led-fx60-and-fx61-atex-floodlight\\\/#breadcrumb\",\"itemListElement\":[{\"@type\":\"ListItem\",\"position\":1,\"name\":\"Accueil\",\"item\":\"https:\\\/\\\/adf-systemes.fr\\\/en\\\/\"},{\"@type\":\"ListItem\",\"position\":2,\"name\":\"Shop\",\"item\":\"https:\\\/\\\/adf-systemes.fr\\\/en\\\/shop\\\/\"},{\"@type\":\"ListItem\",\"position\":3,\"name\":\"GLAMOX LED FX60 and FX61 ATEX floodlight\"}]},{\"@type\":\"WebSite\",\"@id\":\"https:\\\/\\\/adf-systemes.fr\\\/en\\\/#website\",\"url\":\"https:\\\/\\\/adf-systemes.fr\\\/en\\\/\",\"name\":\"ADF Syst\u00e8mes\",\"description\":\"Le sp\u00e9cialiste des solutions de pr\u00e9vention des risques industriels et ATEX\",\"potentialAction\":[{\"@type\":\"SearchAction\",\"target\":{\"@type\":\"EntryPoint\",\"urlTemplate\":\"https:\\\/\\\/adf-systemes.fr\\\/en\\\/?s={search_term_string}\"},\"query-input\":{\"@type\":\"PropertyValueSpecification\",\"valueRequired\":true,\"valueName\":\"search_term_string\"}}],\"inLanguage\":\"en-US\"}]}<\/script>\n<!-- \/ Yoast SEO plugin. -->","yoast_head_json":{"title":"GLAMOX LED FX60 and FX61 ATEX floodlight -","description":"FX60 and FX61 ATEX floodlights are available with 1 to 6 LED modules of 40W each. Ideal for your lighting needs, with a choice of 3 beam shapes.","robots":{"index":"index","follow":"follow","max-snippet":"max-snippet:-1","max-image-preview":"max-image-preview:large","max-video-preview":"max-video-preview:-1"},"canonical":"https:\/\/adf-systemes.fr\/en\/produit\/glamox-led-fx60-and-fx61-atex-floodlight\/","og_locale":"en_US","og_type":"article","og_title":"GLAMOX LED FX60 and FX61 ATEX floodlight -","og_description":"FX60 and FX61 ATEX floodlights are available with 1 to 6 LED modules of 40W each. Ideal for your lighting needs, with a choice of 3 beam shapes.","og_url":"https:\/\/adf-systemes.fr\/en\/produit\/glamox-led-fx60-and-fx61-atex-floodlight\/","og_site_name":"ADF Syst\u00e8mes","article_modified_time":"2026-01-15T14:48:03+00:00","og_image":[{"width":1000,"height":1000,"url":"https:\/\/adf-systemes.fr\/wp-content\/uploads\/2024\/03\/glamox-marine-led-floodlight-ex-fx60-fx60401000_1.webp","type":"image\/webp"}],"twitter_card":"summary_large_image","twitter_misc":{"Est. reading time":"5 minutes"},"schema":{"@context":"https:\/\/schema.org","@graph":[{"@type":"WebPage","@id":"https:\/\/adf-systemes.fr\/en\/produit\/glamox-led-fx60-and-fx61-atex-floodlight\/","url":"https:\/\/adf-systemes.fr\/en\/produit\/glamox-led-fx60-and-fx61-atex-floodlight\/","name":"GLAMOX LED FX60 and FX61 ATEX floodlight -","isPartOf":{"@id":"https:\/\/adf-systemes.fr\/en\/#website"},"primaryImageOfPage":{"@id":"https:\/\/adf-systemes.fr\/en\/produit\/glamox-led-fx60-and-fx61-atex-floodlight\/#primaryimage"},"image":{"@id":"https:\/\/adf-systemes.fr\/en\/produit\/glamox-led-fx60-and-fx61-atex-floodlight\/#primaryimage"},"thumbnailUrl":"https:\/\/adf-systemes.fr\/wp-content\/uploads\/2024\/03\/glamox-marine-led-floodlight-ex-fx60-fx60401000_1.webp","datePublished":"2024-03-05T15:03:02+00:00","dateModified":"2026-01-15T14:48:03+00:00","description":"FX60 and FX61 ATEX floodlights are available with 1 to 6 LED modules of 40W each. Ideal for your lighting needs, with a choice of 3 beam shapes.","breadcrumb":{"@id":"https:\/\/adf-systemes.fr\/en\/produit\/glamox-led-fx60-and-fx61-atex-floodlight\/#breadcrumb"},"inLanguage":"en-US","potentialAction":[{"@type":"ReadAction","target":["https:\/\/adf-systemes.fr\/en\/produit\/glamox-led-fx60-and-fx61-atex-floodlight\/"]}]},{"@type":"ImageObject","inLanguage":"en-US","@id":"https:\/\/adf-systemes.fr\/en\/produit\/glamox-led-fx60-and-fx61-atex-floodlight\/#primaryimage","url":"https:\/\/adf-systemes.fr\/wp-content\/uploads\/2024\/03\/glamox-marine-led-floodlight-ex-fx60-fx60401000_1.webp","contentUrl":"https:\/\/adf-systemes.fr\/wp-content\/uploads\/2024\/03\/glamox-marine-led-floodlight-ex-fx60-fx60401000_1.webp","width":1000,"height":1000,"caption":"glamox-marine-led-floodlight-ex-fx60-FX60401000_1"},{"@type":"BreadcrumbList","@id":"https:\/\/adf-systemes.fr\/en\/produit\/glamox-led-fx60-and-fx61-atex-floodlight\/#breadcrumb","itemListElement":[{"@type":"ListItem","position":1,"name":"Accueil","item":"https:\/\/adf-systemes.fr\/en\/"},{"@type":"ListItem","position":2,"name":"Shop","item":"https:\/\/adf-systemes.fr\/en\/shop\/"},{"@type":"ListItem","position":3,"name":"GLAMOX LED FX60 and FX61 ATEX floodlight"}]},{"@type":"WebSite","@id":"https:\/\/adf-systemes.fr\/en\/#website","url":"https:\/\/adf-systemes.fr\/en\/","name":"ADF Syst\u00e8mes","description":"Le sp\u00e9cialiste des solutions de pr\u00e9vention des risques industriels et ATEX","potentialAction":[{"@type":"SearchAction","target":{"@type":"EntryPoint","urlTemplate":"https:\/\/adf-systemes.fr\/en\/?s={search_term_string}"},"query-input":{"@type":"PropertyValueSpecification","valueRequired":true,"valueName":"search_term_string"}}],"inLanguage":"en-US"}]}},"_links":{"self":[{"href":"https:\/\/adf-systemes.fr\/en\/wp-json\/wp\/v2\/product\/15768326","targetHints":{"allow":["GET"]}}],"collection":[{"href":"https:\/\/adf-systemes.fr\/en\/wp-json\/wp\/v2\/product"}],"about":[{"href":"https:\/\/adf-systemes.fr\/en\/wp-json\/wp\/v2\/types\/product"}],"replies":[{"embeddable":true,"href":"https:\/\/adf-systemes.fr\/en\/wp-json\/wp\/v2\/comments?post=15768326"}],"wp:featuredmedia":[{"embeddable":true,"href":"https:\/\/adf-systemes.fr\/en\/wp-json\/wp\/v2\/media\/7108"}],"wp:attachment":[{"href":"https:\/\/adf-systemes.fr\/en\/wp-json\/wp\/v2\/media?parent=15768326"}],"wp:term":[{"taxonomy":"product_brand","embeddable":true,"href":"https:\/\/adf-systemes.fr\/en\/wp-json\/wp\/v2\/product_brand?post=15768326"},{"taxonomy":"product_cat","embeddable":true,"href":"https:\/\/adf-systemes.fr\/en\/wp-json\/wp\/v2\/product_cat?post=15768326"},{"taxonomy":"product_tag","embeddable":true,"href":"https:\/\/adf-systemes.fr\/en\/wp-json\/wp\/v2\/product_tag?post=15768326"}],"curies":[{"name":"wp","href":"https:\/\/api.w.org\/{rel}","templated":true}]}}