{"id":15768308,"date":"2024-02-02T11:01:14","date_gmt":"2024-02-02T11:01:14","guid":{"rendered":"https:\/\/adf-systemes.fr\/produit\/sonos-led-atex-handset\/"},"modified":"2026-02-05T14:07:34","modified_gmt":"2026-02-05T14:07:34","slug":"sonos-led-atex-handset","status":"publish","type":"product","link":"https:\/\/adf-systemes.fr\/en\/produit\/sonos-led-atex-handset\/","title":{"rendered":"SONOS LED ATEX handset"},"content":{"rendered":"<p>Our SONOS industrial LED handset has a maximum output of 105 dB. Its compact, easy-to-install design is specifically designed for your : <\/p>\n<ul>\n<li>Process fault<\/li>\n<li>Gas and\/or fire detection.<\/li>\n<\/ul>\n<p>Specific for Light weight industrial environments<\/p>\n<p>. <strong>Documents to download :<\/strong><\/p>\n<ul>\n<li><a href=\"https:\/\/documentation.adf-systemes.fr\/sonore_et_optique\/combi_sonos_led_si\/ADF_ft_combine-sonos_de_si.pdf\" target=\"_blank\" rel=\"noopener\"><strong><b>French data sheet<\/b><\/strong><\/a><\/li>\n<li><a href=\"https:\/\/documentation.adf-systemes.fr\/sonore_et_optique\/combi_sonos_led_si\/datasheet_combi_sonos_led_si.pdf\" target=\"_blank\" rel=\"noopener\"><strong><b>Data sheet<\/b><\/strong><\/a><\/li>\n<li><a href=\"https:\/\/documentation.adf-systemes.fr\/sonore_et_optique\/combi_sonos_led_si\/certifiat_atex_cer_emt17ATEX0012X_2.pdf\" target=\"_blank\" rel=\"noopener\"><strong><b>ATEX certificate EMT17ATEX0012X<\/b><\/strong><\/a><\/li>\n<li><a href=\"http:\/\/contact.adf-systemes.fr\/13190-telecharger-l-instructions-d-installation-version-mini?neo_campaign=telecharger-l-instructions-d-installation-colonne-de-signalisation-lumineuse-esign-multimode-copie&amp;neo_medium=click_popup&amp;uuid=b6447c5b-3067-4b0a-b142-6b00ecc99ab9\" target=\"_blank\" rel=\"noopener\"><strong><b>Installation instructions<\/b><\/strong><\/a><\/li>\n<\/ul>\n","protected":false},"excerpt":{"rendered":"<p>ATEX zones 0, 1, 2, 20, 21 &amp; 22<br \/>\n105 dB(A) @1m (variable)<br \/>\nIP66<\/p>\n","protected":false},"featured_media":3733,"comment_status":"closed","ping_status":"closed","template":"","meta":{"_acf_changed":false,"_et_pb_use_builder":"off","_et_pb_old_content":"The ATEX CU1 explosion-proof light and sound combination features a 5 or 10 Joule xenon flash light and an audible signal up to 116 dB max (variable according to the sound selected). It can be installed in noisy areas, where the visual signal complements the audible signal. It is designed for use with :  \n<ul>\n \t<li>Process fault<\/li>\n \t<li>Gas detection<\/li>\n \t<li>Fire detection<\/li>\n<\/ul>\nSpecific for applications in the oil, gas, chemical and pharmaceutical industries.\n\n<strong>Documents to download :<\/strong>\n<ul>\n \t<li><a href=\"https:\/\/adfpdf.s3.eu-west-1.amazonaws.com\/5+-+SIGNALISATION+OPTIQUE+ET+SONORE\/1-+ATEX\/1+-+Combin%C3%A9+sir%C3%A8ne+et+feu+%C3%A0+%C3%A9clats+ATEX+CU1\/ADF_Fiche+technique+CU1.pdf\" target=\"_blank\" rel=\"noopener\"><strong><b>French data sheet<\/b><\/strong><\/a><\/li>\n \t<li><a href=\"https:\/\/adfpdf.s3-eu-west-1.amazonaws.com\/5+-+SIGNALISATION+OPTIQUE+ET+SONORE\/1-+ATEX\/1+-+Combin%C3%A9+sir%C3%A8ne+et+feu+%C3%A0+%C3%A9clats+ATEX+CU1\/fiche+technique+UK+CU1.pdf\" target=\"_blank\" rel=\"noopener\"><strong><b>Data sheet<\/b><\/strong><\/a><\/li>\n \t<li><a href=\"https:\/\/s3-eu-west-1.amazonaws.com\/adfpdf\/5+-+SIGNALISATION+OPTIQUE+ET+SONORE\/1-+ATEX\/1+-+Combin%C3%A9+sir%C3%A8ne+et+feu+%C3%A0+%C3%A9clats+ATEX+CU1\/Certificat+ATEX+Baseefa04ATEX0273X.pdf\" target=\"_blank\" rel=\"noopener\"><strong><b>ATEX certificate Baseefa04ATEX0273X<\/b><\/strong><\/a><\/li>\n \t<li><a href=\"https:\/\/s3-eu-west-1.amazonaws.com\/adfpdf\/5+-+SIGNALISATION+OPTIQUE+ET+SONORE\/1-+ATEX\/1+-+Combin%C3%A9+sir%C3%A8ne+et+feu+%C3%A0+%C3%A9clats+ATEX+CU1\/Certificat+IECEx+BAS11.0149X.pdf\" target=\"_blank\" rel=\"noopener\"><strong><b>IECEx certificate BAS11.0149X<\/b><\/strong><\/a><\/li>\n \t<li><a href=\"https:\/\/s3-eu-west-1.amazonaws.com\/adfpdf\/5+-+SIGNALISATION+OPTIQUE+ET+SONORE\/1-+ATEX\/1+-+Combin%C3%A9+sir%C3%A8ne+et+feu+%C3%A0+%C3%A9clats+ATEX+CU1\/Instructions+d%27installation.pdf\" target=\"_blank\" rel=\"noopener\"><strong><b>Installation instructions<\/b><\/strong><\/a><\/li>\n<\/ul>","_et_gb_content_width":""},"product_brand":[],"product_cat":[773,774,733,750],"product_tag":[],"class_list":{"0":"post-15768308","1":"product","2":"type-product","3":"status-publish","4":"has-post-thumbnail","6":"product_cat-atex-optical-and-acoustic-handset","7":"product_cat-atex-certified-optical-and-acoustic","8":"product_cat-horn-optics","9":"product_cat-klaxon-signals","11":"first","12":"instock","13":"shipping-taxable","14":"product-type-simple"},"acf":[],"yoast_head":"<!-- This site is optimized with the Yoast SEO plugin v27.3 - https:\/\/yoast.com\/product\/yoast-seo-wordpress\/ -->\n<title>SONOS LED ATEX handset -<\/title>\n<meta name=\"description\" content=\"The SONOS LED ATEX handset offers 105 dB of maximum power. Its intrinsically safe protection mode is ideal for Light weight industrial environments.\" \/>\n<meta name=\"robots\" content=\"index, follow, max-snippet:-1, max-image-preview:large, max-video-preview:-1\" \/>\n<link rel=\"canonical\" href=\"https:\/\/adf-systemes.fr\/en\/produit\/sonos-led-atex-handset\/\" \/>\n<meta property=\"og:locale\" content=\"en_US\" \/>\n<meta property=\"og:type\" content=\"article\" \/>\n<meta property=\"og:title\" content=\"SONOS LED ATEX handset -\" \/>\n<meta property=\"og:description\" content=\"The SONOS LED ATEX handset offers 105 dB of maximum power. Its intrinsically safe protection mode is ideal for Light weight industrial environments.\" \/>\n<meta property=\"og:url\" content=\"https:\/\/adf-systemes.fr\/en\/produit\/sonos-led-atex-handset\/\" \/>\n<meta property=\"og:site_name\" content=\"ADF Syst\u00e8mes\" \/>\n<meta property=\"article:modified_time\" content=\"2026-02-05T14:07:34+00:00\" \/>\n<meta property=\"og:image\" content=\"https:\/\/adf-systemes.fr\/wp-content\/uploads\/2020\/03\/91_Combin\u00e9-sir\u00e8ne-et-feu-\u00e9tanche-SONOS-LED.png\" \/>\n\t<meta property=\"og:image:width\" content=\"369\" \/>\n\t<meta property=\"og:image:height\" content=\"279\" \/>\n\t<meta property=\"og:image:type\" content=\"image\/png\" \/>\n<meta name=\"twitter:card\" content=\"summary_large_image\" \/>\n<script type=\"application\/ld+json\" class=\"yoast-schema-graph\">{\"@context\":\"https:\\\/\\\/schema.org\",\"@graph\":[{\"@type\":\"WebPage\",\"@id\":\"https:\\\/\\\/adf-systemes.fr\\\/en\\\/produit\\\/sonos-led-atex-handset\\\/\",\"url\":\"https:\\\/\\\/adf-systemes.fr\\\/en\\\/produit\\\/sonos-led-atex-handset\\\/\",\"name\":\"SONOS LED ATEX handset -\",\"isPartOf\":{\"@id\":\"https:\\\/\\\/adf-systemes.fr\\\/en\\\/#website\"},\"primaryImageOfPage\":{\"@id\":\"https:\\\/\\\/adf-systemes.fr\\\/en\\\/produit\\\/sonos-led-atex-handset\\\/#primaryimage\"},\"image\":{\"@id\":\"https:\\\/\\\/adf-systemes.fr\\\/en\\\/produit\\\/sonos-led-atex-handset\\\/#primaryimage\"},\"thumbnailUrl\":\"https:\\\/\\\/adf-systemes.fr\\\/wp-content\\\/uploads\\\/2020\\\/03\\\/91_Combin\u00e9-sir\u00e8ne-et-feu-\u00e9tanche-SONOS-LED.png\",\"datePublished\":\"2024-02-02T11:01:14+00:00\",\"dateModified\":\"2026-02-05T14:07:34+00:00\",\"description\":\"The SONOS LED ATEX handset offers 105 dB of maximum power. Its intrinsically safe protection mode is ideal for Light weight industrial environments.\",\"breadcrumb\":{\"@id\":\"https:\\\/\\\/adf-systemes.fr\\\/en\\\/produit\\\/sonos-led-atex-handset\\\/#breadcrumb\"},\"inLanguage\":\"en-US\",\"potentialAction\":[{\"@type\":\"ReadAction\",\"target\":[\"https:\\\/\\\/adf-systemes.fr\\\/en\\\/produit\\\/sonos-led-atex-handset\\\/\"]}]},{\"@type\":\"ImageObject\",\"inLanguage\":\"en-US\",\"@id\":\"https:\\\/\\\/adf-systemes.fr\\\/en\\\/produit\\\/sonos-led-atex-handset\\\/#primaryimage\",\"url\":\"https:\\\/\\\/adf-systemes.fr\\\/wp-content\\\/uploads\\\/2020\\\/03\\\/91_Combin\u00e9-sir\u00e8ne-et-feu-\u00e9tanche-SONOS-LED.png\",\"contentUrl\":\"https:\\\/\\\/adf-systemes.fr\\\/wp-content\\\/uploads\\\/2020\\\/03\\\/91_Combin\u00e9-sir\u00e8ne-et-feu-\u00e9tanche-SONOS-LED.png\",\"width\":369,\"height\":279,\"caption\":\"sirene flash\"},{\"@type\":\"BreadcrumbList\",\"@id\":\"https:\\\/\\\/adf-systemes.fr\\\/en\\\/produit\\\/sonos-led-atex-handset\\\/#breadcrumb\",\"itemListElement\":[{\"@type\":\"ListItem\",\"position\":1,\"name\":\"Accueil\",\"item\":\"https:\\\/\\\/adf-systemes.fr\\\/en\\\/\"},{\"@type\":\"ListItem\",\"position\":2,\"name\":\"Shop\",\"item\":\"https:\\\/\\\/adf-systemes.fr\\\/en\\\/shop\\\/\"},{\"@type\":\"ListItem\",\"position\":3,\"name\":\"SONOS LED ATEX handset\"}]},{\"@type\":\"WebSite\",\"@id\":\"https:\\\/\\\/adf-systemes.fr\\\/en\\\/#website\",\"url\":\"https:\\\/\\\/adf-systemes.fr\\\/en\\\/\",\"name\":\"ADF Syst\u00e8mes\",\"description\":\"Le sp\u00e9cialiste des solutions de pr\u00e9vention des risques industriels et ATEX\",\"potentialAction\":[{\"@type\":\"SearchAction\",\"target\":{\"@type\":\"EntryPoint\",\"urlTemplate\":\"https:\\\/\\\/adf-systemes.fr\\\/en\\\/?s={search_term_string}\"},\"query-input\":{\"@type\":\"PropertyValueSpecification\",\"valueRequired\":true,\"valueName\":\"search_term_string\"}}],\"inLanguage\":\"en-US\"}]}<\/script>\n<!-- \/ Yoast SEO plugin. -->","yoast_head_json":{"title":"SONOS LED ATEX handset -","description":"The SONOS LED ATEX handset offers 105 dB of maximum power. Its intrinsically safe protection mode is ideal for Light weight industrial environments.","robots":{"index":"index","follow":"follow","max-snippet":"max-snippet:-1","max-image-preview":"max-image-preview:large","max-video-preview":"max-video-preview:-1"},"canonical":"https:\/\/adf-systemes.fr\/en\/produit\/sonos-led-atex-handset\/","og_locale":"en_US","og_type":"article","og_title":"SONOS LED ATEX handset -","og_description":"The SONOS LED ATEX handset offers 105 dB of maximum power. Its intrinsically safe protection mode is ideal for Light weight industrial environments.","og_url":"https:\/\/adf-systemes.fr\/en\/produit\/sonos-led-atex-handset\/","og_site_name":"ADF Syst\u00e8mes","article_modified_time":"2026-02-05T14:07:34+00:00","og_image":[{"width":369,"height":279,"url":"https:\/\/adf-systemes.fr\/wp-content\/uploads\/2020\/03\/91_Combin\u00e9-sir\u00e8ne-et-feu-\u00e9tanche-SONOS-LED.png","type":"image\/png"}],"twitter_card":"summary_large_image","schema":{"@context":"https:\/\/schema.org","@graph":[{"@type":"WebPage","@id":"https:\/\/adf-systemes.fr\/en\/produit\/sonos-led-atex-handset\/","url":"https:\/\/adf-systemes.fr\/en\/produit\/sonos-led-atex-handset\/","name":"SONOS LED ATEX handset -","isPartOf":{"@id":"https:\/\/adf-systemes.fr\/en\/#website"},"primaryImageOfPage":{"@id":"https:\/\/adf-systemes.fr\/en\/produit\/sonos-led-atex-handset\/#primaryimage"},"image":{"@id":"https:\/\/adf-systemes.fr\/en\/produit\/sonos-led-atex-handset\/#primaryimage"},"thumbnailUrl":"https:\/\/adf-systemes.fr\/wp-content\/uploads\/2020\/03\/91_Combin\u00e9-sir\u00e8ne-et-feu-\u00e9tanche-SONOS-LED.png","datePublished":"2024-02-02T11:01:14+00:00","dateModified":"2026-02-05T14:07:34+00:00","description":"The SONOS LED ATEX handset offers 105 dB of maximum power. Its intrinsically safe protection mode is ideal for Light weight industrial environments.","breadcrumb":{"@id":"https:\/\/adf-systemes.fr\/en\/produit\/sonos-led-atex-handset\/#breadcrumb"},"inLanguage":"en-US","potentialAction":[{"@type":"ReadAction","target":["https:\/\/adf-systemes.fr\/en\/produit\/sonos-led-atex-handset\/"]}]},{"@type":"ImageObject","inLanguage":"en-US","@id":"https:\/\/adf-systemes.fr\/en\/produit\/sonos-led-atex-handset\/#primaryimage","url":"https:\/\/adf-systemes.fr\/wp-content\/uploads\/2020\/03\/91_Combin\u00e9-sir\u00e8ne-et-feu-\u00e9tanche-SONOS-LED.png","contentUrl":"https:\/\/adf-systemes.fr\/wp-content\/uploads\/2020\/03\/91_Combin\u00e9-sir\u00e8ne-et-feu-\u00e9tanche-SONOS-LED.png","width":369,"height":279,"caption":"sirene flash"},{"@type":"BreadcrumbList","@id":"https:\/\/adf-systemes.fr\/en\/produit\/sonos-led-atex-handset\/#breadcrumb","itemListElement":[{"@type":"ListItem","position":1,"name":"Accueil","item":"https:\/\/adf-systemes.fr\/en\/"},{"@type":"ListItem","position":2,"name":"Shop","item":"https:\/\/adf-systemes.fr\/en\/shop\/"},{"@type":"ListItem","position":3,"name":"SONOS LED ATEX handset"}]},{"@type":"WebSite","@id":"https:\/\/adf-systemes.fr\/en\/#website","url":"https:\/\/adf-systemes.fr\/en\/","name":"ADF Syst\u00e8mes","description":"Le sp\u00e9cialiste des solutions de pr\u00e9vention des risques industriels et ATEX","potentialAction":[{"@type":"SearchAction","target":{"@type":"EntryPoint","urlTemplate":"https:\/\/adf-systemes.fr\/en\/?s={search_term_string}"},"query-input":{"@type":"PropertyValueSpecification","valueRequired":true,"valueName":"search_term_string"}}],"inLanguage":"en-US"}]}},"_links":{"self":[{"href":"https:\/\/adf-systemes.fr\/en\/wp-json\/wp\/v2\/product\/15768308","targetHints":{"allow":["GET"]}}],"collection":[{"href":"https:\/\/adf-systemes.fr\/en\/wp-json\/wp\/v2\/product"}],"about":[{"href":"https:\/\/adf-systemes.fr\/en\/wp-json\/wp\/v2\/types\/product"}],"replies":[{"embeddable":true,"href":"https:\/\/adf-systemes.fr\/en\/wp-json\/wp\/v2\/comments?post=15768308"}],"wp:featuredmedia":[{"embeddable":true,"href":"https:\/\/adf-systemes.fr\/en\/wp-json\/wp\/v2\/media\/3733"}],"wp:attachment":[{"href":"https:\/\/adf-systemes.fr\/en\/wp-json\/wp\/v2\/media?parent=15768308"}],"wp:term":[{"taxonomy":"product_brand","embeddable":true,"href":"https:\/\/adf-systemes.fr\/en\/wp-json\/wp\/v2\/product_brand?post=15768308"},{"taxonomy":"product_cat","embeddable":true,"href":"https:\/\/adf-systemes.fr\/en\/wp-json\/wp\/v2\/product_cat?post=15768308"},{"taxonomy":"product_tag","embeddable":true,"href":"https:\/\/adf-systemes.fr\/en\/wp-json\/wp\/v2\/product_tag?post=15768308"}],"curies":[{"name":"wp","href":"https:\/\/api.w.org\/{rel}","templated":true}]}}