{"id":15768287,"date":"2025-03-19T09:27:00","date_gmt":"2025-03-19T09:27:00","guid":{"rendered":"https:\/\/adf-systemes.fr\/produit\/nexus-led-105-waterproof-light-and-siren-combo\/"},"modified":"2026-01-22T11:30:15","modified_gmt":"2026-01-22T11:30:15","slug":"nexus-led-105-waterproof-light-and-siren-combo","status":"publish","type":"product","link":"https:\/\/adf-systemes.fr\/en\/produit\/nexus-led-105-waterproof-light-and-siren-combo\/","title":{"rendered":"NEXUS LED 105 waterproof light and siren combo"},"content":{"rendered":"<p>The new NEXUS 105 LED <a href=\"https:\/\/adf-systemes.fr\/en\/audible-and-visual-warning\/industrial-sound-and-light-signalling\/\">sound and light combination <\/a>features more powerful 2nd generation LEDs and a maximum sound power of 113 dB.<br \/>\nIt can be installed in noisy areas where the visual signal complements the audible signal. It is designed for your type of alarm: <\/p>\n<ul>\n<li>Process fault<\/li>\n<li>Gas and\/or fire detection<\/li>\n<\/ul>\n<p>Specifically for industrial and tertiary environments, both indoors and out.<\/p>\n<h3 id=''  id=\"boomdevs_1\"><\/h3>\n<h3 id='documents-to-download'  id=\"boomdevs_2\"><strong>Documents to download  <\/strong><\/h3>\n<ul>\n<li><a href=\"https:\/\/documentation.adf-systemes.fr\/sonore_et_optique\/combi_nexus_2\/nexus_led_105\/ADF_FT_Combi_nexus_II_LED_105_V2.pdf\" target=\"_blank\" rel=\"noopener noreferrer\"><strong><b>French data sheet<\/b><\/strong><\/a><\/li>\n<li><strong><a href=\"https:\/\/documentation.adf-systemes.fr\/sonore_et_optique\/combi_nexus_2\/nexus_led_105\/FT_Anglais_NEXUS_105_VDC.pdf\">English data sheet Vcc version<\/a><\/strong><b><\/b><\/li>\n<li><strong><a href=\"https:\/\/documentation.adf-systemes.fr\/sonore_et_optique\/combi_nexus_2\/nexus_led_105\/FT_Anglais_NEXUS_105_VAC.pdf\">Vca version data sheet<\/a><\/strong><\/li>\n<li><strong><a href=\"https:\/\/documentation.adf-systemes.fr\/sonore_et_optique\/combi_nexus_2\/nexus_led_105\/manuel_installation_nexus_II_LED_105_VCC.pdf\">Installation instructions Vcc version<\/a><\/strong><\/li>\n<li><strong><a href=\"https:\/\/documentation.adf-systemes.fr\/sonore_et_optique\/combi_nexus_2\/nexus_led_105\/manuel_installation_nexus_II_LED_105_VCA.pdf\">Installation instructions Vac version<\/a><\/strong><\/li>\n<li><strong><a href=\"https:\/\/documentation.adf-systemes.fr\/sonore_et_optique\/combi_nexus\/logiciel_nexus_voice.zip\">Voice programming software<\/a><\/strong><\/li>\n<li><strong><a href=\"https:\/\/documentation.adf-systemes.fr\/sonore_et_optique\/combi_nexus_2\/nexus_led_105\/CE%20-Nexus%20105%20LED%20II%20Vcc%20-%20PNCA5000.pdf\">Vcc version CE certificate<\/a><\/strong><\/li>\n<li><strong><a href=\"https:\/\/documentation.adf-systemes.fr\/sonore_et_optique\/combi_nexus_2\/nexus_led_105\/CE%20-%20Nexus%20105%20LED%20II%20Vca%20-%20PNCA4000.pdf\">Vca version CE certificate<\/a><\/strong><\/li>\n<\/ul>\n","protected":false},"excerpt":{"rendered":"<p>113 dB(A) @1m (variable)<br \/>\n2nd generation LED fixed, single flash or double flash modes<br \/>\n3 controllable sounds (Vcc) &#8211; <strong><a href=\"https:\/\/www.klaxonsignals.com\/sound-library\">List of available sounds<\/a><\/strong><br \/>\nIP66 PROTECTION<\/p>\n","protected":false},"featured_media":3735,"comment_status":"closed","ping_status":"closed","template":"","meta":{"_acf_changed":false,"_et_pb_use_builder":"off","_et_pb_old_content":"NEXUS Xenon or LED industrial sound and light combinations feature a 5 Joule flashing light or LED equivalent and a sound power of 105 to 120 dB max (variable according to the sound selected). They are ideal for installation in noisy areas, where the visual signal complements the audible signal.\nThey are designed for your : \n<ul>\n \t<li>Process fault<\/li>\n \t<li>Gas detection<\/li>\n<\/ul>\nSpecifically for industrial and tertiary environments.\n<h3><\/h3>\n<h3><strong>French data sheet<\/strong><\/h3>\n<ul>\n \t<li><a href=\"https:\/\/adfpdf.s3.eu-west-1.amazonaws.com\/5+-+SIGNALISATION+OPTIQUE+ET+SONORE\/2+-+INDUSTRIELLE\/2+-+Combin%C3%A9+sir%C3%A8ne+et+feu+%C3%A9tanche+NEXUS\/ADF_FT+Combin%C3%A9+sonore+et+lumineux+NEXUS+V3.pdf\" target=\"_blank\" rel=\"noopener noreferrer\"><strong><b>French data sheet<\/b><\/strong><\/a><\/li>\n \t<li><strong><a href=\"https:\/\/adfpdf.s3-eu-west-1.amazonaws.com\/5+-+SIGNALISATION+OPTIQUE+ET+SONORE\/2+-+INDUSTRIELLE\/2+-+Combin%C3%A9+sir%C3%A8ne+et+feu+%C3%A9tanche+NEXUS\/Fiche+technique+en+anglais+105.pdf\">Data sheet 105<\/a><\/strong><\/li>\n \t<li><strong><a href=\"https:\/\/adfpdf.s3-eu-west-1.amazonaws.com\/5+-+SIGNALISATION+OPTIQUE+ET+SONORE\/2+-+INDUSTRIELLE\/2+-+Combin%C3%A9+sir%C3%A8ne+et+feu+%C3%A9tanche+NEXUS\/Fiche+technique+en+anglais+110.pdf\">Data sheet 110<\/a><\/strong><\/li>\n \t<li><strong><a href=\"https:\/\/adfpdf.s3-eu-west-1.amazonaws.com\/5+-+SIGNALISATION+OPTIQUE+ET+SONORE\/2+-+INDUSTRIELLE\/2+-+Combin%C3%A9+sir%C3%A8ne+et+feu+%C3%A9tanche+NEXUS\/Fiche+technique+en+anglais+120.pdf\">Data sheet 120<\/a><\/strong><\/li>\n \t<li><strong><b><a href=\"https:\/\/adfpdf.s3-eu-west-1.amazonaws.com\/5+-+SIGNALISATION+OPTIQUE+ET+SONORE\/2+-+INDUSTRIELLE\/2+-+Combin%C3%A9+sir%C3%A8ne+et+feu+%C3%A9tanche+NEXUS\/Instructions+d'installation+105+Vca.pdf\" target=\"_blank\" rel=\"noopener noreferrer\">Installation instructions 105 Vac<\/a><\/b><\/strong><\/li>\n \t<li><strong><a href=\"https:\/\/adfpdf.s3-eu-west-1.amazonaws.com\/5+-+SIGNALISATION+OPTIQUE+ET+SONORE\/2+-+INDUSTRIELLE\/2+-+Combin%C3%A9+sir%C3%A8ne+et+feu+%C3%A9tanche+NEXUS\/Instructions+d'installation+105+Vcc.pdf\">Installation instructions 105 Vdc<\/a><\/strong><\/li>\n \t<li><strong><a href=\"https:\/\/adfpdf.s3-eu-west-1.amazonaws.com\/5+-+SIGNALISATION+OPTIQUE+ET+SONORE\/2+-+INDUSTRIELLE\/2+-+Combin%C3%A9+sir%C3%A8ne+et+feu+%C3%A9tanche+NEXUS\/Instructions+d'installation+105+Vca.pdf\">Installation instructions 110 Vac<\/a><\/strong><\/li>\n \t<li><strong><a href=\"https:\/\/adfpdf.s3-eu-west-1.amazonaws.com\/5+-+SIGNALISATION+OPTIQUE+ET+SONORE\/2+-+INDUSTRIELLE\/2+-+Combin%C3%A9+sir%C3%A8ne+et+feu+%C3%A9tanche+NEXUS\/Instructions+d'installation+105+Vcc.pdf\">Installation instructions 110 Vdc<\/a><\/strong><\/li>\n \t<li><a href=\"https:\/\/adfpdf.s3-eu-west-1.amazonaws.com\/5+-+SIGNALISATION+OPTIQUE+ET+SONORE\/2+-+INDUSTRIELLE\/2+-+Combin%C3%A9+sir%C3%A8ne+et+feu+%C3%A9tanche+NEXUS\/Instructions+d'installation+120+Vca.pdf\" target=\"_blank\" rel=\"noopener noreferrer\"><strong><b>Installation instructions 120 Vac<\/b><\/strong><\/a><\/li>\n \t<li><strong><a href=\"https:\/\/adfpdf.s3-eu-west-1.amazonaws.com\/5+-+SIGNALISATION+OPTIQUE+ET+SONORE\/2+-+INDUSTRIELLE\/2+-+Combin%C3%A9+sir%C3%A8ne+et+feu+%C3%A9tanche+NEXUS\/Instructions+d'installation+120+Vcc.pdf\">Installation instructions 120 Vdc<\/a><\/strong><\/li>\n<\/ul>","_et_gb_content_width":""},"product_brand":[],"product_cat":[733,734,750,735],"product_tag":[],"class_list":{"0":"post-15768287","1":"product","2":"type-product","3":"status-publish","4":"has-post-thumbnail","6":"product_cat-horn-optics","7":"product_cat-industrial-sound-and-optics-combiner","8":"product_cat-klaxon-signals","9":"product_cat-sound-and-optics-not-atex-certified","11":"first","12":"instock","13":"shipping-taxable","14":"product-type-simple"},"acf":[],"yoast_head":"<!-- This site is optimized with the Yoast SEO plugin v27.3 - https:\/\/yoast.com\/product\/yoast-seo-wordpress\/ -->\n<title>NEXUS LED 105 waterproof light and siren combo -<\/title>\n<meta name=\"description\" content=\"The new NEXUS 105 LED waterproof light and sound handset features more powerful 2nd generation LEDs and a maximum sound power of 113 dB.\" \/>\n<meta name=\"robots\" content=\"index, follow, max-snippet:-1, max-image-preview:large, max-video-preview:-1\" \/>\n<link rel=\"canonical\" href=\"https:\/\/adf-systemes.fr\/en\/produit\/nexus-led-105-waterproof-light-and-siren-combo\/\" \/>\n<meta property=\"og:locale\" content=\"en_US\" \/>\n<meta property=\"og:type\" content=\"article\" \/>\n<meta property=\"og:title\" content=\"NEXUS LED 105 waterproof light and siren combo -\" \/>\n<meta property=\"og:description\" content=\"The new NEXUS 105 LED waterproof light and sound handset features more powerful 2nd generation LEDs and a maximum sound power of 113 dB.\" \/>\n<meta property=\"og:url\" content=\"https:\/\/adf-systemes.fr\/en\/produit\/nexus-led-105-waterproof-light-and-siren-combo\/\" \/>\n<meta property=\"og:site_name\" content=\"ADF Syst\u00e8mes\" \/>\n<meta property=\"article:modified_time\" content=\"2026-01-22T11:30:15+00:00\" \/>\n<meta property=\"og:image\" content=\"https:\/\/adf-systemes.fr\/wp-content\/uploads\/2020\/03\/92_Combin\u00e9-sir\u00e8ne-et-feu-\u00e9tanche-NEXUS.png\" \/>\n\t<meta property=\"og:image:width\" content=\"369\" \/>\n\t<meta property=\"og:image:height\" content=\"279\" \/>\n\t<meta property=\"og:image:type\" content=\"image\/png\" \/>\n<meta name=\"twitter:card\" content=\"summary_large_image\" \/>\n<script type=\"application\/ld+json\" class=\"yoast-schema-graph\">{\"@context\":\"https:\\\/\\\/schema.org\",\"@graph\":[{\"@type\":\"WebPage\",\"@id\":\"https:\\\/\\\/adf-systemes.fr\\\/en\\\/produit\\\/nexus-led-105-waterproof-light-and-siren-combo\\\/\",\"url\":\"https:\\\/\\\/adf-systemes.fr\\\/en\\\/produit\\\/nexus-led-105-waterproof-light-and-siren-combo\\\/\",\"name\":\"NEXUS LED 105 waterproof light and siren combo -\",\"isPartOf\":{\"@id\":\"https:\\\/\\\/adf-systemes.fr\\\/en\\\/#website\"},\"primaryImageOfPage\":{\"@id\":\"https:\\\/\\\/adf-systemes.fr\\\/en\\\/produit\\\/nexus-led-105-waterproof-light-and-siren-combo\\\/#primaryimage\"},\"image\":{\"@id\":\"https:\\\/\\\/adf-systemes.fr\\\/en\\\/produit\\\/nexus-led-105-waterproof-light-and-siren-combo\\\/#primaryimage\"},\"thumbnailUrl\":\"https:\\\/\\\/adf-systemes.fr\\\/wp-content\\\/uploads\\\/2020\\\/03\\\/92_Combin\u00e9-sir\u00e8ne-et-feu-\u00e9tanche-NEXUS.png\",\"datePublished\":\"2025-03-19T09:27:00+00:00\",\"dateModified\":\"2026-01-22T11:30:15+00:00\",\"description\":\"The new NEXUS 105 LED waterproof light and sound handset features more powerful 2nd generation LEDs and a maximum sound power of 113 dB.\",\"breadcrumb\":{\"@id\":\"https:\\\/\\\/adf-systemes.fr\\\/en\\\/produit\\\/nexus-led-105-waterproof-light-and-siren-combo\\\/#breadcrumb\"},\"inLanguage\":\"en-US\",\"potentialAction\":[{\"@type\":\"ReadAction\",\"target\":[\"https:\\\/\\\/adf-systemes.fr\\\/en\\\/produit\\\/nexus-led-105-waterproof-light-and-siren-combo\\\/\"]}]},{\"@type\":\"ImageObject\",\"inLanguage\":\"en-US\",\"@id\":\"https:\\\/\\\/adf-systemes.fr\\\/en\\\/produit\\\/nexus-led-105-waterproof-light-and-siren-combo\\\/#primaryimage\",\"url\":\"https:\\\/\\\/adf-systemes.fr\\\/wp-content\\\/uploads\\\/2020\\\/03\\\/92_Combin\u00e9-sir\u00e8ne-et-feu-\u00e9tanche-NEXUS.png\",\"contentUrl\":\"https:\\\/\\\/adf-systemes.fr\\\/wp-content\\\/uploads\\\/2020\\\/03\\\/92_Combin\u00e9-sir\u00e8ne-et-feu-\u00e9tanche-NEXUS.png\",\"width\":369,\"height\":279,\"caption\":\"https:\\\/\\\/adf-systemes.fr\\\/avertisseur-sonore-et-lumineux\\\/\"},{\"@type\":\"BreadcrumbList\",\"@id\":\"https:\\\/\\\/adf-systemes.fr\\\/en\\\/produit\\\/nexus-led-105-waterproof-light-and-siren-combo\\\/#breadcrumb\",\"itemListElement\":[{\"@type\":\"ListItem\",\"position\":1,\"name\":\"Accueil\",\"item\":\"https:\\\/\\\/adf-systemes.fr\\\/en\\\/\"},{\"@type\":\"ListItem\",\"position\":2,\"name\":\"Shop\",\"item\":\"https:\\\/\\\/adf-systemes.fr\\\/en\\\/shop\\\/\"},{\"@type\":\"ListItem\",\"position\":3,\"name\":\"NEXUS LED 105 waterproof light and siren combo\"}]},{\"@type\":\"WebSite\",\"@id\":\"https:\\\/\\\/adf-systemes.fr\\\/en\\\/#website\",\"url\":\"https:\\\/\\\/adf-systemes.fr\\\/en\\\/\",\"name\":\"ADF Syst\u00e8mes\",\"description\":\"Le sp\u00e9cialiste des solutions de pr\u00e9vention des risques industriels et ATEX\",\"potentialAction\":[{\"@type\":\"SearchAction\",\"target\":{\"@type\":\"EntryPoint\",\"urlTemplate\":\"https:\\\/\\\/adf-systemes.fr\\\/en\\\/?s={search_term_string}\"},\"query-input\":{\"@type\":\"PropertyValueSpecification\",\"valueRequired\":true,\"valueName\":\"search_term_string\"}}],\"inLanguage\":\"en-US\"}]}<\/script>\n<!-- \/ Yoast SEO plugin. -->","yoast_head_json":{"title":"NEXUS LED 105 waterproof light and siren combo -","description":"The new NEXUS 105 LED waterproof light and sound handset features more powerful 2nd generation LEDs and a maximum sound power of 113 dB.","robots":{"index":"index","follow":"follow","max-snippet":"max-snippet:-1","max-image-preview":"max-image-preview:large","max-video-preview":"max-video-preview:-1"},"canonical":"https:\/\/adf-systemes.fr\/en\/produit\/nexus-led-105-waterproof-light-and-siren-combo\/","og_locale":"en_US","og_type":"article","og_title":"NEXUS LED 105 waterproof light and siren combo -","og_description":"The new NEXUS 105 LED waterproof light and sound handset features more powerful 2nd generation LEDs and a maximum sound power of 113 dB.","og_url":"https:\/\/adf-systemes.fr\/en\/produit\/nexus-led-105-waterproof-light-and-siren-combo\/","og_site_name":"ADF Syst\u00e8mes","article_modified_time":"2026-01-22T11:30:15+00:00","og_image":[{"width":369,"height":279,"url":"https:\/\/adf-systemes.fr\/wp-content\/uploads\/2020\/03\/92_Combin\u00e9-sir\u00e8ne-et-feu-\u00e9tanche-NEXUS.png","type":"image\/png"}],"twitter_card":"summary_large_image","schema":{"@context":"https:\/\/schema.org","@graph":[{"@type":"WebPage","@id":"https:\/\/adf-systemes.fr\/en\/produit\/nexus-led-105-waterproof-light-and-siren-combo\/","url":"https:\/\/adf-systemes.fr\/en\/produit\/nexus-led-105-waterproof-light-and-siren-combo\/","name":"NEXUS LED 105 waterproof light and siren combo -","isPartOf":{"@id":"https:\/\/adf-systemes.fr\/en\/#website"},"primaryImageOfPage":{"@id":"https:\/\/adf-systemes.fr\/en\/produit\/nexus-led-105-waterproof-light-and-siren-combo\/#primaryimage"},"image":{"@id":"https:\/\/adf-systemes.fr\/en\/produit\/nexus-led-105-waterproof-light-and-siren-combo\/#primaryimage"},"thumbnailUrl":"https:\/\/adf-systemes.fr\/wp-content\/uploads\/2020\/03\/92_Combin\u00e9-sir\u00e8ne-et-feu-\u00e9tanche-NEXUS.png","datePublished":"2025-03-19T09:27:00+00:00","dateModified":"2026-01-22T11:30:15+00:00","description":"The new NEXUS 105 LED waterproof light and sound handset features more powerful 2nd generation LEDs and a maximum sound power of 113 dB.","breadcrumb":{"@id":"https:\/\/adf-systemes.fr\/en\/produit\/nexus-led-105-waterproof-light-and-siren-combo\/#breadcrumb"},"inLanguage":"en-US","potentialAction":[{"@type":"ReadAction","target":["https:\/\/adf-systemes.fr\/en\/produit\/nexus-led-105-waterproof-light-and-siren-combo\/"]}]},{"@type":"ImageObject","inLanguage":"en-US","@id":"https:\/\/adf-systemes.fr\/en\/produit\/nexus-led-105-waterproof-light-and-siren-combo\/#primaryimage","url":"https:\/\/adf-systemes.fr\/wp-content\/uploads\/2020\/03\/92_Combin\u00e9-sir\u00e8ne-et-feu-\u00e9tanche-NEXUS.png","contentUrl":"https:\/\/adf-systemes.fr\/wp-content\/uploads\/2020\/03\/92_Combin\u00e9-sir\u00e8ne-et-feu-\u00e9tanche-NEXUS.png","width":369,"height":279,"caption":"https:\/\/adf-systemes.fr\/avertisseur-sonore-et-lumineux\/"},{"@type":"BreadcrumbList","@id":"https:\/\/adf-systemes.fr\/en\/produit\/nexus-led-105-waterproof-light-and-siren-combo\/#breadcrumb","itemListElement":[{"@type":"ListItem","position":1,"name":"Accueil","item":"https:\/\/adf-systemes.fr\/en\/"},{"@type":"ListItem","position":2,"name":"Shop","item":"https:\/\/adf-systemes.fr\/en\/shop\/"},{"@type":"ListItem","position":3,"name":"NEXUS LED 105 waterproof light and siren combo"}]},{"@type":"WebSite","@id":"https:\/\/adf-systemes.fr\/en\/#website","url":"https:\/\/adf-systemes.fr\/en\/","name":"ADF Syst\u00e8mes","description":"Le sp\u00e9cialiste des solutions de pr\u00e9vention des risques industriels et ATEX","potentialAction":[{"@type":"SearchAction","target":{"@type":"EntryPoint","urlTemplate":"https:\/\/adf-systemes.fr\/en\/?s={search_term_string}"},"query-input":{"@type":"PropertyValueSpecification","valueRequired":true,"valueName":"search_term_string"}}],"inLanguage":"en-US"}]}},"_links":{"self":[{"href":"https:\/\/adf-systemes.fr\/en\/wp-json\/wp\/v2\/product\/15768287","targetHints":{"allow":["GET"]}}],"collection":[{"href":"https:\/\/adf-systemes.fr\/en\/wp-json\/wp\/v2\/product"}],"about":[{"href":"https:\/\/adf-systemes.fr\/en\/wp-json\/wp\/v2\/types\/product"}],"replies":[{"embeddable":true,"href":"https:\/\/adf-systemes.fr\/en\/wp-json\/wp\/v2\/comments?post=15768287"}],"wp:featuredmedia":[{"embeddable":true,"href":"https:\/\/adf-systemes.fr\/en\/wp-json\/wp\/v2\/media\/3735"}],"wp:attachment":[{"href":"https:\/\/adf-systemes.fr\/en\/wp-json\/wp\/v2\/media?parent=15768287"}],"wp:term":[{"taxonomy":"product_brand","embeddable":true,"href":"https:\/\/adf-systemes.fr\/en\/wp-json\/wp\/v2\/product_brand?post=15768287"},{"taxonomy":"product_cat","embeddable":true,"href":"https:\/\/adf-systemes.fr\/en\/wp-json\/wp\/v2\/product_cat?post=15768287"},{"taxonomy":"product_tag","embeddable":true,"href":"https:\/\/adf-systemes.fr\/en\/wp-json\/wp\/v2\/product_tag?post=15768287"}],"curies":[{"name":"wp","href":"https:\/\/api.w.org\/{rel}","templated":true}]}}