{"id":15768245,"date":"2022-05-06T09:55:29","date_gmt":"2022-05-06T09:55:29","guid":{"rendered":"https:\/\/adf-systemes.fr\/produit\/earth-rite-dgs-dual-atex-grounding-system\/"},"modified":"2026-01-15T14:47:14","modified_gmt":"2026-01-15T14:47:14","slug":"earth-rite-dgs-dual-atex-grounding-system","status":"publish","type":"product","link":"https:\/\/adf-systemes.fr\/en\/produit\/earth-rite-dgs-dual-atex-grounding-system\/","title":{"rendered":"Earth-Rite \u00ae DGS dual ATEX grounding system"},"content":{"rendered":"<p>[et_pb_section fb_built=&#8221;1&#8243; _builder_version=&#8221;4.16&#8243; custom_padding=&#8221;0px||||false|false&#8221; global_colors_info=&#8221;{}&#8221;][et_pb_row _builder_version=&#8221;4.16&#8243; background_size=&#8221;initial&#8221; background_position=&#8221;top_left&#8221; background_repeat=&#8221;repeat&#8221; width=&#8221;100%&#8221; custom_padding=&#8221;0px||0px||false|false&#8221; global_colors_info=&#8221;{}&#8221;][et_pb_column type=&#8221;4_4&#8243; _builder_version=&#8221;4.16&#8243; custom_padding=&#8221;|||&#8221; global_colors_info=&#8221;{}&#8221; custom_padding__hover=&#8221;|||&#8221;][et_pb_wc_breadcrumb _builder_version=&#8221;4.16&#8243; global_colors_info=&#8221;{}&#8221;][\/et_pb_wc_breadcrumb][et_pb_wc_cart_notice _builder_version=&#8221;4.16&#8243; global_colors_info=&#8221;{}&#8221;][\/et_pb_wc_cart_notice][\/et_pb_column][\/et_pb_row][et_pb_row column_structure=&#8221;1_2,1_2&#8243; _builder_version=&#8221;4.16&#8243; background_size=&#8221;initial&#8221; background_position=&#8221;top_left&#8221; background_repeat=&#8221;repeat&#8221; width=&#8221;100%&#8221; custom_padding=&#8221;0px||||false|false&#8221; global_colors_info=&#8221;{}&#8221;][et_pb_column type=&#8221;1_2&#8243; _builder_version=&#8221;4.16&#8243; custom_padding=&#8221;|||&#8221; global_colors_info=&#8221;{}&#8221; custom_padding__hover=&#8221;|||&#8221;][et_pb_wc_images _builder_version=&#8221;4.16&#8243; global_colors_info=&#8221;{}&#8221;][\/et_pb_wc_images][\/et_pb_column][et_pb_column type=&#8221;1_2&#8243; _builder_version=&#8221;4.16&#8243; custom_padding=&#8221;|||&#8221; global_colors_info=&#8221;{}&#8221; custom_padding__hover=&#8221;|||&#8221;][et_pb_wc_title _builder_version=&#8221;4.16&#8243; global_colors_info=&#8221;{}&#8221;][\/et_pb_wc_title][et_pb_wc_rating _builder_version=&#8221;4.16&#8243; global_colors_info=&#8221;{}&#8221;][\/et_pb_wc_rating][et_pb_wc_price _builder_version=&#8221;4.16&#8243; global_colors_info=&#8221;{}&#8221;][\/et_pb_wc_price][et_pb_wc_description _builder_version=&#8221;4.16&#8243; global_colors_info=&#8221;{}&#8221;][\/et_pb_wc_description][et_pb_button button_url=&#8221;http:\/\/cdelestang-adf-systemes-fr.majoliedemo.com\/6459-demandez-un-devis-gratuit?neo_campaign=diagnostic-gratuit&amp;neo_medium=click_popup&amp;uuid=35ac564b-0391-4214-b864-85852ae6315a&#8221; button_text=&#8221;Request a quote&#8221; _builder_version=&#8221;4.16&#8243; custom_button=&#8221;on&#8221; button_bg_color=&#8221;#d7392e&#8221; button_border_width=&#8221;2px&#8221; button_border_color=&#8221;#d7392e&#8221; button_border_radius=&#8221;0px&#8221; background_layout=&#8221;dark&#8221; box_shadow_style=&#8221;preset1&#8243; locked=&#8221;off&#8221; global_colors_info=&#8221;{}&#8221;][\/et_pb_button][et_pb_wc_add_to_cart _builder_version=&#8221;4.16&#8243; global_colors_info=&#8221;{}&#8221;][\/et_pb_wc_add_to_cart][et_pb_wc_meta _builder_version=&#8221;4.16&#8243; global_colors_info=&#8221;{}&#8221;][\/et_pb_wc_meta][\/et_pb_column][\/et_pb_row][et_pb_row _builder_version=&#8221;4.16&#8243; background_size=&#8221;initial&#8221; background_position=&#8221;top_left&#8221; background_repeat=&#8221;repeat&#8221; width=&#8221;100%&#8221; global_colors_info=&#8221;{}&#8221;][et_pb_column type=&#8221;4_4&#8243; _builder_version=&#8221;4.16&#8243; custom_padding=&#8221;|||&#8221; global_colors_info=&#8221;{}&#8221; custom_padding__hover=&#8221;|||&#8221;][et_pb_wc_tabs active_tab_background_color=&#8221;#d7392e&#8221; active_tab_text_color=&#8221;#ffffff&#8221; _builder_version=&#8221;4.16&#8243; tab_font=&#8221;|700|||||||&#8221; tab_font_size=&#8221;16px&#8221; global_colors_info=&#8221;{}&#8221;]\t\t\t\t\t[\/et_pb_wc_tabs][et_pb_wc_upsells _builder_version=&#8221;4.16&#8243; global_colors_info=&#8221;{}&#8221;][\/et_pb_wc_upsells][et_pb_wc_related_products _builder_version=&#8221;4.16&#8243; border_width_all_image=&#8221;1px&#8221; global_colors_info=&#8221;{}&#8221;][\/et_pb_wc_related_products][\/et_pb_column][\/et_pb_row][et_pb_row _builder_version=&#8221;4.16&#8243; width=&#8221;100%&#8221; locked=&#8221;off&#8221; global_colors_info=&#8221;{}&#8221;][et_pb_column type=&#8221;4_4&#8243; _builder_version=&#8221;4.16&#8243; global_colors_info=&#8221;{}&#8221;][et_pb_text _builder_version=&#8221;4.16&#8243; header_2_font=&#8221;|600|||||||&#8221; header_2_text_color=&#8221;#d7392e&#8221; global_colors_info=&#8221;{}&#8221;]<\/p>\n<h2 id='tailored-support-in-your-choice-of-solutions'  id=\"boomdevs_1\">TAILORED SUPPORT IN YOUR CHOICE OF SOLUTIONS<\/h2>\n<p>[\/et_pb_text][\/et_pb_column][\/et_pb_row][et_pb_row column_structure=&#8221;1_3,1_3,1_3&#8243; _builder_version=&#8221;4.16&#8243; width=&#8221;100%&#8221; max_width=&#8221;1126px&#8221; use_custom_width=&#8221;on&#8221; width_unit=&#8221;off&#8221; locked=&#8221;off&#8221; global_colors_info=&#8221;{}&#8221;][et_pb_column type=&#8221;1_3&#8243; _builder_version=&#8221;4.16&#8243; custom_padding=&#8221;10px|10px|10px|10px|true|false&#8221; custom_css_main_element=&#8221;height:337px&#8221; border_width_all=&#8221;1px&#8221; box_shadow_style=&#8221;preset4&#8243; global_colors_info=&#8221;{}&#8221; custom_padding__hover=&#8221;|||&#8221;][et_pb_image src=&#8221;https:\/\/adf-systemes.fr\/wp-content\/uploads\/2020\/03\/client-1.png&#8221; _builder_version=&#8221;4.16&#8243; width=&#8221;36px&#8221; global_colors_info=&#8221;{}&#8221;][\/et_pb_image][et_pb_text _builder_version=&#8221;4.20.0&#8243; text_font=&#8221;||||||||&#8221; text_font_size=&#8221;15px&#8221; header_font=&#8221;||||||||&#8221; header_2_font=&#8221;||||||||&#8221; header_2_text_align=&#8221;left&#8221; header_3_font=&#8221;||||||||&#8221; header_3_text_align=&#8221;left&#8221; header_4_text_color=&#8221;#d7392e&#8221; header_font_size_tablet=&#8221;&#8221; header_font_size_phone=&#8221;&#8221; header_font_size_last_edited=&#8221;on|phone&#8221; header_2_font_size_tablet=&#8221;&#8221; header_2_font_size_phone=&#8221;&#8221; header_2_font_size_last_edited=&#8221;on|phone&#8221; header_3_font_size_tablet=&#8221;&#8221; header_3_font_size_phone=&#8221;&#8221; header_3_font_size_last_edited=&#8221;on|desktop&#8221; text_text_align=&#8221;left&#8221; global_colors_info=&#8221;{}&#8221;]<\/p>\n<p><strong>Extensive customer support and follow-up<\/strong><\/p>\n<p>We make it a point of honor to help you choose the products and solutions best suited to your industrial safety and risk management needs.<\/p>\n<p>&nbsp;<\/p>\n<p>[\/et_pb_text][\/et_pb_column][et_pb_column type=&#8221;1_3&#8243; _builder_version=&#8221;4.16&#8243; custom_padding=&#8221;10px|10px|10px|10px|true|false&#8221; custom_css_main_element=&#8221;height:337px&#8221; border_width_all=&#8221;1px&#8221; box_shadow_style=&#8221;preset4&#8243; global_colors_info=&#8221;{}&#8221;][et_pb_image src=&#8221;https:\/\/adf-systemes.fr\/wp-content\/uploads\/2020\/03\/experience.png&#8221; _builder_version=&#8221;4.16&#8243; width=&#8221;36px&#8221; global_colors_info=&#8221;{}&#8221;][\/et_pb_image][et_pb_text _builder_version=&#8221;4.20.0&#8243; text_font=&#8221;||||||||&#8221; text_font_size=&#8221;15px&#8221; header_font=&#8221;||||||||&#8221; header_2_font=&#8221;||||||||&#8221; header_2_text_align=&#8221;left&#8221; header_3_font=&#8221;||||||||&#8221; header_3_text_align=&#8221;left&#8221; header_4_text_color=&#8221;#d7392e&#8221; header_font_size_tablet=&#8221;&#8221; header_font_size_phone=&#8221;&#8221; header_font_size_last_edited=&#8221;on|phone&#8221; header_2_font_size_tablet=&#8221;&#8221; header_2_font_size_phone=&#8221;&#8221; header_2_font_size_last_edited=&#8221;on|phone&#8221; header_3_font_size_tablet=&#8221;&#8221; header_3_font_size_phone=&#8221;&#8221; header_3_font_size_last_edited=&#8221;on|desktop&#8221; text_text_align=&#8221;left&#8221; global_colors_info=&#8221;{}&#8221;]<\/p>\n<p><strong>Our technical solutions<\/strong><\/p>\n<p>Since 1995, we have been committed to offering you a range of products and solutions with the best quality\/price ratio to secure the most varied industrial projects.<\/p>\n<p>[\/et_pb_text][\/et_pb_column][et_pb_column type=&#8221;1_3&#8243; _builder_version=&#8221;4.16&#8243; custom_padding=&#8221;10px|10px|10px|10px|true|false&#8221; custom_css_main_element=&#8221;height:337px&#8221; border_width_all=&#8221;1px&#8221; box_shadow_style=&#8221;preset4&#8243; global_colors_info=&#8221;{}&#8221; custom_padding__hover=&#8221;|||&#8221;][et_pb_image src=&#8221;https:\/\/adf-systemes.fr\/wp-content\/uploads\/2020\/03\/medal.png&#8221; _builder_version=&#8221;4.16&#8243; width=&#8221;36px&#8221; global_colors_info=&#8221;{}&#8221;][\/et_pb_image][et_pb_text _builder_version=&#8221;4.20.0&#8243; text_font=&#8221;||||||||&#8221; text_font_size=&#8221;15px&#8221; header_font=&#8221;||||||||&#8221; header_2_font=&#8221;||||||||&#8221; header_2_text_align=&#8221;left&#8221; header_3_font=&#8221;||||||||&#8221; header_3_text_align=&#8221;left&#8221; header_4_text_color=&#8221;#d7392e&#8221; header_font_size_tablet=&#8221;&#8221; header_font_size_phone=&#8221;&#8221; header_font_size_last_edited=&#8221;on|phone&#8221; header_2_font_size_tablet=&#8221;&#8221; header_2_font_size_phone=&#8221;&#8221; header_2_font_size_last_edited=&#8221;on|phone&#8221; header_3_font_size_tablet=&#8221;&#8221; header_3_font_size_phone=&#8221;&#8221; header_3_font_size_last_edited=&#8221;on|desktop&#8221; text_text_align=&#8221;left&#8221; global_colors_info=&#8221;{}&#8221;]<\/p>\n<p><strong>Certified products<\/strong><\/p>\n<p><strong>ATEX, UL, cCSAus, FM, IECEx, CUTR, EAC, CQST, Inmetro, SIL, NF, EN54, ISO 9001&#8230;<\/strong><\/p>\n<p>[\/et_pb_text][\/et_pb_column][\/et_pb_row][\/et_pb_section]<\/p>\n","protected":false},"excerpt":{"rendered":"<p>IP66<br \/>\nATEX zones 1, 2, 21, 22<br \/>\nTwo potential-free contacts (250 Vac \/ 5A \/ 500 VA resistive max.) one per channel. And a master contact when both channels are active and well connected. <\/p>\n","protected":false},"featured_media":5585,"comment_status":"closed","ping_status":"closed","template":"","meta":{"_acf_changed":false,"_et_pb_use_builder":"on","_et_pb_old_content":"The ER\u00ae DGS system allows two mobile metal objects such as drums, containers and railcars to be simultaneously and independently secured and grounded.\nThe applications are diverse:\n<ul>\n \t<li>Refineries and oil depots<\/li>\n \t<li>Gas filling centers<\/li>\n \t<li>Chemical and pharmaceutical plants<\/li>\n \t<li>Tank car deliveries<\/li>\n<\/ul>\nThis ATEX-certified grounding <a href=\"https:\/\/admin.neocamino.com\/su\/accounts\/106609\">system<\/a> for zones Gas 1, 2 and Dust 21, 22 features one servo contact per\ntested line, and an additional Master contact activated when the contacts of both lines are open.\nThe ER DGS system increases the safety of your site and the personnel in charge of transfer operations.\n\n<strong>Documents to download :<\/strong>\n<ul>\n \t<li><a href=\"https:\/\/documentation.adf-systemes.fr\/mise_a_la_terre\/er_dgs\/ADF_Fiche_technique_ER_DGS_V2.pdf\" target=\"_blank\" rel=\"noopener\"><strong><b>French data sheet<\/b><\/strong><\/a><\/li>\n \t<li><a href=\"https:\/\/documentation.adf-systemes.fr\/mise_a_la_terre\/er_dgs\/ExVeritas_19ATEX0564_Issue_0.pdf\" target=\"_blank\" rel=\"noopener\"><strong><b>ATEX certificate ExVeritas 19ATEX0564<\/b><\/strong><\/a><\/li>\n \t<li><a href=\"https:\/\/documentation.adf-systemes.fr\/mise_a_la_terre\/er_dgs\/IECEx_EXV_19_0069_000.pdf\" target=\"_blank\" rel=\"noopener\"><strong><b>IECEx EXV 19.0069 certificate<\/b><\/strong><\/a><b><\/b><\/li>\n \t<li><a href=\"http:\/\/contact.adf-systemes.fr\/13251-telecharger-l-instructions-d-installation-trompe-electromecanique-atex-mhg11?neo_campaign=telecharger-l-instructions-d-installation-trompe-electromecanique-atex-mhg11-copie&neo_medium=click_popup&uuid=c3b8ef72-6579-4bf5-a530-752e6a7ee3f2\" target=\"_blank\" rel=\"noopener\"><strong><b>Installation manual  <\/b><\/strong><\/a><\/li>\n<\/ul>","_et_gb_content_width":""},"product_brand":[],"product_cat":[715,688,682],"product_tag":[717,719,721,720,722,718,723,724,725,716,726,727,728,729,730],"class_list":{"0":"post-15768245","1":"product","2":"type-product","3":"status-publish","4":"has-post-thumbnail","6":"product_cat-atex-grounding-with-servo-control","7":"product_cat-certified-grounding","8":"product_cat-grounding","9":"product_tag-assets","10":"product_tag-atex","11":"product_tag-cast-aluminium","12":"product_tag-csaus","13":"product_tag-drum-container-ibc","14":"product_tag-explosion-proof","15":"product_tag-iecex","16":"product_tag-sil-2","17":"product_tag-vca","18":"product_tag-vcc","19":"product_tag-wagon","20":"product_tag-zone-1","21":"product_tag-zone-2","22":"product_tag-zone-21","23":"product_tag-zone-22","25":"first","26":"instock","27":"shipping-taxable","28":"product-type-simple"},"acf":[],"yoast_head":"<!-- This site is optimized with the Yoast SEO plugin v27.3 - https:\/\/yoast.com\/product\/yoast-seo-wordpress\/ -->\n<title>Earth-Rite \u00ae DGS dual ATEX grounding system<\/title>\n<meta name=\"description\" content=\"The ER\u00ae DGS system simultaneously secures and grounds mobile metal objects such as drums, containers and railcars.\" \/>\n<meta name=\"robots\" content=\"index, follow, max-snippet:-1, max-image-preview:large, max-video-preview:-1\" \/>\n<link rel=\"canonical\" href=\"https:\/\/adf-systemes.fr\/en\/produit\/earth-rite-dgs-dual-atex-grounding-system\/\" \/>\n<meta property=\"og:locale\" content=\"en_US\" \/>\n<meta property=\"og:type\" content=\"article\" \/>\n<meta property=\"og:title\" content=\"Earth-Rite \u00ae DGS dual ATEX grounding system\" \/>\n<meta property=\"og:description\" content=\"The ER\u00ae DGS system simultaneously secures and grounds mobile metal objects such as drums, containers and railcars.\" \/>\n<meta property=\"og:url\" content=\"https:\/\/adf-systemes.fr\/en\/produit\/earth-rite-dgs-dual-atex-grounding-system\/\" \/>\n<meta property=\"og:site_name\" content=\"ADF Syst\u00e8mes\" \/>\n<meta property=\"article:modified_time\" content=\"2026-01-15T14:47:14+00:00\" \/>\n<meta property=\"og:image\" content=\"https:\/\/adf-systemes.fr\/wp-content\/uploads\/2022\/05\/ER-DGS-ATEX-DGSMEA-Copyrighted-2-scaled.jpg\" \/>\n\t<meta property=\"og:image:width\" content=\"1800\" \/>\n\t<meta property=\"og:image:height\" content=\"1200\" \/>\n\t<meta property=\"og:image:type\" content=\"image\/jpeg\" \/>\n<meta name=\"twitter:card\" content=\"summary_large_image\" \/>\n<meta name=\"twitter:label1\" content=\"Est. reading time\" \/>\n\t<meta name=\"twitter:data1\" content=\"5 minutes\" \/>\n<script type=\"application\/ld+json\" class=\"yoast-schema-graph\">{\"@context\":\"https:\\\/\\\/schema.org\",\"@graph\":[{\"@type\":\"WebPage\",\"@id\":\"https:\\\/\\\/adf-systemes.fr\\\/en\\\/produit\\\/earth-rite-dgs-dual-atex-grounding-system\\\/\",\"url\":\"https:\\\/\\\/adf-systemes.fr\\\/en\\\/produit\\\/earth-rite-dgs-dual-atex-grounding-system\\\/\",\"name\":\"Earth-Rite \u00ae DGS dual ATEX grounding system\",\"isPartOf\":{\"@id\":\"https:\\\/\\\/adf-systemes.fr\\\/en\\\/#website\"},\"primaryImageOfPage\":{\"@id\":\"https:\\\/\\\/adf-systemes.fr\\\/en\\\/produit\\\/earth-rite-dgs-dual-atex-grounding-system\\\/#primaryimage\"},\"image\":{\"@id\":\"https:\\\/\\\/adf-systemes.fr\\\/en\\\/produit\\\/earth-rite-dgs-dual-atex-grounding-system\\\/#primaryimage\"},\"thumbnailUrl\":\"https:\\\/\\\/adf-systemes.fr\\\/wp-content\\\/uploads\\\/2022\\\/05\\\/ER-DGS-ATEX-DGSMEA-Copyrighted-2-scaled.jpg\",\"datePublished\":\"2022-05-06T09:55:29+00:00\",\"dateModified\":\"2026-01-15T14:47:14+00:00\",\"description\":\"The ER\u00ae DGS system simultaneously secures and grounds mobile metal objects such as drums, containers and railcars.\",\"breadcrumb\":{\"@id\":\"https:\\\/\\\/adf-systemes.fr\\\/en\\\/produit\\\/earth-rite-dgs-dual-atex-grounding-system\\\/#breadcrumb\"},\"inLanguage\":\"en-US\",\"potentialAction\":[{\"@type\":\"ReadAction\",\"target\":[\"https:\\\/\\\/adf-systemes.fr\\\/en\\\/produit\\\/earth-rite-dgs-dual-atex-grounding-system\\\/\"]}]},{\"@type\":\"ImageObject\",\"inLanguage\":\"en-US\",\"@id\":\"https:\\\/\\\/adf-systemes.fr\\\/en\\\/produit\\\/earth-rite-dgs-dual-atex-grounding-system\\\/#primaryimage\",\"url\":\"https:\\\/\\\/adf-systemes.fr\\\/wp-content\\\/uploads\\\/2022\\\/05\\\/ER-DGS-ATEX-DGSMEA-Copyrighted-2-scaled.jpg\",\"contentUrl\":\"https:\\\/\\\/adf-systemes.fr\\\/wp-content\\\/uploads\\\/2022\\\/05\\\/ER-DGS-ATEX-DGSMEA-Copyrighted-2-scaled.jpg\",\"width\":1800,\"height\":1200},{\"@type\":\"BreadcrumbList\",\"@id\":\"https:\\\/\\\/adf-systemes.fr\\\/en\\\/produit\\\/earth-rite-dgs-dual-atex-grounding-system\\\/#breadcrumb\",\"itemListElement\":[{\"@type\":\"ListItem\",\"position\":1,\"name\":\"Accueil\",\"item\":\"https:\\\/\\\/adf-systemes.fr\\\/en\\\/\"},{\"@type\":\"ListItem\",\"position\":2,\"name\":\"Shop\",\"item\":\"https:\\\/\\\/adf-systemes.fr\\\/en\\\/shop\\\/\"},{\"@type\":\"ListItem\",\"position\":3,\"name\":\"Earth-Rite \u00ae DGS dual ATEX grounding system\"}]},{\"@type\":\"WebSite\",\"@id\":\"https:\\\/\\\/adf-systemes.fr\\\/en\\\/#website\",\"url\":\"https:\\\/\\\/adf-systemes.fr\\\/en\\\/\",\"name\":\"ADF Syst\u00e8mes\",\"description\":\"Le sp\u00e9cialiste des solutions de pr\u00e9vention des risques industriels et ATEX\",\"potentialAction\":[{\"@type\":\"SearchAction\",\"target\":{\"@type\":\"EntryPoint\",\"urlTemplate\":\"https:\\\/\\\/adf-systemes.fr\\\/en\\\/?s={search_term_string}\"},\"query-input\":{\"@type\":\"PropertyValueSpecification\",\"valueRequired\":true,\"valueName\":\"search_term_string\"}}],\"inLanguage\":\"en-US\"}]}<\/script>\n<!-- \/ Yoast SEO plugin. -->","yoast_head_json":{"title":"Earth-Rite \u00ae DGS dual ATEX grounding system","description":"The ER\u00ae DGS system simultaneously secures and grounds mobile metal objects such as drums, containers and railcars.","robots":{"index":"index","follow":"follow","max-snippet":"max-snippet:-1","max-image-preview":"max-image-preview:large","max-video-preview":"max-video-preview:-1"},"canonical":"https:\/\/adf-systemes.fr\/en\/produit\/earth-rite-dgs-dual-atex-grounding-system\/","og_locale":"en_US","og_type":"article","og_title":"Earth-Rite \u00ae DGS dual ATEX grounding system","og_description":"The ER\u00ae DGS system simultaneously secures and grounds mobile metal objects such as drums, containers and railcars.","og_url":"https:\/\/adf-systemes.fr\/en\/produit\/earth-rite-dgs-dual-atex-grounding-system\/","og_site_name":"ADF Syst\u00e8mes","article_modified_time":"2026-01-15T14:47:14+00:00","og_image":[{"width":1800,"height":1200,"url":"https:\/\/adf-systemes.fr\/wp-content\/uploads\/2022\/05\/ER-DGS-ATEX-DGSMEA-Copyrighted-2-scaled.jpg","type":"image\/jpeg"}],"twitter_card":"summary_large_image","twitter_misc":{"Est. reading time":"5 minutes"},"schema":{"@context":"https:\/\/schema.org","@graph":[{"@type":"WebPage","@id":"https:\/\/adf-systemes.fr\/en\/produit\/earth-rite-dgs-dual-atex-grounding-system\/","url":"https:\/\/adf-systemes.fr\/en\/produit\/earth-rite-dgs-dual-atex-grounding-system\/","name":"Earth-Rite \u00ae DGS dual ATEX grounding system","isPartOf":{"@id":"https:\/\/adf-systemes.fr\/en\/#website"},"primaryImageOfPage":{"@id":"https:\/\/adf-systemes.fr\/en\/produit\/earth-rite-dgs-dual-atex-grounding-system\/#primaryimage"},"image":{"@id":"https:\/\/adf-systemes.fr\/en\/produit\/earth-rite-dgs-dual-atex-grounding-system\/#primaryimage"},"thumbnailUrl":"https:\/\/adf-systemes.fr\/wp-content\/uploads\/2022\/05\/ER-DGS-ATEX-DGSMEA-Copyrighted-2-scaled.jpg","datePublished":"2022-05-06T09:55:29+00:00","dateModified":"2026-01-15T14:47:14+00:00","description":"The ER\u00ae DGS system simultaneously secures and grounds mobile metal objects such as drums, containers and railcars.","breadcrumb":{"@id":"https:\/\/adf-systemes.fr\/en\/produit\/earth-rite-dgs-dual-atex-grounding-system\/#breadcrumb"},"inLanguage":"en-US","potentialAction":[{"@type":"ReadAction","target":["https:\/\/adf-systemes.fr\/en\/produit\/earth-rite-dgs-dual-atex-grounding-system\/"]}]},{"@type":"ImageObject","inLanguage":"en-US","@id":"https:\/\/adf-systemes.fr\/en\/produit\/earth-rite-dgs-dual-atex-grounding-system\/#primaryimage","url":"https:\/\/adf-systemes.fr\/wp-content\/uploads\/2022\/05\/ER-DGS-ATEX-DGSMEA-Copyrighted-2-scaled.jpg","contentUrl":"https:\/\/adf-systemes.fr\/wp-content\/uploads\/2022\/05\/ER-DGS-ATEX-DGSMEA-Copyrighted-2-scaled.jpg","width":1800,"height":1200},{"@type":"BreadcrumbList","@id":"https:\/\/adf-systemes.fr\/en\/produit\/earth-rite-dgs-dual-atex-grounding-system\/#breadcrumb","itemListElement":[{"@type":"ListItem","position":1,"name":"Accueil","item":"https:\/\/adf-systemes.fr\/en\/"},{"@type":"ListItem","position":2,"name":"Shop","item":"https:\/\/adf-systemes.fr\/en\/shop\/"},{"@type":"ListItem","position":3,"name":"Earth-Rite \u00ae DGS dual ATEX grounding system"}]},{"@type":"WebSite","@id":"https:\/\/adf-systemes.fr\/en\/#website","url":"https:\/\/adf-systemes.fr\/en\/","name":"ADF Syst\u00e8mes","description":"Le sp\u00e9cialiste des solutions de pr\u00e9vention des risques industriels et ATEX","potentialAction":[{"@type":"SearchAction","target":{"@type":"EntryPoint","urlTemplate":"https:\/\/adf-systemes.fr\/en\/?s={search_term_string}"},"query-input":{"@type":"PropertyValueSpecification","valueRequired":true,"valueName":"search_term_string"}}],"inLanguage":"en-US"}]}},"_links":{"self":[{"href":"https:\/\/adf-systemes.fr\/en\/wp-json\/wp\/v2\/product\/15768245","targetHints":{"allow":["GET"]}}],"collection":[{"href":"https:\/\/adf-systemes.fr\/en\/wp-json\/wp\/v2\/product"}],"about":[{"href":"https:\/\/adf-systemes.fr\/en\/wp-json\/wp\/v2\/types\/product"}],"replies":[{"embeddable":true,"href":"https:\/\/adf-systemes.fr\/en\/wp-json\/wp\/v2\/comments?post=15768245"}],"wp:featuredmedia":[{"embeddable":true,"href":"https:\/\/adf-systemes.fr\/en\/wp-json\/wp\/v2\/media\/5585"}],"wp:attachment":[{"href":"https:\/\/adf-systemes.fr\/en\/wp-json\/wp\/v2\/media?parent=15768245"}],"wp:term":[{"taxonomy":"product_brand","embeddable":true,"href":"https:\/\/adf-systemes.fr\/en\/wp-json\/wp\/v2\/product_brand?post=15768245"},{"taxonomy":"product_cat","embeddable":true,"href":"https:\/\/adf-systemes.fr\/en\/wp-json\/wp\/v2\/product_cat?post=15768245"},{"taxonomy":"product_tag","embeddable":true,"href":"https:\/\/adf-systemes.fr\/en\/wp-json\/wp\/v2\/product_tag?post=15768245"}],"curies":[{"name":"wp","href":"https:\/\/api.w.org\/{rel}","templated":true}]}}