{"id":15768236,"date":"2022-05-24T15:34:44","date_gmt":"2022-05-24T15:34:44","guid":{"rendered":"https:\/\/adf-systemes.fr\/produit\/atex-mhg11-electromechanical-horn\/"},"modified":"2026-01-23T08:40:04","modified_gmt":"2026-01-23T08:40:04","slug":"atex-mhg11-electromechanical-horn","status":"publish","type":"product","link":"https:\/\/adf-systemes.fr\/en\/produit\/atex-mhg11-electromechanical-horn\/","title":{"rendered":"ATEX mHG11 electromechanical horn"},"content":{"rendered":"<p>[et_pb_section fb_built=&#8221;1&#8243; _builder_version=&#8221;4.16&#8243; custom_padding=&#8221;0px||||false|false&#8221; global_colors_info=&#8221;{}&#8221;][et_pb_row _builder_version=&#8221;4.16&#8243; background_size=&#8221;initial&#8221; background_position=&#8221;top_left&#8221; background_repeat=&#8221;repeat&#8221; width=&#8221;100%&#8221; custom_padding=&#8221;0px||0px||false|false&#8221; global_colors_info=&#8221;{}&#8221;][et_pb_column type=&#8221;4_4&#8243; _builder_version=&#8221;4.16&#8243; custom_padding=&#8221;|||&#8221; global_colors_info=&#8221;{}&#8221; custom_padding__hover=&#8221;|||&#8221;][et_pb_wc_breadcrumb _builder_version=&#8221;4.17.3&#8243; global_colors_info=&#8221;{}&#8221;][\/et_pb_wc_breadcrumb][et_pb_wc_cart_notice _builder_version=&#8221;4.17.3&#8243; global_colors_info=&#8221;{}&#8221;][\/et_pb_wc_cart_notice][\/et_pb_column][\/et_pb_row][et_pb_row column_structure=&#8221;1_2,1_2&#8243; _builder_version=&#8221;4.16&#8243; background_size=&#8221;initial&#8221; background_position=&#8221;top_left&#8221; background_repeat=&#8221;repeat&#8221; width=&#8221;100%&#8221; custom_padding=&#8221;0px||||false|false&#8221; global_colors_info=&#8221;{}&#8221;][et_pb_column type=&#8221;1_2&#8243; _builder_version=&#8221;4.16&#8243; custom_padding=&#8221;|||&#8221; global_colors_info=&#8221;{}&#8221; custom_padding__hover=&#8221;|||&#8221;][et_pb_wc_images _builder_version=&#8221;4.16&#8243; global_colors_info=&#8221;{}&#8221;][\/et_pb_wc_images][\/et_pb_column][et_pb_column type=&#8221;1_2&#8243; _builder_version=&#8221;4.16&#8243; custom_padding=&#8221;|||&#8221; global_colors_info=&#8221;{}&#8221; custom_padding__hover=&#8221;|||&#8221;][et_pb_wc_title _builder_version=&#8221;4.17.3&#8243; global_colors_info=&#8221;{}&#8221;][\/et_pb_wc_title][et_pb_wc_rating _builder_version=&#8221;4.16&#8243; global_colors_info=&#8221;{}&#8221;][\/et_pb_wc_rating][et_pb_wc_price _builder_version=&#8221;4.16&#8243; global_colors_info=&#8221;{}&#8221;][\/et_pb_wc_price][et_pb_wc_description _builder_version=&#8221;4.16&#8243; global_colors_info=&#8221;{}&#8221;][\/et_pb_wc_description][et_pb_wc_add_to_cart _builder_version=&#8221;4.16&#8243; global_colors_info=&#8221;{}&#8221;][\/et_pb_wc_add_to_cart][et_pb_wc_meta _builder_version=&#8221;4.16&#8243; global_colors_info=&#8221;{}&#8221;][\/et_pb_wc_meta][\/et_pb_column][\/et_pb_row][et_pb_row column_structure=&#8221;1_2,1_2&#8243; _builder_version=&#8221;4.16&#8243; background_size=&#8221;initial&#8221; background_position=&#8221;top_left&#8221; background_repeat=&#8221;repeat&#8221; width=&#8221;100%&#8221; custom_padding=&#8221;0px||||false|false&#8221; global_colors_info=&#8221;{}&#8221;][et_pb_column type=&#8221;1_2&#8243; _builder_version=&#8221;4.16&#8243; custom_padding=&#8221;|||&#8221; global_colors_info=&#8221;{}&#8221; custom_padding__hover=&#8221;|||&#8221;][et_pb_wc_images _builder_version=&#8221;4.16&#8243; global_colors_info=&#8221;{}&#8221;][\/et_pb_wc_images][\/et_pb_column][et_pb_column type=&#8221;1_2&#8243; _builder_version=&#8221;4.16&#8243; custom_padding=&#8221;|||&#8221; global_colors_info=&#8221;{}&#8221; custom_padding__hover=&#8221;|||&#8221;][et_pb_wc_title _builder_version=&#8221;4.17.3&#8243; global_colors_info=&#8221;{}&#8221;][\/et_pb_wc_title][et_pb_wc_rating _builder_version=&#8221;4.16&#8243; global_colors_info=&#8221;{}&#8221;][\/et_pb_wc_rating][et_pb_wc_price _builder_version=&#8221;4.16&#8243; global_colors_info=&#8221;{}&#8221;][\/et_pb_wc_price][et_pb_wc_description _builder_version=&#8221;4.16&#8243; global_colors_info=&#8221;{}&#8221;][\/et_pb_wc_description][et_pb_wc_add_to_cart _builder_version=&#8221;4.16&#8243; global_colors_info=&#8221;{}&#8221;][\/et_pb_wc_add_to_cart][et_pb_wc_meta _builder_version=&#8221;4.16&#8243; global_colors_info=&#8221;{}&#8221;][\/et_pb_wc_meta][\/et_pb_column][\/et_pb_row][et_pb_row _builder_version=&#8221;4.16&#8243; background_size=&#8221;initial&#8221; background_position=&#8221;top_left&#8221; background_repeat=&#8221;repeat&#8221; width=&#8221;100%&#8221; global_colors_info=&#8221;{}&#8221;][et_pb_column type=&#8221;4_4&#8243; _builder_version=&#8221;4.16&#8243; custom_padding=&#8221;|||&#8221; global_colors_info=&#8221;{}&#8221; custom_padding__hover=&#8221;|||&#8221;][et_pb_wc_tabs _builder_version=&#8221;4.16&#8243; global_colors_info=&#8221;{}&#8221;]\t\t\t\t\t[\/et_pb_wc_tabs][et_pb_wc_upsells _builder_version=&#8221;4.16&#8243; global_colors_info=&#8221;{}&#8221;][\/et_pb_wc_upsells][et_pb_wc_related_products _builder_version=&#8221;4.16&#8243; global_colors_info=&#8221;{}&#8221;][\/et_pb_wc_related_products][\/et_pb_column][\/et_pb_row][\/et_pb_section]<\/p>\n","protected":false},"excerpt":{"rendered":"<p>108 dB(A) @1m<br \/>\nIP66<\/p>\n","protected":false},"featured_media":5602,"comment_status":"closed","ping_status":"closed","template":"","meta":{"_acf_changed":false,"_et_pb_use_builder":"on","_et_pb_old_content":"Our ATEX and IECEx <a href=\"https:\/\/adf-systemes.fr\/communication-industrielle\/avertisseur-sonore-industriel-2\/sirene-electromecanique-industrielle\/\">electromechanical horn<\/a>, model mHG11, has a sound power level of 108 dB. It can be installed in Zones 1, 2, 21 and 22. It is designed for both indoor and outdoor alarms:  \n<ul>\n \t<li>Process fault detection<\/li>\n \t<li>Industrial applications<\/li>\n \t<li>Gate opening\/closing signal<\/li>\n \t<li>Overhead crane signalling<\/li>\n<\/ul>\n<strong>Documents to download :<\/strong>\n<ul>\n \t<li><a href=\"https:\/\/documentation.adf-systemes.fr\/sonore\/mhg11_atex\/ADF_ft_mHG11_atex_V4.pdf\" target=\"_blank\" rel=\"noopener\"><strong><b>French data sheet<\/b><\/strong><\/a><\/li>\n \t<li><a href=\"https:\/\/documentation.adf-systemes.fr\/sonore\/mhg11_atex\/datasheet_mhg11.pdf\" target=\"_blank\" rel=\"noopener\"><strong><b>Data sheet<\/b><\/strong><\/a><\/li>\n \t<li><a href=\"https:\/\/documentation.adf-systemes.fr\/sonore\/mhg11_atex\/certificat_atex_mhg11.pdf\" target=\"_blank\" rel=\"noopener\"><strong><b>ATEX certificate<\/b><\/strong><\/a><\/li>\n \t<li><a href=\"https:\/\/documentation.adf-systemes.fr\/sonore\/mhg11_atex\/declaration_de_conformite_mhg11.pdf\" target=\"_blank\" rel=\"noopener\"><strong><b>Declaration of conformity<\/b><\/strong><\/a><\/li>\n \t<li><a href=\"http:\/\/contact.adf-systemes.fr\/13250-telecharger-l-instructions-d-installation-trompe-electromecanique-atex-mhg11?neo_campaign=telecharger-l-instructions-d-installation-trompe-electromecanique-atex-mhg11&neo_medium=click_popup&uuid=21dcfb0d-6b3d-402c-8bbd-22e105bd5054\" target=\"_blank\" rel=\"noopener\"><strong><b>Installation instructions<\/b><\/strong><\/a><\/li>\n<\/ul>","_et_gb_content_width":""},"product_brand":[],"product_cat":[697,699,696,698,673],"product_tag":[],"class_list":{"0":"post-15768236","1":"product","2":"type-product","3":"status-publish","4":"has-post-thumbnail","6":"product_cat-atex-and-industrial-electronic-siren","7":"product_cat-atex-certified-sound","8":"product_cat-audible-warning","9":"product_cat-electromechanical-industrial-siren","10":"product_cat-fhf","12":"first","13":"instock","14":"shipping-taxable","15":"product-type-simple"},"acf":[],"yoast_head":"<!-- This site is optimized with the Yoast SEO plugin v27.3 - https:\/\/yoast.com\/product\/yoast-seo-wordpress\/ -->\n<title>ATEX mHG11 electromechanical horn - ADF Syst\u00e8mes<\/title>\n<meta name=\"description\" content=\"The mHG11 ATEX electromechanical horn has a sound power level of 108 dB. It can be installed in Zones 1, 2, 21 and 22.\" \/>\n<meta name=\"robots\" content=\"index, follow, max-snippet:-1, max-image-preview:large, max-video-preview:-1\" \/>\n<link rel=\"canonical\" href=\"https:\/\/adf-systemes.fr\/en\/produit\/atex-mhg11-electromechanical-horn\/\" \/>\n<meta property=\"og:locale\" content=\"en_US\" \/>\n<meta property=\"og:type\" content=\"article\" \/>\n<meta property=\"og:title\" content=\"ATEX mHG11 electromechanical horn - ADF Syst\u00e8mes\" \/>\n<meta property=\"og:description\" content=\"The mHG11 ATEX electromechanical horn has a sound power level of 108 dB. It can be installed in Zones 1, 2, 21 and 22.\" \/>\n<meta property=\"og:url\" content=\"https:\/\/adf-systemes.fr\/en\/produit\/atex-mhg11-electromechanical-horn\/\" \/>\n<meta property=\"og:site_name\" content=\"ADF Syst\u00e8mes\" \/>\n<meta property=\"article:modified_time\" content=\"2026-01-23T08:40:04+00:00\" \/>\n<meta property=\"og:image\" content=\"https:\/\/adf-systemes.fr\/wp-content\/uploads\/2022\/05\/mhg11.jpg\" \/>\n\t<meta property=\"og:image:width\" content=\"505\" \/>\n\t<meta property=\"og:image:height\" content=\"438\" \/>\n\t<meta property=\"og:image:type\" content=\"image\/jpeg\" \/>\n<meta name=\"twitter:card\" content=\"summary_large_image\" \/>\n<meta name=\"twitter:label1\" content=\"Est. reading time\" \/>\n\t<meta name=\"twitter:data1\" content=\"2 minutes\" \/>\n<script type=\"application\/ld+json\" class=\"yoast-schema-graph\">{\"@context\":\"https:\\\/\\\/schema.org\",\"@graph\":[{\"@type\":\"WebPage\",\"@id\":\"https:\\\/\\\/adf-systemes.fr\\\/en\\\/produit\\\/atex-mhg11-electromechanical-horn\\\/\",\"url\":\"https:\\\/\\\/adf-systemes.fr\\\/en\\\/produit\\\/atex-mhg11-electromechanical-horn\\\/\",\"name\":\"ATEX mHG11 electromechanical horn - ADF Syst\u00e8mes\",\"isPartOf\":{\"@id\":\"https:\\\/\\\/adf-systemes.fr\\\/en\\\/#website\"},\"primaryImageOfPage\":{\"@id\":\"https:\\\/\\\/adf-systemes.fr\\\/en\\\/produit\\\/atex-mhg11-electromechanical-horn\\\/#primaryimage\"},\"image\":{\"@id\":\"https:\\\/\\\/adf-systemes.fr\\\/en\\\/produit\\\/atex-mhg11-electromechanical-horn\\\/#primaryimage\"},\"thumbnailUrl\":\"https:\\\/\\\/adf-systemes.fr\\\/wp-content\\\/uploads\\\/2022\\\/05\\\/mhg11.jpg\",\"datePublished\":\"2022-05-24T15:34:44+00:00\",\"dateModified\":\"2026-01-23T08:40:04+00:00\",\"description\":\"The mHG11 ATEX electromechanical horn has a sound power level of 108 dB. It can be installed in Zones 1, 2, 21 and 22.\",\"breadcrumb\":{\"@id\":\"https:\\\/\\\/adf-systemes.fr\\\/en\\\/produit\\\/atex-mhg11-electromechanical-horn\\\/#breadcrumb\"},\"inLanguage\":\"en-US\",\"potentialAction\":[{\"@type\":\"ReadAction\",\"target\":[\"https:\\\/\\\/adf-systemes.fr\\\/en\\\/produit\\\/atex-mhg11-electromechanical-horn\\\/\"]}]},{\"@type\":\"ImageObject\",\"inLanguage\":\"en-US\",\"@id\":\"https:\\\/\\\/adf-systemes.fr\\\/en\\\/produit\\\/atex-mhg11-electromechanical-horn\\\/#primaryimage\",\"url\":\"https:\\\/\\\/adf-systemes.fr\\\/wp-content\\\/uploads\\\/2022\\\/05\\\/mhg11.jpg\",\"contentUrl\":\"https:\\\/\\\/adf-systemes.fr\\\/wp-content\\\/uploads\\\/2022\\\/05\\\/mhg11.jpg\",\"width\":505,\"height\":438},{\"@type\":\"BreadcrumbList\",\"@id\":\"https:\\\/\\\/adf-systemes.fr\\\/en\\\/produit\\\/atex-mhg11-electromechanical-horn\\\/#breadcrumb\",\"itemListElement\":[{\"@type\":\"ListItem\",\"position\":1,\"name\":\"Accueil\",\"item\":\"https:\\\/\\\/adf-systemes.fr\\\/en\\\/\"},{\"@type\":\"ListItem\",\"position\":2,\"name\":\"Shop\",\"item\":\"https:\\\/\\\/adf-systemes.fr\\\/en\\\/shop\\\/\"},{\"@type\":\"ListItem\",\"position\":3,\"name\":\"ATEX mHG11 electromechanical horn\"}]},{\"@type\":\"WebSite\",\"@id\":\"https:\\\/\\\/adf-systemes.fr\\\/en\\\/#website\",\"url\":\"https:\\\/\\\/adf-systemes.fr\\\/en\\\/\",\"name\":\"ADF Syst\u00e8mes\",\"description\":\"Le sp\u00e9cialiste des solutions de pr\u00e9vention des risques industriels et ATEX\",\"potentialAction\":[{\"@type\":\"SearchAction\",\"target\":{\"@type\":\"EntryPoint\",\"urlTemplate\":\"https:\\\/\\\/adf-systemes.fr\\\/en\\\/?s={search_term_string}\"},\"query-input\":{\"@type\":\"PropertyValueSpecification\",\"valueRequired\":true,\"valueName\":\"search_term_string\"}}],\"inLanguage\":\"en-US\"}]}<\/script>\n<!-- \/ Yoast SEO plugin. -->","yoast_head_json":{"title":"ATEX mHG11 electromechanical horn - ADF Syst\u00e8mes","description":"The mHG11 ATEX electromechanical horn has a sound power level of 108 dB. It can be installed in Zones 1, 2, 21 and 22.","robots":{"index":"index","follow":"follow","max-snippet":"max-snippet:-1","max-image-preview":"max-image-preview:large","max-video-preview":"max-video-preview:-1"},"canonical":"https:\/\/adf-systemes.fr\/en\/produit\/atex-mhg11-electromechanical-horn\/","og_locale":"en_US","og_type":"article","og_title":"ATEX mHG11 electromechanical horn - ADF Syst\u00e8mes","og_description":"The mHG11 ATEX electromechanical horn has a sound power level of 108 dB. It can be installed in Zones 1, 2, 21 and 22.","og_url":"https:\/\/adf-systemes.fr\/en\/produit\/atex-mhg11-electromechanical-horn\/","og_site_name":"ADF Syst\u00e8mes","article_modified_time":"2026-01-23T08:40:04+00:00","og_image":[{"width":505,"height":438,"url":"https:\/\/adf-systemes.fr\/wp-content\/uploads\/2022\/05\/mhg11.jpg","type":"image\/jpeg"}],"twitter_card":"summary_large_image","twitter_misc":{"Est. reading time":"2 minutes"},"schema":{"@context":"https:\/\/schema.org","@graph":[{"@type":"WebPage","@id":"https:\/\/adf-systemes.fr\/en\/produit\/atex-mhg11-electromechanical-horn\/","url":"https:\/\/adf-systemes.fr\/en\/produit\/atex-mhg11-electromechanical-horn\/","name":"ATEX mHG11 electromechanical horn - ADF Syst\u00e8mes","isPartOf":{"@id":"https:\/\/adf-systemes.fr\/en\/#website"},"primaryImageOfPage":{"@id":"https:\/\/adf-systemes.fr\/en\/produit\/atex-mhg11-electromechanical-horn\/#primaryimage"},"image":{"@id":"https:\/\/adf-systemes.fr\/en\/produit\/atex-mhg11-electromechanical-horn\/#primaryimage"},"thumbnailUrl":"https:\/\/adf-systemes.fr\/wp-content\/uploads\/2022\/05\/mhg11.jpg","datePublished":"2022-05-24T15:34:44+00:00","dateModified":"2026-01-23T08:40:04+00:00","description":"The mHG11 ATEX electromechanical horn has a sound power level of 108 dB. It can be installed in Zones 1, 2, 21 and 22.","breadcrumb":{"@id":"https:\/\/adf-systemes.fr\/en\/produit\/atex-mhg11-electromechanical-horn\/#breadcrumb"},"inLanguage":"en-US","potentialAction":[{"@type":"ReadAction","target":["https:\/\/adf-systemes.fr\/en\/produit\/atex-mhg11-electromechanical-horn\/"]}]},{"@type":"ImageObject","inLanguage":"en-US","@id":"https:\/\/adf-systemes.fr\/en\/produit\/atex-mhg11-electromechanical-horn\/#primaryimage","url":"https:\/\/adf-systemes.fr\/wp-content\/uploads\/2022\/05\/mhg11.jpg","contentUrl":"https:\/\/adf-systemes.fr\/wp-content\/uploads\/2022\/05\/mhg11.jpg","width":505,"height":438},{"@type":"BreadcrumbList","@id":"https:\/\/adf-systemes.fr\/en\/produit\/atex-mhg11-electromechanical-horn\/#breadcrumb","itemListElement":[{"@type":"ListItem","position":1,"name":"Accueil","item":"https:\/\/adf-systemes.fr\/en\/"},{"@type":"ListItem","position":2,"name":"Shop","item":"https:\/\/adf-systemes.fr\/en\/shop\/"},{"@type":"ListItem","position":3,"name":"ATEX mHG11 electromechanical horn"}]},{"@type":"WebSite","@id":"https:\/\/adf-systemes.fr\/en\/#website","url":"https:\/\/adf-systemes.fr\/en\/","name":"ADF Syst\u00e8mes","description":"Le sp\u00e9cialiste des solutions de pr\u00e9vention des risques industriels et ATEX","potentialAction":[{"@type":"SearchAction","target":{"@type":"EntryPoint","urlTemplate":"https:\/\/adf-systemes.fr\/en\/?s={search_term_string}"},"query-input":{"@type":"PropertyValueSpecification","valueRequired":true,"valueName":"search_term_string"}}],"inLanguage":"en-US"}]}},"_links":{"self":[{"href":"https:\/\/adf-systemes.fr\/en\/wp-json\/wp\/v2\/product\/15768236","targetHints":{"allow":["GET"]}}],"collection":[{"href":"https:\/\/adf-systemes.fr\/en\/wp-json\/wp\/v2\/product"}],"about":[{"href":"https:\/\/adf-systemes.fr\/en\/wp-json\/wp\/v2\/types\/product"}],"replies":[{"embeddable":true,"href":"https:\/\/adf-systemes.fr\/en\/wp-json\/wp\/v2\/comments?post=15768236"}],"wp:featuredmedia":[{"embeddable":true,"href":"https:\/\/adf-systemes.fr\/en\/wp-json\/wp\/v2\/media\/5602"}],"wp:attachment":[{"href":"https:\/\/adf-systemes.fr\/en\/wp-json\/wp\/v2\/media?parent=15768236"}],"wp:term":[{"taxonomy":"product_brand","embeddable":true,"href":"https:\/\/adf-systemes.fr\/en\/wp-json\/wp\/v2\/product_brand?post=15768236"},{"taxonomy":"product_cat","embeddable":true,"href":"https:\/\/adf-systemes.fr\/en\/wp-json\/wp\/v2\/product_cat?post=15768236"},{"taxonomy":"product_tag","embeddable":true,"href":"https:\/\/adf-systemes.fr\/en\/wp-json\/wp\/v2\/product_tag?post=15768236"}],"curies":[{"name":"wp","href":"https:\/\/api.w.org\/{rel}","templated":true}]}}