{"id":15768492,"date":"2024-05-29T08:51:38","date_gmt":"2024-05-29T08:51:38","guid":{"rendered":"https:\/\/adf-systemes.fr\/terms-of-use\/"},"modified":"2026-01-15T14:49:53","modified_gmt":"2026-01-15T14:49:53","slug":"terms-of-use","status":"publish","type":"page","link":"https:\/\/adf-systemes.fr\/en\/terms-of-use\/","title":{"rendered":"Terms of use"},"content":{"rendered":"\n<p>In accordance with the provisions of law no. 2004-575 of June 21, 2004 on confidence in the digital economy, users of the ADF Systemes website are informed of the identity of the various parties involved in its creation and follow-up.<\/p>\n\n<p><strong>Site editing  <\/strong><\/p>\n\n<p>This site, accessible at the URL https:\/\/adf-systemes.fr\/ (the &#8220;Site&#8221;), is published by :<\/p>\n\n<p><em><br\/><\/em>ADF SYSTEMES , a company with share capital of 200146 euros, registered with the R.C.S. of EVRY under number Evry B 402 918 932, whose registered office is located at 7 B AVENUE DE LA BALTIQUE 91140 VILLEBON-SUR-YVETTE, represented by Cyril de Lestang, duly authorized<\/p>\n\n<p>The publisher&#8217;s individual VAT number is: FR38402918932.<\/p>\n\n<p><strong>Hosting<\/strong><\/p>\n\n<p><br\/>The Site is hosted by OVH SAS, located at 2 rue Kellermann &#8211; BP 80157 &#8211; 59053 Roubaix Cedex 1, (telephone contact or e-mail: 1007).<\/p>\n\n<p><strong>Publishing Director  <\/strong><\/p>\n\n<p><br\/>The Site&#8217;s Publishing Director is Cyril de Lestang .<\/p>\n\n<p><strong>Contact us  <\/strong><\/p>\n\n<p><br\/>By phone: +33685131881<\/p>\n\n<p>By email: cdelestang@adf-systemes.fr<\/p>\n\n<p>By post: 7 B AVENUE DE LA BALTIQUE 91140 VILLEBON-SUR-YVETTE<\/p>\n\n<p><strong>Personal data<\/strong><\/p>\n\n<p>The processing of your personal data is governed by our Privacy Charter, available from the &#8220;Personal Data Protection Charter&#8221; section, in accordance with the General Data Protection Regulation 2016\/679 of April 27, 2016 (&#8220;GDPR&#8221;).<\/p>\n","protected":false},"excerpt":{"rendered":"<p>In accordance with the provisions of law no. 2004-575 of June 21, 2004 on confidence in the digital economy, users of the ADF Systemes website are informed of the identity of the various parties involved in its creation and follow-up. Site editing This site, accessible at the URL https:\/\/adf-systemes.fr\/ (the &#8220;Site&#8221;), is published by : [&hellip;]<\/p>\n","protected":false},"author":59,"featured_media":0,"parent":0,"menu_order":0,"comment_status":"closed","ping_status":"closed","template":"","meta":{"_acf_changed":false,"_et_pb_use_builder":"off","_et_pb_old_content":"","_et_gb_content_width":"","footnotes":""},"dipi_cpt_category":[],"class_list":["post-15768492","page","type-page","status-publish","hentry"],"acf":[],"yoast_head":"<!-- This site is optimized with the Yoast SEO plugin v27.3 - https:\/\/yoast.com\/product\/yoast-seo-wordpress\/ -->\n<title>Terms of use - ADF Syst\u00e8mes<\/title>\n<meta name=\"robots\" content=\"index, follow, max-snippet:-1, max-image-preview:large, max-video-preview:-1\" \/>\n<link rel=\"canonical\" href=\"https:\/\/adf-systemes.fr\/en\/terms-of-use\/\" \/>\n<meta property=\"og:locale\" content=\"en_US\" \/>\n<meta property=\"og:type\" content=\"article\" \/>\n<meta property=\"og:title\" content=\"Terms of use - ADF Syst\u00e8mes\" \/>\n<meta property=\"og:description\" content=\"In accordance with the provisions of law no. 2004-575 of June 21, 2004 on confidence in the digital economy, users of the ADF Systemes website are informed of the identity of the various parties involved in its creation and follow-up. Site editing This site, accessible at the URL https:\/\/adf-systemes.fr\/ (the &#8220;Site&#8221;), is published by : [&hellip;]\" \/>\n<meta property=\"og:url\" content=\"https:\/\/adf-systemes.fr\/en\/terms-of-use\/\" \/>\n<meta property=\"og:site_name\" content=\"ADF Syst\u00e8mes\" \/>\n<meta property=\"article:modified_time\" content=\"2026-01-15T14:49:53+00:00\" \/>\n<meta name=\"twitter:card\" content=\"summary_large_image\" \/>\n<meta name=\"twitter:label1\" content=\"Est. reading time\" \/>\n\t<meta name=\"twitter:data1\" content=\"1 minute\" \/>\n<script type=\"application\/ld+json\" class=\"yoast-schema-graph\">{\"@context\":\"https:\\\/\\\/schema.org\",\"@graph\":[{\"@type\":\"WebPage\",\"@id\":\"https:\\\/\\\/adf-systemes.fr\\\/en\\\/terms-of-use\\\/\",\"url\":\"https:\\\/\\\/adf-systemes.fr\\\/en\\\/terms-of-use\\\/\",\"name\":\"Terms of use - ADF Syst\u00e8mes\",\"isPartOf\":{\"@id\":\"https:\\\/\\\/adf-systemes.fr\\\/en\\\/#website\"},\"datePublished\":\"2024-05-29T08:51:38+00:00\",\"dateModified\":\"2026-01-15T14:49:53+00:00\",\"breadcrumb\":{\"@id\":\"https:\\\/\\\/adf-systemes.fr\\\/en\\\/terms-of-use\\\/#breadcrumb\"},\"inLanguage\":\"en-US\",\"potentialAction\":[{\"@type\":\"ReadAction\",\"target\":[\"https:\\\/\\\/adf-systemes.fr\\\/en\\\/terms-of-use\\\/\"]}]},{\"@type\":\"BreadcrumbList\",\"@id\":\"https:\\\/\\\/adf-systemes.fr\\\/en\\\/terms-of-use\\\/#breadcrumb\",\"itemListElement\":[{\"@type\":\"ListItem\",\"position\":1,\"name\":\"Accueil\",\"item\":\"https:\\\/\\\/adf-systemes.fr\\\/en\\\/\"},{\"@type\":\"ListItem\",\"position\":2,\"name\":\"Terms of use\"}]},{\"@type\":\"WebSite\",\"@id\":\"https:\\\/\\\/adf-systemes.fr\\\/en\\\/#website\",\"url\":\"https:\\\/\\\/adf-systemes.fr\\\/en\\\/\",\"name\":\"ADF Syst\u00e8mes\",\"description\":\"Le sp\u00e9cialiste des solutions de pr\u00e9vention des risques industriels et ATEX\",\"potentialAction\":[{\"@type\":\"SearchAction\",\"target\":{\"@type\":\"EntryPoint\",\"urlTemplate\":\"https:\\\/\\\/adf-systemes.fr\\\/en\\\/?s={search_term_string}\"},\"query-input\":{\"@type\":\"PropertyValueSpecification\",\"valueRequired\":true,\"valueName\":\"search_term_string\"}}],\"inLanguage\":\"en-US\"}]}<\/script>\n<!-- \/ Yoast SEO plugin. -->","yoast_head_json":{"title":"Terms of use - ADF Syst\u00e8mes","robots":{"index":"index","follow":"follow","max-snippet":"max-snippet:-1","max-image-preview":"max-image-preview:large","max-video-preview":"max-video-preview:-1"},"canonical":"https:\/\/adf-systemes.fr\/en\/terms-of-use\/","og_locale":"en_US","og_type":"article","og_title":"Terms of use - ADF Syst\u00e8mes","og_description":"In accordance with the provisions of law no. 2004-575 of June 21, 2004 on confidence in the digital economy, users of the ADF Systemes website are informed of the identity of the various parties involved in its creation and follow-up. Site editing This site, accessible at the URL https:\/\/adf-systemes.fr\/ (the &#8220;Site&#8221;), is published by : [&hellip;]","og_url":"https:\/\/adf-systemes.fr\/en\/terms-of-use\/","og_site_name":"ADF Syst\u00e8mes","article_modified_time":"2026-01-15T14:49:53+00:00","twitter_card":"summary_large_image","twitter_misc":{"Est. reading time":"1 minute"},"schema":{"@context":"https:\/\/schema.org","@graph":[{"@type":"WebPage","@id":"https:\/\/adf-systemes.fr\/en\/terms-of-use\/","url":"https:\/\/adf-systemes.fr\/en\/terms-of-use\/","name":"Terms of use - ADF Syst\u00e8mes","isPartOf":{"@id":"https:\/\/adf-systemes.fr\/en\/#website"},"datePublished":"2024-05-29T08:51:38+00:00","dateModified":"2026-01-15T14:49:53+00:00","breadcrumb":{"@id":"https:\/\/adf-systemes.fr\/en\/terms-of-use\/#breadcrumb"},"inLanguage":"en-US","potentialAction":[{"@type":"ReadAction","target":["https:\/\/adf-systemes.fr\/en\/terms-of-use\/"]}]},{"@type":"BreadcrumbList","@id":"https:\/\/adf-systemes.fr\/en\/terms-of-use\/#breadcrumb","itemListElement":[{"@type":"ListItem","position":1,"name":"Accueil","item":"https:\/\/adf-systemes.fr\/en\/"},{"@type":"ListItem","position":2,"name":"Terms of use"}]},{"@type":"WebSite","@id":"https:\/\/adf-systemes.fr\/en\/#website","url":"https:\/\/adf-systemes.fr\/en\/","name":"ADF Syst\u00e8mes","description":"Le sp\u00e9cialiste des solutions de pr\u00e9vention des risques industriels et ATEX","potentialAction":[{"@type":"SearchAction","target":{"@type":"EntryPoint","urlTemplate":"https:\/\/adf-systemes.fr\/en\/?s={search_term_string}"},"query-input":{"@type":"PropertyValueSpecification","valueRequired":true,"valueName":"search_term_string"}}],"inLanguage":"en-US"}]}},"_links":{"self":[{"href":"https:\/\/adf-systemes.fr\/en\/wp-json\/wp\/v2\/pages\/15768492","targetHints":{"allow":["GET"]}}],"collection":[{"href":"https:\/\/adf-systemes.fr\/en\/wp-json\/wp\/v2\/pages"}],"about":[{"href":"https:\/\/adf-systemes.fr\/en\/wp-json\/wp\/v2\/types\/page"}],"author":[{"embeddable":true,"href":"https:\/\/adf-systemes.fr\/en\/wp-json\/wp\/v2\/users\/59"}],"replies":[{"embeddable":true,"href":"https:\/\/adf-systemes.fr\/en\/wp-json\/wp\/v2\/comments?post=15768492"}],"version-history":[{"count":1,"href":"https:\/\/adf-systemes.fr\/en\/wp-json\/wp\/v2\/pages\/15768492\/revisions"}],"predecessor-version":[{"id":15768496,"href":"https:\/\/adf-systemes.fr\/en\/wp-json\/wp\/v2\/pages\/15768492\/revisions\/15768496"}],"wp:attachment":[{"href":"https:\/\/adf-systemes.fr\/en\/wp-json\/wp\/v2\/media?parent=15768492"}],"wp:term":[{"taxonomy":"dipi_cpt_category","embeddable":true,"href":"https:\/\/adf-systemes.fr\/en\/wp-json\/wp\/v2\/dipi_cpt_category?post=15768492"}],"curies":[{"name":"wp","href":"https:\/\/api.w.org\/{rel}","templated":true}]}}