{"id":15768123,"date":"2019-08-02T12:59:56","date_gmt":"2019-08-02T12:59:56","guid":{"rendered":"https:\/\/adf-systemes.fr\/contact\/"},"modified":"2026-03-20T13:01:26","modified_gmt":"2026-03-20T13:01:26","slug":"contact","status":"publish","type":"page","link":"https:\/\/adf-systemes.fr\/en\/contact\/","title":{"rendered":"Contact"},"content":{"rendered":"<p>[et_pb_section fb_built=&#8221;1&#8243; admin_label=&#8221;Hero&#8221; _builder_version=&#8221;4.18.0&#8243; background_enable_color=&#8221;off&#8221; background_color_gradient_direction=&#8221;112deg&#8221; background_image=&#8221;https:\/\/adf-systemes.fr\/wp-content\/uploads\/2020\/03\/photo-1468787737698-f5c03f0570dd.jpeg&#8221; background_enable_video_mp4=&#8221;off&#8221; custom_margin=&#8221;0px|0px|0px|0px|false|false&#8221; custom_margin_tablet=&#8221;||&#8221; custom_margin_phone=&#8221;&#8221; custom_margin_last_edited=&#8221;on|tablet&#8221; custom_padding=&#8221;3.6%|0px|3.6%|0px|true|false&#8221; animation_style=&#8221;zoom&#8221; animation_intensity_zoom=&#8221;4%&#8221; global_colors_info=&#8221;{}&#8221;][et_pb_row _builder_version=&#8221;4.18.0&#8243; global_colors_info=&#8221;{}&#8221;][et_pb_column type=&#8221;4_4&#8243; _builder_version=&#8221;4.16&#8243; background_color=&#8221;#FFFFFF&#8221; custom_padding=&#8221;20px|25px|20px|25px|true|true&#8221; border_radii=&#8221;on|11px|11px|11px|11px&#8221; box_shadow_style=&#8221;preset2&#8243; global_colors_info=&#8221;{}&#8221;][et_pb_text _builder_version=&#8221;4.27.5&#8243; text_font=&#8221;Poppins||||||||&#8221; text_text_color=&#8221;#000000&#8243; text_font_size=&#8221;20px&#8221; header_font=&#8221;Alata||||||||&#8221; header_text_color=&#8221;#000000&#8243; header_font_size=&#8221;26px&#8221; header_line_height=&#8221;1.1em&#8221; header_2_font=&#8221;||||||||&#8221; header_2_text_align=&#8221;left&#8221; header_2_text_color=&#8221;#ffffff&#8221; header_3_font=&#8221;||||||||&#8221; header_3_text_align=&#8221;left&#8221; custom_margin=&#8221;||||false|false&#8221; hover_enabled=&#8221;0&#8243; header_font_size_tablet=&#8221;26px&#8221; header_font_size_phone=&#8221;26px&#8221; header_font_size_last_edited=&#8221;on|phone&#8221; header_2_font_size_tablet=&#8221;&#8221; header_2_font_size_phone=&#8221;&#8221; header_2_font_size_last_edited=&#8221;on|phone&#8221; header_3_font_size_tablet=&#8221;&#8221; header_3_font_size_phone=&#8221;&#8221; header_3_font_size_last_edited=&#8221;on|desktop&#8221; global_colors_info=&#8221;{}&#8221; sticky_enabled=&#8221;0&#8243;]<\/p>\n<h1 id='contact-us'  id=\"boomdevs_1\">Contact us<\/h1>\n<p>[\/et_pb_text][\/et_pb_column][\/et_pb_row][\/et_pb_section][et_pb_section fb_built=&#8221;1&#8243; _builder_version=&#8221;3.26.6&#8243; custom_padding=&#8221;50px|0px|50px|0px|true|false&#8221; global_module=&#8221;3296&#8243; saved_tabs=&#8221;all&#8221; locked=&#8221;off&#8221; global_colors_info=&#8221;{}&#8221;][et_pb_row column_structure=&#8221;1_2,1_2&#8243; _builder_version=&#8221;4.27.5&#8243; width_tablet=&#8221;80%&#8221; width_phone=&#8221;&#8221; width_last_edited=&#8221;on|desktop&#8221; max_width_tablet=&#8221;80%&#8221; max_width_phone=&#8221;&#8221; max_width_last_edited=&#8221;on|desktop&#8221; use_custom_width=&#8221;on&#8221; custom_width_px=&#8221;1042px&#8221; global_colors_info=&#8221;{}&#8221;][et_pb_column type=&#8221;1_2&#8243; _builder_version=&#8221;4.16&#8243; custom_padding=&#8221;|||&#8221; global_colors_info=&#8221;{}&#8221; custom_padding__hover=&#8221;|||&#8221;][et_pb_text _builder_version=&#8221;4.16&#8243; text_font=&#8221;||||||||&#8221; text_font_size=&#8221;16px&#8221; header_font=&#8221;||||||||&#8221; header_font_size=&#8221;45px&#8221; header_2_font=&#8221;|600||on|||||&#8221; header_2_text_align=&#8221;left&#8221; header_2_text_color=&#8221;#d7392e&#8221; header_2_font_size=&#8221;32px&#8221; header_3_font=&#8221;||||||||&#8221; header_3_text_align=&#8221;left&#8221; header_2_font_size_tablet=&#8221;&#8221; header_2_font_size_phone=&#8221;20px&#8221; header_2_font_size_last_edited=&#8221;on|phone&#8221; header_3_font_size_tablet=&#8221;&#8221; header_3_font_size_phone=&#8221;18px&#8221; header_3_font_size_last_edited=&#8221;on|phone&#8221; global_colors_info=&#8221;{}&#8221;]<\/p>\n<h2 id='contact-us-1'  id=\"boomdevs_2\" style=\"text-align: left;\">Contact us<\/h2>\n<p>&nbsp;<\/p>\n<p>Since July 2014, the head office has been located in the Courtab\u0153uf zone, in Villebon sur Yvette.<\/p>\n<p>As a result, we have an extensive stock and a showroom where you can see our products in operation.<\/p>\n<p>[\/et_pb_text][et_pb_blurb title=&#8221;7 bis avenue de la Baltique, ZA de Courtaboeuf, 91140 Villebon sur Yvette.&#8221; use_icon=&#8221;on&#8221; font_icon=&#8221;&#xe01d;||divi||400&#8243; icon_placement=&#8221;left&#8221; image_icon_width=&#8221;20px&#8221; _builder_version=&#8221;4.18.0&#8243; header_font=&#8221;||||||||&#8221; body_font=&#8221;||||||||&#8221; body_font_size=&#8221;20px&#8221; icon_font_size=&#8221;20px&#8221; global_colors_info=&#8221;{}&#8221;][\/et_pb_blurb][et_pb_blurb title=&#8221;contact@adf-systemes.fr&#8221; use_icon=&#8221;on&#8221; font_icon=&#8221;&#xe010;||divi||400&#8243; icon_placement=&#8221;left&#8221; image_icon_width=&#8221;20px&#8221; _builder_version=&#8221;4.20.0&#8243; header_font=&#8221;||||||||&#8221; body_font=&#8221;||||||||&#8221; custom_margin=&#8221;-20px|||&#8221; link_option_url=&#8221;mailto:contact@adf-systemes.fr&#8221; icon_font_size=&#8221;20px&#8221; global_colors_info=&#8221;{}&#8221;][\/et_pb_blurb][et_pb_blurb title=&#8221;+ 33 (0) 1 69 75 20 90&#8243; use_icon=&#8221;on&#8221; font_icon=&#8221;&#xe090;||divi||400&#8243; icon_placement=&#8221;left&#8221; image_icon_width=&#8221;20px&#8221; _builder_version=&#8221;4.20.0&#8243; header_font=&#8221;||||||||&#8221; body_font=&#8221;||||||||&#8221; custom_margin=&#8221;-20px||35px|&#8221; link_option_url=&#8221;tel:+33169752090&#8243; icon_font_size=&#8221;20px&#8221; global_colors_info=&#8221;{}&#8221;][\/et_pb_blurb][et_pb_blurb title=&#8221;+ 33 (0) 1 69 75 20 99&#8243; use_icon=&#8221;on&#8221; font_icon=&#8221;&#xe103;||divi||400&#8243; icon_placement=&#8221;left&#8221; image_icon_width=&#8221;20px&#8221; _builder_version=&#8221;4.20.0&#8243; header_font=&#8221;||||||||&#8221; body_font=&#8221;||||||||&#8221; custom_margin=&#8221;-20px||35px|&#8221; link_option_url=&#8221;tel:+33169752099&#8243; icon_font_size=&#8221;20px&#8221; global_colors_info=&#8221;{}&#8221;][\/et_pb_blurb][\/et_pb_column][et_pb_column type=&#8221;1_2&#8243; _builder_version=&#8221;4.27.5&#8243; custom_padding=&#8221;30px|30px|30px|30px|true|true&#8221; border_radii=&#8221;on|15px|15px|15px|15px&#8221; box_shadow_style=&#8221;preset1&#8243; box_shadow_color=&#8221;rgba(0,0,0,0.1)&#8221; global_colors_info=&#8221;{}&#8221; custom_padding__hover=&#8221;|||&#8221;][et_pb_code _builder_version=&#8221;4.27.5&#8243; hover_enabled=&#8221;0&#8243; global_colors_info=&#8221;{}&#8221; sticky_enabled=&#8221;0&#8243;]<\/p>\n<div style=\"width: 100% !important; max-width: inherit !important;\" class=\"neo-widget neo-form-widget neo-fwg-6453\" data-lp=\"a71db9bd-e5a2-44db-a1c5-ca56bb76c1ce\" data-ga-label=\"Contact\" data-ga-category=\"form_widget\"><\/div>\n<p><!-- [et_pb_line_break_holder] -->[\/et_pb_code][\/et_pb_column][\/et_pb_row][\/et_pb_section][et_pb_section fb_built=&#8221;1&#8243; _builder_version=&#8221;4.16&#8243; background_color=&#8221;#f9f9f9&#8243; global_colors_info=&#8221;{}&#8221;][et_pb_row _builder_version=&#8221;4.16&#8243; width_tablet=&#8221;80%&#8221; width_phone=&#8221;&#8221; width_last_edited=&#8221;on|desktop&#8221; max_width_tablet=&#8221;80%&#8221; max_width_phone=&#8221;&#8221; max_width_last_edited=&#8221;on|desktop&#8221; global_colors_info=&#8221;{}&#8221;][et_pb_column type=&#8221;4_4&#8243; _builder_version=&#8221;4.16&#8243; custom_padding=&#8221;|||&#8221; global_colors_info=&#8221;{}&#8221; custom_padding__hover=&#8221;|||&#8221;][et_pb_text _builder_version=&#8221;4.16&#8243; text_font=&#8221;||||||||&#8221; text_font_size=&#8221;16px&#8221; header_font=&#8221;|||on|||||&#8221; header_font_size=&#8221;45px&#8221; header_2_font=&#8221;|600||on|||||&#8221; header_2_text_align=&#8221;left&#8221; header_2_text_color=&#8221;#d7392e&#8221; header_2_font_size=&#8221;38px&#8221; header_3_font=&#8221;||||||||&#8221; header_3_text_align=&#8221;left&#8221; header_2_font_size_tablet=&#8221;&#8221; header_2_font_size_phone=&#8221;20px&#8221; header_2_font_size_last_edited=&#8221;on|phone&#8221; header_3_font_size_tablet=&#8221;&#8221; header_3_font_size_phone=&#8221;18px&#8221; header_3_font_size_last_edited=&#8221;on|phone&#8221; text_text_align=&#8221;left&#8221; global_colors_info=&#8221;{}&#8221;]<\/p>\n<h2 id='our-team'  id=\"boomdevs_3\" style=\"text-align: center;\">Our team<\/h2>\n<h3 id=''  id=\"boomdevs_4\" style=\"text-align: center;\"><\/h3>\n<p>[\/et_pb_text][\/et_pb_column][\/et_pb_row][et_pb_row column_structure=&#8221;1_2,1_2&#8243; _builder_version=&#8221;4.16&#8243; custom_padding=&#8221;31px|||||&#8221; global_colors_info=&#8221;{}&#8221;][et_pb_column type=&#8221;1_2&#8243; _builder_version=&#8221;4.16&#8243; global_colors_info=&#8221;{}&#8221;][et_pb_toggle title=&#8221;Guillaume Ouvrard&#8221; open_toggle_text_color=&#8221;#000000&#8243; open_toggle_background_color=&#8221;#ffffff&#8221; closed_toggle_background_color=&#8221;#ffffff&#8221; icon_color=&#8221;#0070c0&#8243; open_icon_color=&#8221;#97d9e9&#8243; _builder_version=&#8221;4.27.4&#8243; title_text_color=&#8221;#000000&#8243; title_font=&#8221;|600|||||||&#8221; title_text_align=&#8221;center&#8221; custom_margin=&#8221;72px||||false|false&#8221; border_width_all=&#8221;3px&#8221; border_color_all=&#8221;#0070c0&#8243; global_colors_info=&#8221;{}&#8221;]<\/p>\n<p style=\"text-align: center;\">Sales Manager<strong>, North-West Area<\/strong><\/p>\n<p style=\"text-align: center;\"><strong>Tel: 07 88 87 83 23<\/strong><br \/><strong><a href=\"mailto:g.ouvrard@adf-systemes.fr\">g.ouvrard@adf-systemes.fr<\/a><\/strong><\/p>\n<p>[\/et_pb_toggle][et_pb_toggle title=&#8221;Jonathan Guaveia&#8221; open_toggle_text_color=&#8221;#000000&#8243; open_toggle_background_color=&#8221;#ffffff&#8221; closed_toggle_background_color=&#8221;#ffffff&#8221; icon_color=&#8221;#f79646&#8243; open_icon_color=&#8221;#d7392e&#8221; _builder_version=&#8221;4.24.0&#8243; title_text_color=&#8221;#000000&#8243; title_font=&#8221;|600|||||||&#8221; title_text_align=&#8221;center&#8221; border_width_all=&#8221;3px&#8221; border_color_all=&#8221;#f79646&#8243; global_colors_info=&#8221;{}&#8221;]<\/p>\n<p style=\"text-align: center;\"><strong>Greater Paris<\/strong> Region<b> <\/b><\/p>\n<p style=\"text-align: center;\"><strong>Tel: 06 47 83 32 67<\/strong><br \/><strong><a href=\"mailto:p.dasilva@adf-systemes.fr\">j.guaveia@adf-systemes.fr<\/a><\/strong><\/p>\n<p>[\/et_pb_toggle][et_pb_toggle title=&#8221;Pascal Richet&#8221; open_toggle_text_color=&#8221;#000000&#8243; open_toggle_background_color=&#8221;#ffffff&#8221; closed_toggle_background_color=&#8221;#ffffff&#8221; icon_color=&#8221;#ffff00&#8243; open_icon_color=&#8221;#fb7e25&#8243; _builder_version=&#8221;4.16&#8243; title_text_color=&#8221;#000000&#8243; title_font=&#8221;|600|||||||&#8221; title_text_align=&#8221;center&#8221; border_width_all=&#8221;3px&#8221; border_color_all=&#8221;#ffff00&#8243; global_colors_info=&#8221;{}&#8221;]<\/p>\n<p style=\"text-align: center;\">Sales Manager<strong>, Eastern France<\/strong><\/p>\n<p style=\"text-align: center;\"><strong>Tel: 06 75 18 80 89<\/strong><\/p>\n<p style=\"text-align: center;\"><strong><a href=\"mailto:p.richet@adf-systemes.fr\">p.richet@adf-systemes.fr<\/a><\/strong><\/p>\n<p>[\/et_pb_toggle][et_pb_toggle title=&#8221;Olivier Riera&#8221; open_toggle_text_color=&#8221;#000000&#8243; open_toggle_background_color=&#8221;#ffffff&#8221; closed_toggle_background_color=&#8221;#ffffff&#8221; icon_color=&#8221;#ff0000&#8243; open_icon_color=&#8221;#9b4a9d&#8221; _builder_version=&#8221;4.16&#8243; title_text_color=&#8221;#000000&#8243; title_font=&#8221;|600|||||||&#8221; title_text_align=&#8221;center&#8221; border_width_all=&#8221;3px&#8221; border_color_all=&#8221;#ff0000&#8243; global_colors_info=&#8221;{}&#8221;]<\/p>\n<p style=\"text-align: center;\">Sales Manager<strong>, South-East Area<\/strong><\/p>\n<p style=\"text-align: center;\"><strong>Tel: 06 99 30 73 23<\/strong><br \/><strong><a href=\"mailto:o.riera@adf-systemes.fr\">o.riera@adf-systemes.fr<\/a><\/strong><\/p>\n<p>[\/et_pb_toggle][et_pb_toggle title=&#8221;Headquarters&#8221; open_toggle_text_color=&#8221;#000000&#8243; open_toggle_background_color=&#8221;#ffffff&#8221; closed_toggle_background_color=&#8221;#ffffff&#8221; icon_color=&#8221;#23b14c&#8221; open_icon_color=&#8221;#23b14c&#8221; _builder_version=&#8221;4.16&#8243; title_text_color=&#8221;#000000&#8243; title_font=&#8221;|600|||||||&#8221; title_text_align=&#8221;center&#8221; border_width_all=&#8221;3px&#8221; border_color_all=&#8221;#00b050&#8243; global_colors_info=&#8221;{}&#8221;]<\/p>\n<p style=\"text-align: center;\"><strong>Southwest Area<\/strong><\/p>\n<p style=\"text-align: center;\"><strong>Tel: 01 69 75 20 90<\/strong><br \/><strong><a href=\"mailto:contact@adf-systemes.fr\">contact@adf-systemes.fr<\/a><\/strong><\/p>\n<p>[\/et_pb_toggle][\/et_pb_column][et_pb_column type=&#8221;1_2&#8243; _builder_version=&#8221;4.16&#8243; global_colors_info=&#8221;{}&#8221;][et_pb_image src=&#8221;https:\/\/adf-systemes.fr\/wp-content\/uploads\/2022\/04\/Carte-de-France.jpg&#8221; title_text=&#8221;Map of France&#8221; _builder_version=&#8221;4.16&#8243; custom_padding=&#8221;0px|||||&#8221; global_colors_info=&#8221;{}&#8221;][\/et_pb_image][\/et_pb_column][\/et_pb_row][\/et_pb_section]<\/p>\n","protected":false},"excerpt":{"rendered":"<p>Contact usContact us &nbsp; Since July 2014, the head office has been located in the Courtab\u0153uf zone, in Villebon sur Yvette. As a result, we have an extensive stock and a showroom where you can see our products in operation.Our team Sales Manager, North-West Area Tel: 07 88 87 83 23g.ouvrard@adf-systemes.frGreater Paris Region Tel: 06 [&hellip;]<\/p>\n","protected":false},"author":1,"featured_media":0,"parent":0,"menu_order":0,"comment_status":"closed","ping_status":"closed","template":"","meta":{"_acf_changed":false,"_et_pb_use_builder":"on","_et_pb_old_content":"","_et_gb_content_width":"","footnotes":""},"dipi_cpt_category":[],"class_list":["post-15768123","page","type-page","status-publish","hentry"],"acf":[],"yoast_head":"<!-- This site is optimized with the Yoast SEO plugin v27.3 - https:\/\/yoast.com\/product\/yoast-seo-wordpress\/ -->\n<title>Contact - ADF Syst\u00e8mes<\/title>\n<meta name=\"description\" content=\"Our sales representatives are ready to visit your site to determine your needs and define the appropriate technical solutions.\" \/>\n<meta name=\"robots\" content=\"index, follow, max-snippet:-1, max-image-preview:large, max-video-preview:-1\" \/>\n<link rel=\"canonical\" href=\"https:\/\/adf-systemes.fr\/en\/contact\/\" \/>\n<meta property=\"og:locale\" content=\"en_US\" \/>\n<meta property=\"og:type\" content=\"article\" \/>\n<meta property=\"og:title\" content=\"Contact - ADF Syst\u00e8mes\" \/>\n<meta property=\"og:description\" content=\"Our sales representatives are ready to visit your site to determine your needs and define the appropriate technical solutions.\" \/>\n<meta property=\"og:url\" content=\"https:\/\/adf-systemes.fr\/en\/contact\/\" \/>\n<meta property=\"og:site_name\" content=\"ADF Syst\u00e8mes\" \/>\n<meta property=\"article:modified_time\" content=\"2026-03-20T13:01:26+00:00\" \/>\n<meta name=\"twitter:card\" content=\"summary_large_image\" \/>\n<meta name=\"twitter:label1\" content=\"Est. reading time\" \/>\n\t<meta name=\"twitter:data1\" content=\"6 minutes\" \/>\n<script type=\"application\/ld+json\" class=\"yoast-schema-graph\">{\"@context\":\"https:\\\/\\\/schema.org\",\"@graph\":[{\"@type\":\"WebPage\",\"@id\":\"https:\\\/\\\/adf-systemes.fr\\\/en\\\/contact\\\/\",\"url\":\"https:\\\/\\\/adf-systemes.fr\\\/en\\\/contact\\\/\",\"name\":\"Contact - ADF Syst\u00e8mes\",\"isPartOf\":{\"@id\":\"https:\\\/\\\/adf-systemes.fr\\\/en\\\/#website\"},\"datePublished\":\"2019-08-02T12:59:56+00:00\",\"dateModified\":\"2026-03-20T13:01:26+00:00\",\"description\":\"Our sales representatives are ready to visit your site to determine your needs and define the appropriate technical solutions.\",\"breadcrumb\":{\"@id\":\"https:\\\/\\\/adf-systemes.fr\\\/en\\\/contact\\\/#breadcrumb\"},\"inLanguage\":\"en-US\",\"potentialAction\":[{\"@type\":\"ReadAction\",\"target\":[\"https:\\\/\\\/adf-systemes.fr\\\/en\\\/contact\\\/\"]}]},{\"@type\":\"BreadcrumbList\",\"@id\":\"https:\\\/\\\/adf-systemes.fr\\\/en\\\/contact\\\/#breadcrumb\",\"itemListElement\":[{\"@type\":\"ListItem\",\"position\":1,\"name\":\"Accueil\",\"item\":\"https:\\\/\\\/adf-systemes.fr\\\/en\\\/\"},{\"@type\":\"ListItem\",\"position\":2,\"name\":\"Contact\"}]},{\"@type\":\"WebSite\",\"@id\":\"https:\\\/\\\/adf-systemes.fr\\\/en\\\/#website\",\"url\":\"https:\\\/\\\/adf-systemes.fr\\\/en\\\/\",\"name\":\"ADF Syst\u00e8mes\",\"description\":\"Le sp\u00e9cialiste des solutions de pr\u00e9vention des risques industriels et ATEX\",\"potentialAction\":[{\"@type\":\"SearchAction\",\"target\":{\"@type\":\"EntryPoint\",\"urlTemplate\":\"https:\\\/\\\/adf-systemes.fr\\\/en\\\/?s={search_term_string}\"},\"query-input\":{\"@type\":\"PropertyValueSpecification\",\"valueRequired\":true,\"valueName\":\"search_term_string\"}}],\"inLanguage\":\"en-US\"}]}<\/script>\n<!-- \/ Yoast SEO plugin. -->","yoast_head_json":{"title":"Contact - ADF Syst\u00e8mes","description":"Our sales representatives are ready to visit your site to determine your needs and define the appropriate technical solutions.","robots":{"index":"index","follow":"follow","max-snippet":"max-snippet:-1","max-image-preview":"max-image-preview:large","max-video-preview":"max-video-preview:-1"},"canonical":"https:\/\/adf-systemes.fr\/en\/contact\/","og_locale":"en_US","og_type":"article","og_title":"Contact - ADF Syst\u00e8mes","og_description":"Our sales representatives are ready to visit your site to determine your needs and define the appropriate technical solutions.","og_url":"https:\/\/adf-systemes.fr\/en\/contact\/","og_site_name":"ADF Syst\u00e8mes","article_modified_time":"2026-03-20T13:01:26+00:00","twitter_card":"summary_large_image","twitter_misc":{"Est. reading time":"6 minutes"},"schema":{"@context":"https:\/\/schema.org","@graph":[{"@type":"WebPage","@id":"https:\/\/adf-systemes.fr\/en\/contact\/","url":"https:\/\/adf-systemes.fr\/en\/contact\/","name":"Contact - ADF Syst\u00e8mes","isPartOf":{"@id":"https:\/\/adf-systemes.fr\/en\/#website"},"datePublished":"2019-08-02T12:59:56+00:00","dateModified":"2026-03-20T13:01:26+00:00","description":"Our sales representatives are ready to visit your site to determine your needs and define the appropriate technical solutions.","breadcrumb":{"@id":"https:\/\/adf-systemes.fr\/en\/contact\/#breadcrumb"},"inLanguage":"en-US","potentialAction":[{"@type":"ReadAction","target":["https:\/\/adf-systemes.fr\/en\/contact\/"]}]},{"@type":"BreadcrumbList","@id":"https:\/\/adf-systemes.fr\/en\/contact\/#breadcrumb","itemListElement":[{"@type":"ListItem","position":1,"name":"Accueil","item":"https:\/\/adf-systemes.fr\/en\/"},{"@type":"ListItem","position":2,"name":"Contact"}]},{"@type":"WebSite","@id":"https:\/\/adf-systemes.fr\/en\/#website","url":"https:\/\/adf-systemes.fr\/en\/","name":"ADF Syst\u00e8mes","description":"Le sp\u00e9cialiste des solutions de pr\u00e9vention des risques industriels et ATEX","potentialAction":[{"@type":"SearchAction","target":{"@type":"EntryPoint","urlTemplate":"https:\/\/adf-systemes.fr\/en\/?s={search_term_string}"},"query-input":{"@type":"PropertyValueSpecification","valueRequired":true,"valueName":"search_term_string"}}],"inLanguage":"en-US"}]}},"_links":{"self":[{"href":"https:\/\/adf-systemes.fr\/en\/wp-json\/wp\/v2\/pages\/15768123","targetHints":{"allow":["GET"]}}],"collection":[{"href":"https:\/\/adf-systemes.fr\/en\/wp-json\/wp\/v2\/pages"}],"about":[{"href":"https:\/\/adf-systemes.fr\/en\/wp-json\/wp\/v2\/types\/page"}],"author":[{"embeddable":true,"href":"https:\/\/adf-systemes.fr\/en\/wp-json\/wp\/v2\/users\/1"}],"replies":[{"embeddable":true,"href":"https:\/\/adf-systemes.fr\/en\/wp-json\/wp\/v2\/comments?post=15768123"}],"version-history":[{"count":8,"href":"https:\/\/adf-systemes.fr\/en\/wp-json\/wp\/v2\/pages\/15768123\/revisions"}],"predecessor-version":[{"id":15770916,"href":"https:\/\/adf-systemes.fr\/en\/wp-json\/wp\/v2\/pages\/15768123\/revisions\/15770916"}],"wp:attachment":[{"href":"https:\/\/adf-systemes.fr\/en\/wp-json\/wp\/v2\/media?parent=15768123"}],"wp:term":[{"taxonomy":"dipi_cpt_category","embeddable":true,"href":"https:\/\/adf-systemes.fr\/en\/wp-json\/wp\/v2\/dipi_cpt_category?post=15768123"}],"curies":[{"name":"wp","href":"https:\/\/api.w.org\/{rel}","templated":true}]}}