{"id":15768082,"date":"2019-10-03T13:10:21","date_gmt":"2019-10-03T13:10:21","guid":{"rendered":"https:\/\/adf-systemes.fr\/blog-your-source-for-atex-information\/"},"modified":"2026-01-15T14:27:07","modified_gmt":"2026-01-15T14:27:07","slug":"blog-your-source-for-atex-information","status":"publish","type":"page","link":"https:\/\/adf-systemes.fr\/en\/blog-your-source-for-atex-information\/","title":{"rendered":"BLOG &#8211; Your source for ATEX information"},"content":{"rendered":"<p>[et_pb_section fb_built=&#8221;1&#8243; admin_label=&#8221;Hero&#8221; _builder_version=&#8221;4.16&#8243; background_enable_color=&#8221;off&#8221; background_color_gradient_direction=&#8221;112deg&#8221; background_image=&#8221;https:\/\/adf-systemes.fr\/wp-content\/uploads\/2020\/03\/photo-1468787737698-f5c03f0570dd.jpeg&#8221; background_enable_video_mp4=&#8221;off&#8221; custom_margin=&#8221;0px|0px|0px|0px|false|false&#8221; custom_margin_tablet=&#8221;||&#8221; custom_margin_phone=&#8221;&#8221; custom_margin_last_edited=&#8221;on|tablet&#8221; custom_padding=&#8221;150px|0px|150px|0px|true|false&#8221; animation_style=&#8221;zoom&#8221; animation_intensity_zoom=&#8221;4%&#8221; global_colors_info=&#8221;{}&#8221;][et_pb_row column_structure=&#8221;1_2,1_2&#8243; _builder_version=&#8221;4.18.0&#8243; global_colors_info=&#8221;{}&#8221;][et_pb_column type=&#8221;1_2&#8243; _builder_version=&#8221;4.16&#8243; background_color=&#8221;#FFFFFF&#8221; custom_padding=&#8221;20px|25px|20px|25px|true|true&#8221; border_radii=&#8221;on|11px|11px|11px|11px&#8221; box_shadow_style=&#8221;preset2&#8243; global_colors_info=&#8221;{}&#8221;][et_pb_text _builder_version=&#8221;4.20.0&#8243; text_font=&#8221;Poppins||||||||&#8221; text_text_color=&#8221;#000000&#8243; text_font_size=&#8221;20px&#8221; header_font=&#8221;Alata||||||||&#8221; header_text_color=&#8221;#000000&#8243; header_font_size=&#8221;26px&#8221; header_line_height=&#8221;1.1em&#8221; header_2_font=&#8221;||||||||&#8221; header_2_text_align=&#8221;left&#8221; header_2_text_color=&#8221;#ffffff&#8221; header_3_font=&#8221;||||||||&#8221; header_3_text_align=&#8221;left&#8221; custom_margin=&#8221;||42px|||&#8221; header_font_size_tablet=&#8221;&#8221; header_font_size_phone=&#8221;&#8221; header_font_size_last_edited=&#8221;on|phone&#8221; header_2_font_size_tablet=&#8221;&#8221; header_2_font_size_phone=&#8221;&#8221; header_2_font_size_last_edited=&#8221;on|phone&#8221; header_3_font_size_tablet=&#8221;&#8221; header_3_font_size_phone=&#8221;&#8221; header_3_font_size_last_edited=&#8221;on|desktop&#8221; text_text_align=&#8221;left&#8221; locked=&#8221;off&#8221; global_colors_info=&#8221;{}&#8221;]<\/p>\n<h1 id='blog-and-news-all-you-need-to-know-about-atex'  id=\"boomdevs_1\"><strong>Blog and news : <\/strong><strong>All you need to know about atex<\/strong><\/h1>\n<p>[\/et_pb_text][\/et_pb_column][et_pb_column type=&#8221;1_2&#8243; _builder_version=&#8221;4.18.0&#8243; _module_preset=&#8221;default&#8221; global_colors_info=&#8221;{}&#8221;][\/et_pb_column][\/et_pb_row][\/et_pb_section][et_pb_section fb_built=&#8221;1&#8243; _builder_version=&#8221;4.23.4&#8243; _module_preset=&#8221;default&#8221; locked=&#8221;off&#8221; global_colors_info=&#8221;{}&#8221;][et_pb_row _builder_version=&#8221;4.23.4&#8243; _module_preset=&#8221;default&#8221; global_colors_info=&#8221;{}&#8221;][et_pb_column type=&#8221;4_4&#8243; _builder_version=&#8221;4.23.4&#8243; _module_preset=&#8221;default&#8221; global_colors_info=&#8221;{}&#8221;][et_pb_text _builder_version=&#8221;4.16&#8243; text_font=&#8221;||||||||&#8221; text_font_size=&#8221;16px&#8221; header_font=&#8221;|||on|||||&#8221; header_font_size=&#8221;45px&#8221; header_2_font=&#8221;|600|||||||&#8221; header_2_text_align=&#8221;left&#8221; header_2_text_color=&#8221;#d7392e&#8221; header_2_font_size=&#8221;32px&#8221; header_3_font=&#8221;||||||||&#8221; header_3_text_align=&#8221;left&#8221; header_font_size_tablet=&#8221;&#8221; header_font_size_phone=&#8221;26px&#8221; header_font_size_last_edited=&#8221;on|phone&#8221; header_2_font_size_tablet=&#8221;&#8221; header_2_font_size_phone=&#8221;20px&#8221; header_2_font_size_last_edited=&#8221;on|phone&#8221; header_3_font_size_tablet=&#8221;&#8221; header_3_font_size_phone=&#8221;18px&#8221; header_3_font_size_last_edited=&#8221;on|phone&#8221; global_colors_info=&#8221;{}&#8221;]<\/p>\n<h2 id='discover-our-tips-news-onatex-and-industry'  id=\"boomdevs_2\" style=\"text-align: center;\">Discover our tips &amp; news on<strong>ATEX<\/strong> and industry<\/h2>\n<p style=\"text-align: center;\">[\/et_pb_text][dipi_filterable_grid select_custom_tax=&#8221;category&#8221; include_term_ids_of_category=&#8221;165,168,183&#8243; pagination_type=&#8221;load_more&#8221; filter_tab_alignment=&#8221;center&#8221; grid_layout=&#8221;grid&#8221; image_animation=&#8221;zoom-out&#8221; show_post_title=&#8221;on&#8221; show_post_excerpt=&#8221;on&#8221; show_custom_taxonomy=&#8221;on&#8221; read_more=&#8221;on&#8221; read_more_text=&#8221;Read more&#8221; use_post_link=&#8221;on&#8221; post_link_target=&#8221;_self&#8221; use_overlay=&#8221;on&#8221; show_lightbox_link_icon=&#8221;off&#8221; filter_bar_margin=&#8221;1em|0em|1em|0em|true|true&#8221; filter_bar_padding=&#8221;1em|1em|1em|1em|true|true&#8221; filter_bar_background_color=&#8221;#d7392e&#8221; filter_bar_item_background_color_active=&#8221;#FFFFFF&#8221; _builder_version=&#8221;4.24.0&#8243; _module_preset=&#8221;default&#8221; link_text_color=&#8221;#000000&#8243; filter_bar_normal_font=&#8221;|||on|||||&#8221; filter_bar_normal_text_color=&#8221;#FFFFFF&#8221; filter_bar_active_text_color=&#8221;#000000&#8243; custom_read_more=&#8221;on&#8221; read_more_text_color=&#8221;#FFFFFF&#8221; read_more_bg_color=&#8221;#E02B20&#8243; read_more_border_width=&#8221;0px&#8221; read_more_border_radius=&#8221;0px&#8221; read_more_icon=&#8221;&#x35;||divi||400&#8243; hover_enabled=&#8221;0&#8243; global_colors_info=&#8221;{}&#8221; load_more_text=&#8221;View more articles&#8221; load_more_bg_color=&#8221;#E02B20&#8243; load_more_text_color=&#8221;#FFFFFF&#8221; load_more_padding=&#8221;10px|20px|10px|20px|true|true&#8221; load_more_font=&#8221;|600|||||||&#8221; sticky_enabled=&#8221;0&#8243;][\/dipi_filterable_grid][\/et_pb_column][\/et_pb_row][\/et_pb_section][et_pb_section fb_built=&#8221;1&#8243; _builder_version=&#8221;4.16&#8243; background_color=&#8221;#d7392e&#8221; custom_margin=&#8221;||||true|false&#8221; custom_padding=&#8221;30px||30px||true|false&#8221; locked=&#8221;off&#8221; global_colors_info=&#8221;{}&#8221;][et_pb_row column_structure=&#8221;3_5,2_5&#8243; _builder_version=&#8221;4.16&#8243; global_colors_info=&#8221;{}&#8221;][et_pb_column type=&#8221;3_5&#8243; _builder_version=&#8221;4.16&#8243; global_colors_info=&#8221;{}&#8221;][et_pb_text _builder_version=&#8221;4.18.0&#8243; text_font=&#8221;Poppins|300|||||||&#8221; text_text_color=&#8221;#ffffff&#8221; text_font_size=&#8221;20px&#8221; header_font=&#8221;||||||||&#8221; header_2_font=&#8221;Alata|700|||||||&#8221; header_2_text_align=&#8221;left&#8221; header_2_text_color=&#8221;#ffffff&#8221; header_2_font_size=&#8221;31px&#8221; header_3_font=&#8221;||||||||&#8221; header_3_text_align=&#8221;left&#8221; header_3_text_color=&#8221;#ffffff&#8221; header_font_size_tablet=&#8221;&#8221; header_font_size_phone=&#8221;&#8221; header_font_size_last_edited=&#8221;on|phone&#8221; header_2_font_size_tablet=&#8221;&#8221; header_2_font_size_phone=&#8221;&#8221; header_2_font_size_last_edited=&#8221;on|phone&#8221; header_3_font_size_tablet=&#8221;&#8221; header_3_font_size_phone=&#8221;&#8221; header_3_font_size_last_edited=&#8221;on|desktop&#8221; text_text_align=&#8221;left&#8221; global_colors_info=&#8221;{}&#8221;]<\/p>\n<h2 id='see-all-our-products'  id=\"boomdevs_3\" style=\"text-align: left;\">See all our products<\/h2>\n<p style=\"text-align: left;\">Sound and light signalling products, grounding systems, non-ATEX signalling, ATEX connections&#8230;<\/p>\n<p>[\/et_pb_text][\/et_pb_column][et_pb_column type=&#8221;2_5&#8243; _builder_version=&#8221;4.16&#8243; global_colors_info=&#8221;{}&#8221;][et_pb_button button_url=&#8221;http:\/\/cdelestang-adf-systemes-fr.majoliedemo.com\/6459-demandez-un-devis-gratuit?neo_campaign=demande-de-devis&amp;neo_medium=click_popup&amp;uuid=35ac564b-0391-4214-b864-85852ae6315a&#8221; button_text=&#8221;Ask for a quote&#8221; _builder_version=&#8221;4.16&#8243; custom_button=&#8221;on&#8221; button_text_color=&#8221;#e02b20&#8243; button_bg_color=&#8221;#ffffff&#8221; button_border_color=&#8221;#ffffff&#8221; button_border_radius=&#8221;0px&#8221; custom_margin=&#8221;9px|||||&#8221; box_shadow_style=&#8221;preset1&#8243; global_colors_info=&#8221;{}&#8221;][\/et_pb_button][\/et_pb_column][\/et_pb_row][\/et_pb_section]<\/p>\n","protected":false},"excerpt":{"rendered":"<p>Blog and news : All you need to know about atexDiscover our tips &amp; news onATEX and industry <div class=\"et_pb_module dipi_filterable_grid dipi_filterable_grid_0\">\n\t\t\t\t\n\t\t\t\t\n\t\t\t\t\n\t\t\t\t\n\t\t\t\t\n\t\t\t\t\n\t\t\t\t<div class=\"et_pb_module_inner\">\n\t\t\t\t\t<div class=\"dipi_filterable_grid_wrapper\" data-config=\"{&quot;infinite_scroll_viewport&quot;:&quot;25%&quot;,&quot;scroll_to_top&quot;:{&quot;desktop&quot;:&quot;off&quot;,&quot;tablet&quot;:&quot;off&quot;,&quot;phone&quot;:&quot;off&quot;},&quot;scroll_to_top_offset&quot;:{&quot;desktop&quot;:&quot;0px&quot;,&quot;tablet&quot;:&quot;0px&quot;,&quot;phone&quot;:&quot;0px&quot;},&quot;ajax_loading&quot;:&quot;off&quot;,&quot;post_ids_by_terms&quot;:[[]],&quot;posts_per_page&quot;:&quot;10&quot;,&quot;image_size_desktop&quot;:&quot;full&quot;,&quot;image_size_tablet&quot;:&quot;full&quot;,&quot;image_size_phone&quot;:&quot;full&quot;,&quot;header_level&quot;:&quot;h4&quot;,&quot;grid_item_title_level&quot;:&quot;h4&quot;,&quot;show_date&quot;:&quot;off&quot;,&quot;read_more&quot;:&quot;&amp;#8221;on&amp;#8221;&quot;,&quot;read_more_use_icon&quot;:&quot;on&quot;,&quot;read_more_icon&quot;:&quot;&quot;,&quot;read_more_link_target&quot;:&quot;_self&quot;,&quot;use_overlay&quot;:&quot;&amp;#8221;on&amp;#8221;&quot;,&quot;show_lightbox_link_icon&quot;:&quot;&amp;#8221;off&amp;#8221;&quot;,&quot;overlay_icon_use_circle&quot;:&quot;on&quot;,&quot;overlay_icon_use_circle_border&quot;:&quot;off&quot;,&quot;icon_animation&quot;:&quot;fadeInUp&quot;,&quot;icon_in_overlay&quot;:&quot;off&quot;,&quot;hover_icon&quot;:&quot;&quot;,&quot;title_in_overlay&quot;:&quot;off&quot;,&quot;title_animation&quot;:&quot;fadeInUp&quot;,&quot;enable_html_on_grid&quot;:&quot;off&quot;,&quot;enable_html_in_overlay&quot;:&quot;off&quot;,&quot;enable_shortcode_on_grid&quot;:&quot;off&quot;,&quot;enable_shortcode_in_overlay&quot;:&quot;off&quot;,&quot;excerpt_in_overlay&quot;:&quot;off&quot;,&quot;excerpt_length_in_overlay&quot;:&quot;170&quot;,&quot;excerpt_animation&quot;:&quot;fadeInUp&quot;,&quot;show_custom_taxonomy&quot;:&quot;&amp;#8221;on&amp;#8221;&quot;,&quot;select_custom_tax&quot;:&quot;&amp;#8221;category&amp;#8221;&quot;,&quot;show_taxonomy_link&quot;:&quot;off&quot;,&quot;show_post_title&quot;:&quot;&amp;#8221;on&amp;#8221;&quot;,&quot;show_post_excerpt&quot;:&quot;&amp;#8221;on&amp;#8221;&quot;,&quot;excerpt_length&quot;:&quot;100&quot;,&quot;show_author_avatar&quot;:&quot;off&quot;,&quot;show_author&quot;:&quot;off&quot;,&quot;author_prefix&quot;:&quot;By&quot;,&quot;read_more_text&quot;:&quot;&amp;#8221;Read&quot;,&quot;title_in_lightbox&quot;:&quot;off&quot;,&quot;excerpt_in_lightbox&quot;:&quot;off&quot;,&quot;image_animation&quot;:&quot;&amp;#8221;zoom-out&amp;#8221;&quot;,&quot;fix_lazy&quot;:&quot;off&quot;,&quot;link_elements&quot;:&quot;on|on|on&quot;,&quot;use_post_link&quot;:&quot;&amp;#8221;on&amp;#8221;&quot;,&quot;post_link_target&quot;:&quot;&amp;#8221;_self&amp;#8221;&quot;,&quot;grid_animation_delay&quot;:&quot;0ms&quot;,&quot;sticky_filter_bar_top&quot;:{&quot;desktop&quot;:&quot;80px&quot;,&quot;tablet&quot;:&quot;80px&quot;,&quot;phone&quot;:&quot;80px&quot;}}\">\n                <div class=\"alert\" data-items-count=\"0\">\n                    Please Select <strong>'Included &#8221;category&#8221;'<\/strong> to show in filter bar.\n                    <br>\n                    If you still didn't add terms of <strong>'&#8221;category&#8221;'<\/strong>,\n                    you can add new terms and assign.\n                <\/div>\n            <div\n                class=\"dipi-filtered-posts-container\"\n                data-items-count=\"1\"\n            >\n                \n                <div\n                    class=\"\n                        dipi-filtered-posts-item\n                        dipi-filtered-posts-item-0\n                        active\n                        animated\n                        none\n                    \"\n                    data-index=\"0\"\n                    data-term=\"All\"\n                    data-count=\"0\"\n                    data-anim=\"none\"\n                    \n                >\n                    <div class=\"grid show_lightbox show_lightbox_tablet show_lightbox_phone hide_overlay \" data-lazy=\"false\" data-config=\"{&quot;grid_layout&quot;:&quot;&amp;#8221;grid&amp;#8221;&quot;}\">\n                        <div class=\"grid-sizer\"><\/div><div class=\"gutter-sizer\"><\/div>\n                    <\/div>\n                    \n                <\/div>\n             <\/div>\n            <\/div>\n           \n\t\t\t\t<\/div>\n\t\t\t<\/div><\/p>\n","protected":false},"author":1,"featured_media":0,"parent":0,"menu_order":0,"comment_status":"closed","ping_status":"closed","template":"","meta":{"_acf_changed":false,"_et_pb_use_builder":"on","_et_pb_old_content":"","_et_gb_content_width":"","footnotes":""},"dipi_cpt_category":[],"class_list":["post-15768082","page","type-page","status-publish","hentry"],"acf":[],"yoast_head":"<!-- This site is optimized with the Yoast SEO plugin v27.3 - https:\/\/yoast.com\/product\/yoast-seo-wordpress\/ -->\n<title>BLOG - Your source for ATEX information - ADF Syst\u00e8mes<\/title>\n<meta name=\"description\" content=\"Welcome to the ADF SYSTEMES Blog. Your #1 source of information on ATEX, industry and risk prevention solutions.\" \/>\n<meta name=\"robots\" content=\"index, follow, max-snippet:-1, max-image-preview:large, max-video-preview:-1\" \/>\n<link rel=\"canonical\" href=\"https:\/\/adf-systemes.fr\/en\/blog-your-source-for-atex-information\/\" \/>\n<meta property=\"og:locale\" content=\"en_US\" \/>\n<meta property=\"og:type\" content=\"article\" \/>\n<meta property=\"og:title\" content=\"BLOG - Your source for ATEX information - ADF Syst\u00e8mes\" \/>\n<meta property=\"og:description\" content=\"Welcome to the ADF SYSTEMES Blog. Your #1 source of information on ATEX, industry and risk prevention solutions.\" \/>\n<meta property=\"og:url\" content=\"https:\/\/adf-systemes.fr\/en\/blog-your-source-for-atex-information\/\" \/>\n<meta property=\"og:site_name\" content=\"ADF Syst\u00e8mes\" \/>\n<meta property=\"article:modified_time\" content=\"2026-01-15T14:27:07+00:00\" \/>\n<meta name=\"twitter:card\" content=\"summary_large_image\" \/>\n<meta name=\"twitter:label1\" content=\"Est. reading time\" \/>\n\t<meta name=\"twitter:data1\" content=\"4 minutes\" \/>\n<script type=\"application\/ld+json\" class=\"yoast-schema-graph\">{\"@context\":\"https:\\\/\\\/schema.org\",\"@graph\":[{\"@type\":\"WebPage\",\"@id\":\"https:\\\/\\\/adf-systemes.fr\\\/en\\\/blog-your-source-for-atex-information\\\/\",\"url\":\"https:\\\/\\\/adf-systemes.fr\\\/en\\\/blog-your-source-for-atex-information\\\/\",\"name\":\"BLOG - Your source for ATEX information - ADF Syst\u00e8mes\",\"isPartOf\":{\"@id\":\"https:\\\/\\\/adf-systemes.fr\\\/en\\\/#website\"},\"datePublished\":\"2019-10-03T13:10:21+00:00\",\"dateModified\":\"2026-01-15T14:27:07+00:00\",\"description\":\"Welcome to the ADF SYSTEMES Blog. Your #1 source of information on ATEX, industry and risk prevention solutions.\",\"breadcrumb\":{\"@id\":\"https:\\\/\\\/adf-systemes.fr\\\/en\\\/blog-your-source-for-atex-information\\\/#breadcrumb\"},\"inLanguage\":\"en-US\",\"potentialAction\":[{\"@type\":\"ReadAction\",\"target\":[\"https:\\\/\\\/adf-systemes.fr\\\/en\\\/blog-your-source-for-atex-information\\\/\"]}]},{\"@type\":\"BreadcrumbList\",\"@id\":\"https:\\\/\\\/adf-systemes.fr\\\/en\\\/blog-your-source-for-atex-information\\\/#breadcrumb\",\"itemListElement\":[{\"@type\":\"ListItem\",\"position\":1,\"name\":\"Accueil\",\"item\":\"https:\\\/\\\/adf-systemes.fr\\\/en\\\/\"},{\"@type\":\"ListItem\",\"position\":2,\"name\":\"BLOG &#8211; Your source for ATEX information\"}]},{\"@type\":\"WebSite\",\"@id\":\"https:\\\/\\\/adf-systemes.fr\\\/en\\\/#website\",\"url\":\"https:\\\/\\\/adf-systemes.fr\\\/en\\\/\",\"name\":\"ADF Syst\u00e8mes\",\"description\":\"Le sp\u00e9cialiste des solutions de pr\u00e9vention des risques industriels et ATEX\",\"potentialAction\":[{\"@type\":\"SearchAction\",\"target\":{\"@type\":\"EntryPoint\",\"urlTemplate\":\"https:\\\/\\\/adf-systemes.fr\\\/en\\\/?s={search_term_string}\"},\"query-input\":{\"@type\":\"PropertyValueSpecification\",\"valueRequired\":true,\"valueName\":\"search_term_string\"}}],\"inLanguage\":\"en-US\"}]}<\/script>\n<!-- \/ Yoast SEO plugin. -->","yoast_head_json":{"title":"BLOG - Your source for ATEX information - ADF Syst\u00e8mes","description":"Welcome to the ADF SYSTEMES Blog. Your #1 source of information on ATEX, industry and risk prevention solutions.","robots":{"index":"index","follow":"follow","max-snippet":"max-snippet:-1","max-image-preview":"max-image-preview:large","max-video-preview":"max-video-preview:-1"},"canonical":"https:\/\/adf-systemes.fr\/en\/blog-your-source-for-atex-information\/","og_locale":"en_US","og_type":"article","og_title":"BLOG - Your source for ATEX information - ADF Syst\u00e8mes","og_description":"Welcome to the ADF SYSTEMES Blog. Your #1 source of information on ATEX, industry and risk prevention solutions.","og_url":"https:\/\/adf-systemes.fr\/en\/blog-your-source-for-atex-information\/","og_site_name":"ADF Syst\u00e8mes","article_modified_time":"2026-01-15T14:27:07+00:00","twitter_card":"summary_large_image","twitter_misc":{"Est. reading time":"4 minutes"},"schema":{"@context":"https:\/\/schema.org","@graph":[{"@type":"WebPage","@id":"https:\/\/adf-systemes.fr\/en\/blog-your-source-for-atex-information\/","url":"https:\/\/adf-systemes.fr\/en\/blog-your-source-for-atex-information\/","name":"BLOG - Your source for ATEX information - ADF Syst\u00e8mes","isPartOf":{"@id":"https:\/\/adf-systemes.fr\/en\/#website"},"datePublished":"2019-10-03T13:10:21+00:00","dateModified":"2026-01-15T14:27:07+00:00","description":"Welcome to the ADF SYSTEMES Blog. Your #1 source of information on ATEX, industry and risk prevention solutions.","breadcrumb":{"@id":"https:\/\/adf-systemes.fr\/en\/blog-your-source-for-atex-information\/#breadcrumb"},"inLanguage":"en-US","potentialAction":[{"@type":"ReadAction","target":["https:\/\/adf-systemes.fr\/en\/blog-your-source-for-atex-information\/"]}]},{"@type":"BreadcrumbList","@id":"https:\/\/adf-systemes.fr\/en\/blog-your-source-for-atex-information\/#breadcrumb","itemListElement":[{"@type":"ListItem","position":1,"name":"Accueil","item":"https:\/\/adf-systemes.fr\/en\/"},{"@type":"ListItem","position":2,"name":"BLOG &#8211; Your source for ATEX information"}]},{"@type":"WebSite","@id":"https:\/\/adf-systemes.fr\/en\/#website","url":"https:\/\/adf-systemes.fr\/en\/","name":"ADF Syst\u00e8mes","description":"Le sp\u00e9cialiste des solutions de pr\u00e9vention des risques industriels et ATEX","potentialAction":[{"@type":"SearchAction","target":{"@type":"EntryPoint","urlTemplate":"https:\/\/adf-systemes.fr\/en\/?s={search_term_string}"},"query-input":{"@type":"PropertyValueSpecification","valueRequired":true,"valueName":"search_term_string"}}],"inLanguage":"en-US"}]}},"_links":{"self":[{"href":"https:\/\/adf-systemes.fr\/en\/wp-json\/wp\/v2\/pages\/15768082","targetHints":{"allow":["GET"]}}],"collection":[{"href":"https:\/\/adf-systemes.fr\/en\/wp-json\/wp\/v2\/pages"}],"about":[{"href":"https:\/\/adf-systemes.fr\/en\/wp-json\/wp\/v2\/types\/page"}],"author":[{"embeddable":true,"href":"https:\/\/adf-systemes.fr\/en\/wp-json\/wp\/v2\/users\/1"}],"replies":[{"embeddable":true,"href":"https:\/\/adf-systemes.fr\/en\/wp-json\/wp\/v2\/comments?post=15768082"}],"version-history":[{"count":5,"href":"https:\/\/adf-systemes.fr\/en\/wp-json\/wp\/v2\/pages\/15768082\/revisions"}],"predecessor-version":[{"id":15768098,"href":"https:\/\/adf-systemes.fr\/en\/wp-json\/wp\/v2\/pages\/15768082\/revisions\/15768098"}],"wp:attachment":[{"href":"https:\/\/adf-systemes.fr\/en\/wp-json\/wp\/v2\/media?parent=15768082"}],"wp:term":[{"taxonomy":"dipi_cpt_category","embeddable":true,"href":"https:\/\/adf-systemes.fr\/en\/wp-json\/wp\/v2\/dipi_cpt_category?post=15768082"}],"curies":[{"name":"wp","href":"https:\/\/api.w.org\/{rel}","templated":true}]}}