{"id":15768076,"date":"2020-03-31T10:47:33","date_gmt":"2020-03-31T10:47:33","guid":{"rendered":"https:\/\/adf-systemes.fr\/service\/"},"modified":"2026-01-15T14:26:40","modified_gmt":"2026-01-15T14:26:40","slug":"service","status":"publish","type":"page","link":"https:\/\/adf-systemes.fr\/en\/service\/","title":{"rendered":"SERVICE"},"content":{"rendered":"<p>[et_pb_section fb_built=&#8221;1&#8243; admin_label=&#8221;Hero&#8221; _builder_version=&#8221;4.16&#8243; background_enable_color=&#8221;off&#8221; background_color_gradient_direction=&#8221;112deg&#8221; background_image=&#8221;https:\/\/adf-systemes.fr\/wp-content\/uploads\/2020\/03\/photo-1468787737698-f5c03f0570dd.jpeg&#8221; background_enable_video_mp4=&#8221;off&#8221; custom_margin=&#8221;0px|0px|0px|0px|false|false&#8221; custom_margin_tablet=&#8221;||&#8221; custom_margin_phone=&#8221;&#8221; custom_margin_last_edited=&#8221;on|tablet&#8221; custom_padding=&#8221;150px|0px|150px|0px|true|false&#8221; animation_style=&#8221;zoom&#8221; animation_intensity_zoom=&#8221;4%&#8221; global_colors_info=&#8221;{}&#8221;][et_pb_row _builder_version=&#8221;4.16&#8243; global_colors_info=&#8221;{}&#8221;][et_pb_column type=&#8221;4_4&#8243; _builder_version=&#8221;4.16&#8243; global_colors_info=&#8221;{}&#8221;][et_pb_text _builder_version=&#8221;4.16&#8243; text_font=&#8221;||||||||&#8221; text_font_size=&#8221;16px&#8221; header_font=&#8221;|||on|||||&#8221; header_font_size=&#8221;45px&#8221; header_2_font=&#8221;||||||||&#8221; header_2_text_align=&#8221;left&#8221; header_2_font_size=&#8221;32px&#8221; header_3_font=&#8221;||||||||&#8221; header_3_text_align=&#8221;left&#8221; header_font_size_tablet=&#8221;&#8221; header_font_size_phone=&#8221;26px&#8221; header_font_size_last_edited=&#8221;on|phone&#8221; header_2_font_size_tablet=&#8221;&#8221; header_2_font_size_phone=&#8221;20px&#8221; header_2_font_size_last_edited=&#8221;on|phone&#8221; header_3_font_size_tablet=&#8221;&#8221; header_3_font_size_phone=&#8221;18px&#8221; header_3_font_size_last_edited=&#8221;on|phone&#8221; text_text_align=&#8221;left&#8221; locked=&#8221;off&#8221; global_colors_info=&#8221;{}&#8221;]<\/p>\n<h1 id='after-sales-service'  id=\"boomdevs_1\"><span style=\"color: #ffffff;\">After-sales service<\/span><\/h1>\n<p>[\/et_pb_text][\/et_pb_column][\/et_pb_row][\/et_pb_section][et_pb_section fb_built=&#8221;1&#8243; _builder_version=&#8221;4.16&#8243; global_colors_info=&#8221;{}&#8221;][et_pb_row column_structure=&#8221;2_5,3_5&#8243; _builder_version=&#8221;4.16&#8243; border_width_all=&#8221;1px&#8221; border_color_all=&#8221;rgba(51,51,51,0.59)&#8221; box_shadow_style=&#8221;preset4&#8243; global_colors_info=&#8221;{}&#8221;][et_pb_column type=&#8221;2_5&#8243; _builder_version=&#8221;4.16&#8243; global_colors_info=&#8221;{}&#8221;][et_pb_image src=&#8221;https:\/\/adf-systemes.fr\/wp-content\/uploads\/2020\/03\/SAV-ADF-150&#215;150-1.png&#8221; _builder_version=&#8221;4.16&#8243; global_colors_info=&#8221;{}&#8221;][\/et_pb_image][\/et_pb_column][et_pb_column type=&#8221;3_5&#8243; _builder_version=&#8221;4.16&#8243; global_colors_info=&#8221;{}&#8221;][et_pb_text _builder_version=&#8221;4.27.4&#8243; text_font_size=&#8221;16px&#8221; hover_enabled=&#8221;0&#8243; global_colors_info=&#8221;{}&#8221; sticky_enabled=&#8221;0&#8243;]<\/p>\n<p>For any defect, breakdown or non-conformity encountered with one of our products, please refer to the original order number or our delivery note.<\/p>\n<p>Then contact Kim :<\/p>\n<ul>\n<li>by telephone on <strong>+33 (0)1 69 75 20 90<\/strong><\/li>\n<li>by e-mail to <a href=\"mailto:k.morvan@adf-systemes.fr\">contact@adf-systemes.fr<\/a><\/li>\n<\/ul>\n<p>[\/et_pb_text][\/et_pb_column][\/et_pb_row][\/et_pb_section]<\/p>\n","protected":false},"excerpt":{"rendered":"<p>After-sales serviceFor any defect, breakdown or non-conformity encountered with one of our products, please refer to the original order number or our delivery note. Then contact Kim : by telephone on +33 (0)1 69 75 20 90 by e-mail to contact@adf-systemes.fr<\/p>\n","protected":false},"author":59,"featured_media":0,"parent":0,"menu_order":0,"comment_status":"closed","ping_status":"closed","template":"","meta":{"_acf_changed":false,"_et_pb_use_builder":"on","_et_pb_old_content":"","_et_gb_content_width":"","footnotes":""},"dipi_cpt_category":[],"class_list":["post-15768076","page","type-page","status-publish","hentry"],"acf":[],"yoast_head":"<!-- This site is optimized with the Yoast SEO plugin v27.3 - https:\/\/yoast.com\/product\/yoast-seo-wordpress\/ -->\n<title>SERVICE - ADF Syst\u00e8mes<\/title>\n<meta name=\"description\" content=\"Access our after-sales service for any defect, breakdown or non-conformity encountered with one of our products.\" \/>\n<meta name=\"robots\" content=\"index, follow, max-snippet:-1, max-image-preview:large, max-video-preview:-1\" \/>\n<link rel=\"canonical\" href=\"https:\/\/adf-systemes.fr\/en\/service\/\" \/>\n<meta property=\"og:locale\" content=\"en_US\" \/>\n<meta property=\"og:type\" content=\"article\" \/>\n<meta property=\"og:title\" content=\"SERVICE - ADF Syst\u00e8mes\" \/>\n<meta property=\"og:description\" content=\"Access our after-sales service for any defect, breakdown or non-conformity encountered with one of our products.\" \/>\n<meta property=\"og:url\" content=\"https:\/\/adf-systemes.fr\/en\/service\/\" \/>\n<meta property=\"og:site_name\" content=\"ADF Syst\u00e8mes\" \/>\n<meta property=\"article:modified_time\" content=\"2026-01-15T14:26:40+00:00\" \/>\n<meta name=\"twitter:card\" content=\"summary_large_image\" \/>\n<meta name=\"twitter:label1\" content=\"Est. reading time\" \/>\n\t<meta name=\"twitter:data1\" content=\"2 minutes\" \/>\n<script type=\"application\/ld+json\" class=\"yoast-schema-graph\">{\"@context\":\"https:\\\/\\\/schema.org\",\"@graph\":[{\"@type\":\"WebPage\",\"@id\":\"https:\\\/\\\/adf-systemes.fr\\\/en\\\/service\\\/\",\"url\":\"https:\\\/\\\/adf-systemes.fr\\\/en\\\/service\\\/\",\"name\":\"SERVICE - ADF Syst\u00e8mes\",\"isPartOf\":{\"@id\":\"https:\\\/\\\/adf-systemes.fr\\\/en\\\/#website\"},\"datePublished\":\"2020-03-31T10:47:33+00:00\",\"dateModified\":\"2026-01-15T14:26:40+00:00\",\"description\":\"Access our after-sales service for any defect, breakdown or non-conformity encountered with one of our products.\",\"breadcrumb\":{\"@id\":\"https:\\\/\\\/adf-systemes.fr\\\/en\\\/service\\\/#breadcrumb\"},\"inLanguage\":\"en-US\",\"potentialAction\":[{\"@type\":\"ReadAction\",\"target\":[\"https:\\\/\\\/adf-systemes.fr\\\/en\\\/service\\\/\"]}]},{\"@type\":\"BreadcrumbList\",\"@id\":\"https:\\\/\\\/adf-systemes.fr\\\/en\\\/service\\\/#breadcrumb\",\"itemListElement\":[{\"@type\":\"ListItem\",\"position\":1,\"name\":\"Accueil\",\"item\":\"https:\\\/\\\/adf-systemes.fr\\\/en\\\/\"},{\"@type\":\"ListItem\",\"position\":2,\"name\":\"SERVICE\"}]},{\"@type\":\"WebSite\",\"@id\":\"https:\\\/\\\/adf-systemes.fr\\\/en\\\/#website\",\"url\":\"https:\\\/\\\/adf-systemes.fr\\\/en\\\/\",\"name\":\"ADF Syst\u00e8mes\",\"description\":\"Le sp\u00e9cialiste des solutions de pr\u00e9vention des risques industriels et ATEX\",\"potentialAction\":[{\"@type\":\"SearchAction\",\"target\":{\"@type\":\"EntryPoint\",\"urlTemplate\":\"https:\\\/\\\/adf-systemes.fr\\\/en\\\/?s={search_term_string}\"},\"query-input\":{\"@type\":\"PropertyValueSpecification\",\"valueRequired\":true,\"valueName\":\"search_term_string\"}}],\"inLanguage\":\"en-US\"}]}<\/script>\n<!-- \/ Yoast SEO plugin. -->","yoast_head_json":{"title":"SERVICE - ADF Syst\u00e8mes","description":"Access our after-sales service for any defect, breakdown or non-conformity encountered with one of our products.","robots":{"index":"index","follow":"follow","max-snippet":"max-snippet:-1","max-image-preview":"max-image-preview:large","max-video-preview":"max-video-preview:-1"},"canonical":"https:\/\/adf-systemes.fr\/en\/service\/","og_locale":"en_US","og_type":"article","og_title":"SERVICE - ADF Syst\u00e8mes","og_description":"Access our after-sales service for any defect, breakdown or non-conformity encountered with one of our products.","og_url":"https:\/\/adf-systemes.fr\/en\/service\/","og_site_name":"ADF Syst\u00e8mes","article_modified_time":"2026-01-15T14:26:40+00:00","twitter_card":"summary_large_image","twitter_misc":{"Est. reading time":"2 minutes"},"schema":{"@context":"https:\/\/schema.org","@graph":[{"@type":"WebPage","@id":"https:\/\/adf-systemes.fr\/en\/service\/","url":"https:\/\/adf-systemes.fr\/en\/service\/","name":"SERVICE - ADF Syst\u00e8mes","isPartOf":{"@id":"https:\/\/adf-systemes.fr\/en\/#website"},"datePublished":"2020-03-31T10:47:33+00:00","dateModified":"2026-01-15T14:26:40+00:00","description":"Access our after-sales service for any defect, breakdown or non-conformity encountered with one of our products.","breadcrumb":{"@id":"https:\/\/adf-systemes.fr\/en\/service\/#breadcrumb"},"inLanguage":"en-US","potentialAction":[{"@type":"ReadAction","target":["https:\/\/adf-systemes.fr\/en\/service\/"]}]},{"@type":"BreadcrumbList","@id":"https:\/\/adf-systemes.fr\/en\/service\/#breadcrumb","itemListElement":[{"@type":"ListItem","position":1,"name":"Accueil","item":"https:\/\/adf-systemes.fr\/en\/"},{"@type":"ListItem","position":2,"name":"SERVICE"}]},{"@type":"WebSite","@id":"https:\/\/adf-systemes.fr\/en\/#website","url":"https:\/\/adf-systemes.fr\/en\/","name":"ADF Syst\u00e8mes","description":"Le sp\u00e9cialiste des solutions de pr\u00e9vention des risques industriels et ATEX","potentialAction":[{"@type":"SearchAction","target":{"@type":"EntryPoint","urlTemplate":"https:\/\/adf-systemes.fr\/en\/?s={search_term_string}"},"query-input":{"@type":"PropertyValueSpecification","valueRequired":true,"valueName":"search_term_string"}}],"inLanguage":"en-US"}]}},"_links":{"self":[{"href":"https:\/\/adf-systemes.fr\/en\/wp-json\/wp\/v2\/pages\/15768076","targetHints":{"allow":["GET"]}}],"collection":[{"href":"https:\/\/adf-systemes.fr\/en\/wp-json\/wp\/v2\/pages"}],"about":[{"href":"https:\/\/adf-systemes.fr\/en\/wp-json\/wp\/v2\/types\/page"}],"author":[{"embeddable":true,"href":"https:\/\/adf-systemes.fr\/en\/wp-json\/wp\/v2\/users\/59"}],"replies":[{"embeddable":true,"href":"https:\/\/adf-systemes.fr\/en\/wp-json\/wp\/v2\/comments?post=15768076"}],"version-history":[{"count":2,"href":"https:\/\/adf-systemes.fr\/en\/wp-json\/wp\/v2\/pages\/15768076\/revisions"}],"predecessor-version":[{"id":15768081,"href":"https:\/\/adf-systemes.fr\/en\/wp-json\/wp\/v2\/pages\/15768076\/revisions\/15768081"}],"wp:attachment":[{"href":"https:\/\/adf-systemes.fr\/en\/wp-json\/wp\/v2\/media?parent=15768076"}],"wp:term":[{"taxonomy":"dipi_cpt_category","embeddable":true,"href":"https:\/\/adf-systemes.fr\/en\/wp-json\/wp\/v2\/dipi_cpt_category?post=15768076"}],"curies":[{"name":"wp","href":"https:\/\/api.w.org\/{rel}","templated":true}]}}